{"id":152729,"date":"2026-03-24T15:20:29","date_gmt":"2026-03-24T14:20:29","guid":{"rendered":"https:\/\/www.bohinj.si\/?page_id=152729"},"modified":"2026-03-24T15:34:03","modified_gmt":"2026-03-24T14:34:03","slug":"javni-poziv-za-zbiranje-predlogov-kandidatov-za-clana-sveta","status":"publish","type":"page","link":"https:\/\/www.bohinj.si\/en\/javni-poziv-za-zbiranje-predlogov-kandidatov-za-clana-sveta\/","title":{"rendered":"JAVNI POZIV ZA ZBIRANJE PREDLOGOV KANDIDATOV ZA \u010cLANA SVETA"},"content":{"rendered":"\t\t<div data-elementor-type=\"wp-page\" data-elementor-id=\"152729\" class=\"elementor elementor-152729\" data-elementor-post-type=\"page\">\n\t\t\t\t<div class=\"elementor-element elementor-element-dcbab1e e-dte-flex e-flex e-con-boxed e-con e-parent\" data-id=\"dcbab1e\" data-element_type=\"container\" data-settings=\"{&quot;dte_container_type&quot;:&quot;flex&quot;}\">\n\t\t\t\t\t<div class=\"e-con-inner\">\n\t\t\t\t<div class=\"elementor-element elementor-element-6ada5d9 elementor-widget elementor-widget-spacer\" data-id=\"6ada5d9\" data-element_type=\"widget\" data-widget_type=\"spacer.default\">\n\t\t\t\t\t\t\t<div class=\"elementor-spacer\">\n\t\t\t<div class=\"elementor-spacer-inner\"><\/div>\n\t\t<\/div>\n\t\t\t\t\t\t<\/div>\n\t\t\t\t\t<\/div>\n\t\t\t\t<\/div>\n\t\t<div class=\"elementor-element elementor-element-1f96ca3 e-dte-flex e-flex e-con-boxed e-con e-parent\" data-id=\"1f96ca3\" data-element_type=\"container\" data-settings=\"{&quot;dte_container_type&quot;:&quot;flex&quot;}\">\n\t\t\t\t\t<div class=\"e-con-inner\">\n\t\t\t\t<div class=\"elementor-element elementor-element-63cf009 elementor-widget elementor-widget-heading\" data-id=\"63cf009\" data-element_type=\"widget\" data-widget_type=\"heading.default\">\n\t\t\t\t\t<h2 class=\"elementor-heading-title elementor-size-default\">PODALJ\u0160ANJE - JAVNEGA POZIVA ZA ZBIRANJE PREDLOGOV KANDIDATOV ZA \u010cLANA SVETA JAVNEGA ZAVODA TURIZEM BOHINJ \u2013 ZAVOD ZA POSPE\u0160EVANJE TURIZMA, PREDSTAVNIKA TURISTI\u010cNEGA GOSPODARSTVA\n<\/h2>\t\t\t\t<\/div>\n\t\t\t\t\t<\/div>\n\t\t\t\t<\/div>\n\t\t<div class=\"elementor-element elementor-element-e4901e8 e-dte-flex e-flex e-con-boxed e-con e-parent\" data-id=\"e4901e8\" data-element_type=\"container\" data-settings=\"{&quot;dte_container_type&quot;:&quot;flex&quot;}\">\n\t\t\t\t\t<div class=\"e-con-inner\">\n\t\t\t\t<div class=\"elementor-element elementor-element-3093c89 elementor-widget elementor-widget-text-editor\" data-id=\"3093c89\" data-element_type=\"widget\" data-widget_type=\"text-editor.default\">\n\t\t\t\t\t\t\t\t\t<p><strong>Datum objave: 24. marec 2026<\/strong><\/p><p>Javni zavod Turizem Bohinj \u2013 zavod za pospe\u0161evanje turizma na podlagi petega odstavka 7. \u010dlena Odloka o ustanovitvi javnega zavoda Turizem Bohinj \u2013 zavod za pospe\u0161evanje turizma (UVB \u0161t. 3\/17 in spremembe) objavlja javni poziv za zbiranje predlogov kandidatov za enega \u010dlana Sveta javnega zavoda Turizem Bohinj \u2013 zavod za pospe\u0161evanje turizma, predstavnika turisti\u010dnega gospodarstva.<\/p><p>Javni zavod Turizem Bohinj \u2013 zavod za pospe\u0161evanje turizma javno poziva vse subjekte, ki na obmo\u010dju ob\u010dine Bohinj opravljajo turisti\u010dno dejavnost, da predlagajo kandidata za enega \u010dlana Sveta javnega zavoda Turizem Bohinj \u2013 zavod za pospe\u0161evanje turizma kot predstavnika turisti\u010dnega gospodarstva.<\/p><p>Predlogi kandidatov za enega \u010dlana Sveta javnega zavoda Turizem Bohinj \u2013 zavod za pospe\u0161evanje turizma morajo biti posredovani na elektronski naslov turizem@bohinj.si ali oddani osebno oziroma po po\u0161ti na naslov Turizem Bohinj \u2013 zavod za pospe\u0161evanje turizma, Stara Fu\u017eina 38, 4265 Bohinjsko jezero, z obveznim pripisom: \u00bbPredlog kandidata za predstavnika turisti\u010dnega gospodarstva v Svetu javnega zavoda Turizem Bohinj \u2013 zavod za pospe\u0161evanje turizma\u00ab.<\/p><p>\u00a0<\/p><p>Predlogi kandidatur morajo prispeti najkasneje do <strong>ponedeljka, 30. marca 2026, do 18.00 ure.<\/strong><\/p><p>\u00a0<\/p><p>Predlog kandidature mora biti oddan na prilo\u017eenem obrazcu (Priloga 1 k temu javnemu pozivu). Nepravilno ali nepopolno izpolnjeni obrazci se ne bodo upo\u0161tevali.<\/p><p><strong>Predlog kandidature mora vsebovati podatke o:<\/strong><\/p><ul><li>predlagatelju (ime in priimek ali naziv podjetja) ter dokazilo, da opravlja turisti\u010dno dejavnost na obmo\u010dju ob\u010dine Bohinj,<\/li><li>imenu in priimku kandidata,<\/li><li>izjavo, da se predlagani kandidat na obmo\u010dju ob\u010dine Bohinj ukvarja s turisti\u010dno dejavnostjo (npr. izpis iz poslovnega registra, prijavljeno sobodajalstvo, pogodba o zaposlitvi ipd.),<\/li><li>kratko utemeljitev predloga v zvezi z delovanjem kandidata na podro\u010dju turisti\u010dne dejavnosti na obmo\u010dju ob\u010dine Bohinj,<\/li><li>pisno izjavo kandidata, da se strinja s kandidaturo.<\/li><\/ul><p>\u00a0<\/p><p>Po preteku roka za oddajo kandidatur bo volilni odbor preveril pravo\u010dasnost, popolnost in izpolnjevanje pogojev kandidatur ter na spletni strani zavoda objavil seznam kandidatov.<\/p><p>Izbira kandidata za \u010dlana Sveta javnega zavoda Turizem Bohinj \u2013 zavod za pospe\u0161evanje turizma bo potekala z elektronskim glasovanjem med predlaganimi kandidati, ki bodo izpolnjevali navedene pogoje.<\/p><p><strong>Elektronsko glasovanje bo potekalo od 1. aprila 2026 do 7. aprila 2026 do 20.00 ure.<\/strong> Povezava do glasovanja in navodila za glasovanje bodo objavljeni na spletni strani zavoda ob objavi seznama kandidatov.<\/p><p>Volilni upravi\u010denci za izvolitev kandidata so pravne in fizi\u010dne osebe, ki na obmo\u010dju ob\u010dine Bohinj opravljajo turisti\u010dno dejavnost. Vsak subjekt turisti\u010dnega gospodarstva ima en glas.<\/p><p>Izvoljen bo kandidat, ki bo prejel najve\u010d opredeljenih glasov. Izvoljenega kandidata v Svet javnega zavoda Turizem Bohinj \u2013 zavod za pospe\u0161evanje turizma imenuje Ob\u010dinski svet Ob\u010dine Bohinj.<\/p><p>\u00a0<\/p><p>Za dodatne informacije ali pojasnila se lahko obrnete na Javni zavod Turizem Bohinj \u2013 zavod za pospe\u0161evanje turizma na elektronski naslov <a href=\"mailto:turizem@bohinj.si\">turizem@bohinj.si<\/a>.<\/p>\t\t\t\t\t\t\t\t<\/div>\n\t\t\t\t\t<\/div>\n\t\t\t\t<\/div>\n\t\t<div class=\"elementor-element elementor-element-4e20578 e-dte-flex e-flex e-con-boxed e-con e-parent\" data-id=\"4e20578\" data-element_type=\"container\" data-settings=\"{&quot;dte_container_type&quot;:&quot;flex&quot;}\">\n\t\t\t\t\t<div class=\"e-con-inner\">\n\t\t\t\t<div class=\"elementor-element elementor-element-81f774d elementor-view-default elementor-widget elementor-widget-icon\" data-id=\"81f774d\" data-element_type=\"widget\" data-widget_type=\"icon.default\">\n\t\t\t\t\t\t\t<div class=\"elementor-icon-wrapper\">\n\t\t\t<a class=\"elementor-icon\" href=\"https:\/\/www.bohinj.si\/wp-content\/uploads\/2026\/03\/JAVNI-POZIV-ZA-ZBIRANJE-PREDLOGOV-KANDIDATOV-prijavni-obrazec-3.docx\">\n\t\t\t<svg aria-hidden=\"true\" class=\"e-font-icon-svg e-fab-wpforms\" viewBox=\"0 0 448 512\" xmlns=\"http:\/\/www.w3.org\/2000\/svg\"><path d=\"M448 75.2v361.7c0 24.3-19 43.2-43.2 43.2H43.2C19.3 480 0 461.4 0 436.8V75.2C0 51.1 18.8 32 43.2 32h361.7c24 0 43.1 18.8 43.1 43.2zm-37.3 361.6V75.2c0-3-2.6-5.8-5.8-5.8h-9.3L285.3 144 224 94.1 162.8 144 52.5 69.3h-9.3c-3.2 0-5.8 2.8-5.8 5.8v361.7c0 3 2.6 5.8 5.8 5.8h361.7c3.2.1 5.8-2.7 5.8-5.8zM150.2 186v37H76.7v-37h73.5zm0 74.4v37.3H76.7v-37.3h73.5zm11.1-147.3l54-43.7H96.8l64.5 43.7zm210 72.9v37h-196v-37h196zm0 74.4v37.3h-196v-37.3h196zm-84.6-147.3l64.5-43.7H232.8l53.9 43.7zM371.3 335v37.3h-99.4V335h99.4z\"><\/path><\/svg>\t\t\t<\/a>\n\t\t<\/div>\n\t\t\t\t\t\t<\/div>\n\t\t\t\t\t<\/div>\n\t\t\t\t<\/div>\n\t\t<div class=\"elementor-element elementor-element-952fd71 e-dte-flex e-flex e-con-boxed e-con e-parent\" data-id=\"952fd71\" data-element_type=\"container\" data-settings=\"{&quot;dte_container_type&quot;:&quot;flex&quot;}\">\n\t\t\t\t\t<div class=\"e-con-inner\">\n\t\t\t\t<div class=\"elementor-element elementor-element-884308b elementor-widget elementor-widget-heading\" data-id=\"884308b\" data-element_type=\"widget\" data-widget_type=\"heading.default\">\n\t\t\t\t\t<h2 class=\"elementor-heading-title elementor-size-default\"><a href=\"https:\/\/www.bohinj.si\/wp-content\/uploads\/2026\/03\/JAVNI-POZIV-ZA-ZBIRANJE-PREDLOGOV-KANDIDATOV-prijavni-obrazec-3.docx\">PRIJAVNI OBRAZEC <\/a><\/h2>\t\t\t\t<\/div>\n\t\t\t\t\t<\/div>\n\t\t\t\t<\/div>\n\t\t<div class=\"elementor-element elementor-element-b0e6580 e-dte-flex e-flex e-con-boxed e-con e-parent\" data-id=\"b0e6580\" data-element_type=\"container\" data-settings=\"{&quot;dte_container_type&quot;:&quot;flex&quot;}\">\n\t\t\t\t\t<div class=\"e-con-inner\">\n\t\t\t\t<div class=\"elementor-element elementor-element-b3417bf elementor-widget elementor-widget-spacer\" data-id=\"b3417bf\" data-element_type=\"widget\" data-widget_type=\"spacer.default\">\n\t\t\t\t\t\t\t<div class=\"elementor-spacer\">\n\t\t\t<div class=\"elementor-spacer-inner\"><\/div>\n\t\t<\/div>\n\t\t\t\t\t\t<\/div>\n\t\t\t\t\t<\/div>\n\t\t\t\t<\/div>\n\t\t<div class=\"elementor-element elementor-element-162c464 e-dte-flex e-flex e-con-boxed e-con e-parent\" data-id=\"162c464\" data-element_type=\"container\" data-settings=\"{&quot;dte_container_type&quot;:&quot;flex&quot;}\">\n\t\t\t\t\t<div class=\"e-con-inner\">\n\t\t\t\t<div class=\"elementor-element elementor-element-6d0d6bf elementor-widget elementor-widget-heading\" data-id=\"6d0d6bf\" data-element_type=\"widget\" data-widget_type=\"heading.default\">\n\t\t\t\t\t<h2 class=\"elementor-heading-title elementor-size-default\">JAVNI POZIV ZA ZBIRANJE PREDLOGOV KANDIDATOV\nZA \u010cLANA SVETA JAVNEGA ZAVODA TURIZEM BOHINJ \u2013 ZAVOD ZA POSPE\u0160EVANJE TURIZMA, PREDSTAVNIKA TURISTI\u010cNEGA GOSPODARSTVA\n<\/h2>\t\t\t\t<\/div>\n\t\t\t\t\t<\/div>\n\t\t\t\t<\/div>\n\t\t<div class=\"elementor-element elementor-element-2e0e901 e-dte-flex e-flex e-con-boxed e-con e-parent\" data-id=\"2e0e901\" data-element_type=\"container\" data-settings=\"{&quot;dte_container_type&quot;:&quot;flex&quot;}\">\n\t\t\t\t\t<div class=\"e-con-inner\">\n\t\t\t\t<div class=\"elementor-element elementor-element-d582f17 elementor-widget elementor-widget-text-editor\" data-id=\"d582f17\" data-element_type=\"widget\" data-widget_type=\"text-editor.default\">\n\t\t\t\t\t\t\t\t\t<p><strong>Datum objave: 13. marec 2026<\/strong><\/p><p>Javni zavod Turizem Bohinj \u2013 zavod za pospe\u0161evanje turizma na podlagi petega odstavka 7. \u010dlena Odloka o ustanovitvi javnega zavoda Turizem Bohinj \u2013 zavod za pospe\u0161evanje turizma (UVB \u0161t. 3\/17 in spremembe) objavlja javni poziv za zbiranje predlogov kandidatov za enega \u010dlana Sveta javnega zavoda Turizem Bohinj \u2013 zavod za pospe\u0161evanje turizma, predstavnika turisti\u010dnega gospodarstva.<\/p><p>Javni zavod Turizem Bohinj \u2013 zavod za pospe\u0161evanje turizma javno poziva vse subjekte, ki na obmo\u010dju ob\u010dine Bohinj opravljajo turisti\u010dno dejavnost, da predlagajo kandidata za enega \u010dlana Sveta javnega zavoda Turizem Bohinj \u2013 zavod za pospe\u0161evanje turizma kot predstavnika turisti\u010dnega gospodarstva.<\/p><p>Predlogi kandidatov za enega \u010dlana Sveta javnega zavoda Turizem Bohinj \u2013 zavod za pospe\u0161evanje turizma morajo biti posredovani na elektronski naslov <strong><a href=\"mailto:turizem@bohinj.si\">turizem@bohinj.si<\/a><\/strong> ali oddani osebno oziroma po po\u0161ti na naslov Turizem Bohinj \u2013 zavod za pospe\u0161evanje turizma, Stara Fu\u017eina 38, 4265 Bohinjsko jezero,<\/p><p>boje s pripisom: \u00bbPredlog kandidata za predstavnika turisti\u010dnega gospodarstva v Svetu javnega zavoda Turizem Bohinj \u2013 zavod za pospe\u0161evanje turizma\u00ab.<\/p><p><strong>Predlogi kandidatur morajo prispeti najkasneje do ponedeljka, 23. marca 2026, do 18.00 ure.<\/strong><\/p><p>Predlog kandidature mora biti oddan na prilo\u017eenem obrazcu (Priloga 1 k temu javnemu pozivu). Nepravilno ali nepopolno izpolnjeni obrazci se ne bodo upo\u0161tevali.<\/p><p><strong>Predlog kandidature mora vsebovati podatke o:<\/strong><\/p><ul><li>predlagatelju (ime in priimek ali naziv podjetja) ter dokazilo, da opravlja turisti\u010dno dejavnost na obmo\u010dju ob\u010dine Bohinj,<\/li><li>imenu in priimku kandidata,<\/li><li>izjavo, da se predlagani kandidat na obmo\u010dju ob\u010dine Bohinj ukvarja s turisti\u010dno dejavnostjo (npr. izpis iz poslovnega registra, prijavljeno sobodajalstvo, pogodba o zaposlitvi ipd.),<\/li><li>kratko utemeljitev predloga v zvezi z delovanjem kandidata na podro\u010dju turisti\u010dne dejavnosti na obmo\u010dju ob\u010dine Bohinj,<\/li><li>pisno izjavo kandidata, da se strinja s kandidaturo.<br \/><br \/><\/li><\/ul><p>Po preteku roka za oddajo kandidatur bo volilni odbor preveril pravo\u010dasnost, popolnost in izpolnjevanje pogojev kandidatur ter na spletni strani zavoda objavil seznam kandidatov.<\/p><p>Izbira kandidata za \u010dlana Sveta javnega zavoda Turizem Bohinj \u2013 zavod za pospe\u0161evanje turizma bo potekala z elektronskim glasovanjem med predlaganimi kandidati, ki bodo izpolnjevali navedene pogoje.<\/p><p><strong>Elektronsko glasovanje bo potekalo od 25. marca 2026 do 31. marca 2026 do 20.00 ure.<\/strong> Povezava do glasovanja in navodila za glasovanje bodo objavljeni na spletni strani zavoda ob objavi seznama kandidatov.<\/p><p>Volilni upravi\u010denci za izvolitev kandidata so pravne in fizi\u010dne osebe, ki na obmo\u010dju ob\u010dine Bohinj opravljajo turisti\u010dno dejavnost. Vsak subjekt turisti\u010dnega gospodarstva ima en glas.<\/p><p>Izvoljen bo kandidat, ki bo prejel najve\u010d opredeljenih glasov. Izvoljenega kandidata v Svet javnega zavoda Turizem Bohinj \u2013 zavod za pospe\u0161evanje turizma imenuje Ob\u010dinski svet Ob\u010dine Bohinj.<\/p><p>\u00a0<\/p><p>Za dodatne informacije ali pojasnila se lahko obrnete na Javni zavod Turizem Bohinj \u2013 zavod za pospe\u0161evanje turizma na elektronski naslov <strong><a href=\"mailto:turizem@bohinj.si\">turizem@bohinj.si<\/a><\/strong><\/p>\t\t\t\t\t\t\t\t<\/div>\n\t\t\t\t\t<\/div>\n\t\t\t\t<\/div>\n\t\t<div class=\"elementor-element elementor-element-2ff25d9 e-dte-flex e-flex e-con-boxed e-con e-parent\" data-id=\"2ff25d9\" data-element_type=\"container\" data-settings=\"{&quot;dte_container_type&quot;:&quot;flex&quot;}\">\n\t\t\t\t\t<div class=\"e-con-inner\">\n\t\t\t\t<div class=\"elementor-element elementor-element-1138b27 elementor-view-default elementor-widget elementor-widget-icon\" data-id=\"1138b27\" data-element_type=\"widget\" data-widget_type=\"icon.default\">\n\t\t\t\t\t\t\t<div class=\"elementor-icon-wrapper\">\n\t\t\t<a class=\"elementor-icon\" href=\"https:\/\/www.bohinj.si\/wp-content\/uploads\/2026\/03\/JAVNI-POZIV-ZA-ZBIRANJE-PREDLOGOV-KANDIDATOV-prijavni-obrazec-3.docx\">\n\t\t\t<svg aria-hidden=\"true\" class=\"e-font-icon-svg e-fab-wpforms\" viewBox=\"0 0 448 512\" xmlns=\"http:\/\/www.w3.org\/2000\/svg\"><path d=\"M448 75.2v361.7c0 24.3-19 43.2-43.2 43.2H43.2C19.3 480 0 461.4 0 436.8V75.2C0 51.1 18.8 32 43.2 32h361.7c24 0 43.1 18.8 43.1 43.2zm-37.3 361.6V75.2c0-3-2.6-5.8-5.8-5.8h-9.3L285.3 144 224 94.1 162.8 144 52.5 69.3h-9.3c-3.2 0-5.8 2.8-5.8 5.8v361.7c0 3 2.6 5.8 5.8 5.8h361.7c3.2.1 5.8-2.7 5.8-5.8zM150.2 186v37H76.7v-37h73.5zm0 74.4v37.3H76.7v-37.3h73.5zm11.1-147.3l54-43.7H96.8l64.5 43.7zm210 72.9v37h-196v-37h196zm0 74.4v37.3h-196v-37.3h196zm-84.6-147.3l64.5-43.7H232.8l53.9 43.7zM371.3 335v37.3h-99.4V335h99.4z\"><\/path><\/svg>\t\t\t<\/a>\n\t\t<\/div>\n\t\t\t\t\t\t<\/div>\n\t\t\t\t\t<\/div>\n\t\t\t\t<\/div>\n\t\t<div class=\"elementor-element elementor-element-aad821d e-dte-flex e-flex e-con-boxed e-con e-parent\" data-id=\"aad821d\" data-element_type=\"container\" data-settings=\"{&quot;dte_container_type&quot;:&quot;flex&quot;}\">\n\t\t\t\t\t<div class=\"e-con-inner\">\n\t\t\t\t<div class=\"elementor-element elementor-element-8d0bb53 elementor-widget elementor-widget-heading\" data-id=\"8d0bb53\" data-element_type=\"widget\" data-widget_type=\"heading.default\">\n\t\t\t\t\t<h2 class=\"elementor-heading-title elementor-size-default\"><a href=\"https:\/\/www.bohinj.si\/wp-content\/uploads\/2026\/03\/JAVNI-POZIV-ZA-ZBIRANJE-PREDLOGOV-KANDIDATOV-prijavni-obrazec-3.docx\">PRIJAVNI OBRAZEC<\/a><\/h2>\t\t\t\t<\/div>\n\t\t\t\t\t<\/div>\n\t\t\t\t<\/div>\n\t\t<div class=\"elementor-element elementor-element-5a43a98 e-dte-flex e-flex e-con-boxed e-con e-parent\" data-id=\"5a43a98\" data-element_type=\"container\" data-settings=\"{&quot;dte_container_type&quot;:&quot;flex&quot;}\">\n\t\t\t\t\t<div class=\"e-con-inner\">\n\t\t\t\t<div class=\"elementor-element elementor-element-4e272c5 elementor-widget elementor-widget-spacer\" data-id=\"4e272c5\" data-element_type=\"widget\" data-widget_type=\"spacer.default\">\n\t\t\t\t\t\t\t<div class=\"elementor-spacer\">\n\t\t\t<div class=\"elementor-spacer-inner\"><\/div>\n\t\t<\/div>\n\t\t\t\t\t\t<\/div>\n\t\t\t\t\t<\/div>\n\t\t\t\t<\/div>\n\t\t\t\t<\/div>\n\t\t","protected":false},"excerpt":{"rendered":"<p>PODALJ\u0160ANJE &#8211; JAVNEGA POZIVA ZA ZBIRANJE PREDLOGOV KANDIDATOV ZA \u010cLANA SVETA JAVNEGA ZAVODA TURIZEM BOHINJ \u2013 ZAVOD ZA POSPE\u0160EVANJE TURIZMA, PREDSTAVNIKA TURISTI\u010cNEGA GOSPODARSTVA Datum objave: 24. marec 2026 Javni zavod Turizem Bohinj \u2013 zavod za pospe\u0161evanje turizma na podlagi petega odstavka 7. \u010dlena Odloka o ustanovitvi javnega zavoda Turizem Bohinj \u2013 zavod za pospe\u0161evanje turizma [&hellip;]<\/p>\n","protected":false},"author":6,"featured_media":0,"parent":0,"menu_order":0,"comment_status":"closed","ping_status":"closed","template":"","meta":{"_acf_changed":false,"footnotes":""},"class_list":["post-152729","page","type-page","status-publish","hentry"],"acf":[],"yoast_head":"<!-- This site is optimized with the Yoast SEO plugin v27.5 - https:\/\/yoast.com\/product\/yoast-seo-wordpress\/ -->\n<title>JAVNI POZIV ZA ZBIRANJE PREDLOGOV KANDIDATOV ZA \u010cLANA SVETA - Bohinj - uradna stran destinacije - TNP, Julijske Alpe, Bohinjsko jezero<\/title>\n<meta name=\"robots\" content=\"index, follow, max-snippet:-1, max-image-preview:large, max-video-preview:-1\" \/>\n<link rel=\"canonical\" href=\"https:\/\/www.bohinj.si\/en\/javni-poziv-za-zbiranje-predlogov-kandidatov-za-clana-sveta\/\" \/>\n<meta property=\"og:locale\" content=\"en_US\" \/>\n<meta property=\"og:type\" content=\"article\" \/>\n<meta property=\"og:title\" content=\"JAVNI POZIV ZA ZBIRANJE PREDLOGOV KANDIDATOV ZA \u010cLANA SVETA - Bohinj - uradna stran destinacije - TNP, Julijske Alpe, Bohinjsko jezero\" \/>\n<meta property=\"og:description\" content=\"PODALJ\u0160ANJE &#8211; JAVNEGA POZIVA ZA ZBIRANJE PREDLOGOV KANDIDATOV ZA \u010cLANA SVETA JAVNEGA ZAVODA TURIZEM BOHINJ \u2013 ZAVOD ZA POSPE\u0160EVANJE TURIZMA, PREDSTAVNIKA TURISTI\u010cNEGA GOSPODARSTVA Datum objave: 24. marec 2026 Javni zavod Turizem Bohinj \u2013 zavod za pospe\u0161evanje turizma na podlagi petega odstavka 7. \u010dlena Odloka o ustanovitvi javnega zavoda Turizem Bohinj \u2013 zavod za pospe\u0161evanje turizma [&hellip;]\" \/>\n<meta property=\"og:url\" content=\"https:\/\/www.bohinj.si\/en\/javni-poziv-za-zbiranje-predlogov-kandidatov-za-clana-sveta\/\" \/>\n<meta property=\"og:site_name\" content=\"Bohinj - uradna stran destinacije - TNP, Julijske Alpe, Bohinjsko jezero\" \/>\n<meta property=\"article:modified_time\" content=\"2026-03-24T14:34:03+00:00\" \/>\n<meta name=\"twitter:card\" content=\"summary_large_image\" \/>\n<meta name=\"twitter:label1\" content=\"Est. reading time\" \/>\n\t<meta name=\"twitter:data1\" content=\"5 minutes\" \/>\n<script type=\"application\/ld+json\" class=\"yoast-schema-graph\">{\"@context\":\"https:\\\/\\\/schema.org\",\"@graph\":[{\"@type\":\"WebPage\",\"@id\":\"https:\\\/\\\/www.bohinj.si\\\/en\\\/javni-poziv-za-zbiranje-predlogov-kandidatov-za-clana-sveta\\\/\",\"url\":\"https:\\\/\\\/www.bohinj.si\\\/en\\\/javni-poziv-za-zbiranje-predlogov-kandidatov-za-clana-sveta\\\/\",\"name\":\"JAVNI POZIV ZA ZBIRANJE PREDLOGOV KANDIDATOV ZA \u010cLANA SVETA - Bohinj - uradna stran destinacije - TNP, Julijske Alpe, Bohinjsko jezero\",\"isPartOf\":{\"@id\":\"https:\\\/\\\/www.bohinj.si\\\/en\\\/#website\"},\"datePublished\":\"2026-03-24T14:20:29+00:00\",\"dateModified\":\"2026-03-24T14:34:03+00:00\",\"breadcrumb\":{\"@id\":\"https:\\\/\\\/www.bohinj.si\\\/en\\\/javni-poziv-za-zbiranje-predlogov-kandidatov-za-clana-sveta\\\/#breadcrumb\"},\"inLanguage\":\"en-US\",\"potentialAction\":[{\"@type\":\"ReadAction\",\"target\":[\"https:\\\/\\\/www.bohinj.si\\\/en\\\/javni-poziv-za-zbiranje-predlogov-kandidatov-za-clana-sveta\\\/\"]}]},{\"@type\":\"BreadcrumbList\",\"@id\":\"https:\\\/\\\/www.bohinj.si\\\/en\\\/javni-poziv-za-zbiranje-predlogov-kandidatov-za-clana-sveta\\\/#breadcrumb\",\"itemListElement\":[{\"@type\":\"ListItem\",\"position\":1,\"name\":\"Domov\",\"item\":\"https:\\\/\\\/www.bohinj.si\\\/en\\\/bohinj-home\\\/\"},{\"@type\":\"ListItem\",\"position\":2,\"name\":\"JAVNI POZIV ZA ZBIRANJE PREDLOGOV KANDIDATOV ZA \u010cLANA SVETA\"}]},{\"@type\":\"WebSite\",\"@id\":\"https:\\\/\\\/www.bohinj.si\\\/en\\\/#website\",\"url\":\"https:\\\/\\\/www.bohinj.si\\\/en\\\/\",\"name\":\"Bohinj - uradna stran destinacije - TNP, Julijske Alpe, Bohinjsko jezero\",\"description\":\"Bohinj je zelena oaza v osr\u010dju Triglavskega narodnega parka. Idealno izhodi\u0161\u010de za pohodni\u0161tvo, kolesarjenje, ribolov, smu\u010danje, tek na smu\u010deh ...\",\"publisher\":{\"@id\":\"https:\\\/\\\/www.bohinj.si\\\/en\\\/#organization\"},\"potentialAction\":[{\"@type\":\"SearchAction\",\"target\":{\"@type\":\"EntryPoint\",\"urlTemplate\":\"https:\\\/\\\/www.bohinj.si\\\/en\\\/?s={search_term_string}\"},\"query-input\":{\"@type\":\"PropertyValueSpecification\",\"valueRequired\":true,\"valueName\":\"search_term_string\"}}],\"inLanguage\":\"en-US\"},{\"@type\":\"Organization\",\"@id\":\"https:\\\/\\\/www.bohinj.si\\\/en\\\/#organization\",\"name\":\"Bohinj - uradna stran destinacije - TNP, Julijske Alpe, Bohinjsko jezero\",\"url\":\"https:\\\/\\\/www.bohinj.si\\\/en\\\/\",\"logo\":{\"@type\":\"ImageObject\",\"inLanguage\":\"en-US\",\"@id\":\"https:\\\/\\\/www.bohinj.si\\\/en\\\/#\\\/schema\\\/logo\\\/image\\\/\",\"url\":\"https:\\\/\\\/www.bohinj.si\\\/wp-content\\\/uploads\\\/2021\\\/04\\\/bohinj_head_logo_slo.png\",\"contentUrl\":\"https:\\\/\\\/www.bohinj.si\\\/wp-content\\\/uploads\\\/2021\\\/04\\\/bohinj_head_logo_slo.png\",\"width\":295,\"height\":56,\"caption\":\"Bohinj - uradna stran destinacije - TNP, Julijske Alpe, Bohinjsko jezero\"},\"image\":{\"@id\":\"https:\\\/\\\/www.bohinj.si\\\/en\\\/#\\\/schema\\\/logo\\\/image\\\/\"}}]}<\/script>\n<!-- \/ Yoast SEO plugin. -->","yoast_head_json":{"title":"JAVNI POZIV ZA ZBIRANJE PREDLOGOV KANDIDATOV ZA \u010cLANA SVETA - Bohinj - uradna stran destinacije - TNP, Julijske Alpe, Bohinjsko jezero","robots":{"index":"index","follow":"follow","max-snippet":"max-snippet:-1","max-image-preview":"max-image-preview:large","max-video-preview":"max-video-preview:-1"},"canonical":"https:\/\/www.bohinj.si\/en\/javni-poziv-za-zbiranje-predlogov-kandidatov-za-clana-sveta\/","og_locale":"en_US","og_type":"article","og_title":"JAVNI POZIV ZA ZBIRANJE PREDLOGOV KANDIDATOV ZA \u010cLANA SVETA - Bohinj - uradna stran destinacije - TNP, Julijske Alpe, Bohinjsko jezero","og_description":"PODALJ\u0160ANJE &#8211; JAVNEGA POZIVA ZA ZBIRANJE PREDLOGOV KANDIDATOV ZA \u010cLANA SVETA JAVNEGA ZAVODA TURIZEM BOHINJ \u2013 ZAVOD ZA POSPE\u0160EVANJE TURIZMA, PREDSTAVNIKA TURISTI\u010cNEGA GOSPODARSTVA Datum objave: 24. marec 2026 Javni zavod Turizem Bohinj \u2013 zavod za pospe\u0161evanje turizma na podlagi petega odstavka 7. \u010dlena Odloka o ustanovitvi javnega zavoda Turizem Bohinj \u2013 zavod za pospe\u0161evanje turizma [&hellip;]","og_url":"https:\/\/www.bohinj.si\/en\/javni-poziv-za-zbiranje-predlogov-kandidatov-za-clana-sveta\/","og_site_name":"Bohinj - uradna stran destinacije - TNP, Julijske Alpe, Bohinjsko jezero","article_modified_time":"2026-03-24T14:34:03+00:00","twitter_card":"summary_large_image","twitter_misc":{"Est. reading time":"5 minutes"},"schema":{"@context":"https:\/\/schema.org","@graph":[{"@type":"WebPage","@id":"https:\/\/www.bohinj.si\/en\/javni-poziv-za-zbiranje-predlogov-kandidatov-za-clana-sveta\/","url":"https:\/\/www.bohinj.si\/en\/javni-poziv-za-zbiranje-predlogov-kandidatov-za-clana-sveta\/","name":"JAVNI POZIV ZA ZBIRANJE PREDLOGOV KANDIDATOV ZA \u010cLANA SVETA - Bohinj - uradna stran destinacije - TNP, Julijske Alpe, Bohinjsko jezero","isPartOf":{"@id":"https:\/\/www.bohinj.si\/en\/#website"},"datePublished":"2026-03-24T14:20:29+00:00","dateModified":"2026-03-24T14:34:03+00:00","breadcrumb":{"@id":"https:\/\/www.bohinj.si\/en\/javni-poziv-za-zbiranje-predlogov-kandidatov-za-clana-sveta\/#breadcrumb"},"inLanguage":"en-US","potentialAction":[{"@type":"ReadAction","target":["https:\/\/www.bohinj.si\/en\/javni-poziv-za-zbiranje-predlogov-kandidatov-za-clana-sveta\/"]}]},{"@type":"BreadcrumbList","@id":"https:\/\/www.bohinj.si\/en\/javni-poziv-za-zbiranje-predlogov-kandidatov-za-clana-sveta\/#breadcrumb","itemListElement":[{"@type":"ListItem","position":1,"name":"Domov","item":"https:\/\/www.bohinj.si\/en\/bohinj-home\/"},{"@type":"ListItem","position":2,"name":"JAVNI POZIV ZA ZBIRANJE PREDLOGOV KANDIDATOV ZA \u010cLANA SVETA"}]},{"@type":"WebSite","@id":"https:\/\/www.bohinj.si\/en\/#website","url":"https:\/\/www.bohinj.si\/en\/","name":"Bohinj - uradna stran destinacije - TNP, Julijske Alpe, Bohinjsko jezero","description":"Bohinj je zelena oaza v osr\u010dju Triglavskega narodnega parka. Idealno izhodi\u0161\u010de za pohodni\u0161tvo, kolesarjenje, ribolov, smu\u010danje, tek na smu\u010deh ...","publisher":{"@id":"https:\/\/www.bohinj.si\/en\/#organization"},"potentialAction":[{"@type":"SearchAction","target":{"@type":"EntryPoint","urlTemplate":"https:\/\/www.bohinj.si\/en\/?s={search_term_string}"},"query-input":{"@type":"PropertyValueSpecification","valueRequired":true,"valueName":"search_term_string"}}],"inLanguage":"en-US"},{"@type":"Organization","@id":"https:\/\/www.bohinj.si\/en\/#organization","name":"Bohinj - uradna stran destinacije - TNP, Julijske Alpe, Bohinjsko jezero","url":"https:\/\/www.bohinj.si\/en\/","logo":{"@type":"ImageObject","inLanguage":"en-US","@id":"https:\/\/www.bohinj.si\/en\/#\/schema\/logo\/image\/","url":"https:\/\/www.bohinj.si\/wp-content\/uploads\/2021\/04\/bohinj_head_logo_slo.png","contentUrl":"https:\/\/www.bohinj.si\/wp-content\/uploads\/2021\/04\/bohinj_head_logo_slo.png","width":295,"height":56,"caption":"Bohinj - uradna stran destinacije - TNP, Julijske Alpe, Bohinjsko jezero"},"image":{"@id":"https:\/\/www.bohinj.si\/en\/#\/schema\/logo\/image\/"}}]}},"_links":{"self":[{"href":"https:\/\/www.bohinj.si\/en\/wp-json\/wp\/v2\/pages\/152729","targetHints":{"allow":["GET"]}}],"collection":[{"href":"https:\/\/www.bohinj.si\/en\/wp-json\/wp\/v2\/pages"}],"about":[{"href":"https:\/\/www.bohinj.si\/en\/wp-json\/wp\/v2\/types\/page"}],"author":[{"embeddable":true,"href":"https:\/\/www.bohinj.si\/en\/wp-json\/wp\/v2\/users\/6"}],"replies":[{"embeddable":true,"href":"https:\/\/www.bohinj.si\/en\/wp-json\/wp\/v2\/comments?post=152729"}],"version-history":[{"count":12,"href":"https:\/\/www.bohinj.si\/en\/wp-json\/wp\/v2\/pages\/152729\/revisions"}],"predecessor-version":[{"id":152750,"href":"https:\/\/www.bohinj.si\/en\/wp-json\/wp\/v2\/pages\/152729\/revisions\/152750"}],"wp:attachment":[{"href":"https:\/\/www.bohinj.si\/en\/wp-json\/wp\/v2\/media?parent=152729"}],"curies":[{"name":"wp","href":"https:\/\/api.w.org\/{rel}","templated":true}]}}