{"id":52482,"date":"2022-01-19T12:28:44","date_gmt":"2022-01-19T11:28:44","guid":{"rendered":"https:\/\/www.bohinj.si\/events\/"},"modified":"2026-04-17T18:30:19","modified_gmt":"2026-04-17T16:30:19","slug":"events","status":"publish","type":"page","link":"https:\/\/www.bohinj.si\/en\/events\/","title":{"rendered":"Events"},"content":{"rendered":"\t\t<div data-elementor-type=\"wp-page\" data-elementor-id=\"52482\" class=\"elementor elementor-52482 elementor-49648\" data-elementor-post-type=\"page\">\n\t\t\t\t<div class=\"elementor-element elementor-element-3e9f497 e-flex e-con-boxed e-con e-parent\" data-id=\"3e9f497\" data-element_type=\"container\" data-e-type=\"container\">\n\t\t\t\t\t<div class=\"e-con-inner\">\n\t\t<div class=\"elementor-element elementor-element-c8c8165 e-con-full e-flex e-con e-child\" data-id=\"c8c8165\" data-element_type=\"container\" data-e-type=\"container\">\n\t\t\t\t<div class=\"elementor-element elementor-element-4c24cb7 elementor-widget elementor-widget-heading\" data-id=\"4c24cb7\" data-element_type=\"widget\" data-e-type=\"widget\" data-widget_type=\"heading.default\">\n\t\t\t\t\t<h1 class=\"elementor-heading-title elementor-size-default\">Calendar of events in Bohinj<\/h1>\t\t\t\t<\/div>\n\t\t\t\t<div class=\"elementor-element elementor-element-580bf76 elementor-widget elementor-widget-text-editor\" data-id=\"580bf76\" data-element_type=\"widget\" data-e-type=\"widget\" data-widget_type=\"text-editor.default\">\n\t\t\t\t\t\t\t\t\t<p>Bohinj can be enjoyed in all seasons and in all weathers. We will welcome you with open arms \u2013 in our own way, to make you feel special. But our priority will always be to preserve the Alpine idyll. <\/p>\t\t\t\t\t\t\t\t<\/div>\n\t\t\t\t<\/div>\n\t\t\t\t\t<\/div>\n\t\t\t\t<\/div>\n\t\t<!-- dce invisible element 022b1f9 --><div class=\"elementor-element elementor-element-2ff7cca e-flex e-con-boxed e-con e-parent\" data-id=\"2ff7cca\" data-element_type=\"container\" data-e-type=\"container\">\n\t\t\t\t\t<div class=\"e-con-inner\">\n\t\t\t\t<div class=\"elementor-element elementor-element-667eda5 elementor-widget elementor-widget-html\" data-id=\"667eda5\" data-element_type=\"widget\" data-e-type=\"widget\" data-widget_type=\"html.default\">\n\t\t\t\t\t<script\n  async\n  src=\"https:\/\/embed.gams.live\/embed.js\/69d6cdf7f4136b63c69b594c?lang=sl\"\n><\/script>\t\t\t\t<\/div>\n\t\t\t\t\t<\/div>\n\t\t\t\t<\/div>\n\t\t\t\t<\/div>\n\t\t","protected":false},"excerpt":{"rendered":"<p>Check out the wide range of events for all ages in Bohinj. Bohinj hosts many sporting, traditional and cultural events throughout the year. <\/p>\n","protected":false},"author":7,"featured_media":50563,"parent":0,"menu_order":0,"comment_status":"closed","ping_status":"closed","template":"","meta":{"_acf_changed":false,"_price":"","_stock":"","_tribe_ticket_header":"","_tribe_default_ticket_provider":"","_tribe_ticket_capacity":"0","_ticket_start_date":"","_ticket_end_date":"","_tribe_ticket_show_description":"","_tribe_ticket_show_not_going":false,"_tribe_ticket_use_global_stock":"","_tribe_ticket_global_stock_level":"","_global_stock_mode":"","_global_stock_cap":"","_tribe_rsvp_for_event":"","_tribe_ticket_going_count":"","_tribe_ticket_not_going_count":"","_tribe_tickets_list":"[]","_tribe_ticket_has_attendee_info_fields":false,"footnotes":""},"class_list":["post-52482","page","type-page","status-publish","has-post-thumbnail","hentry"],"acf":[],"yoast_head":"<!-- This site is optimized with the Yoast SEO plugin v27.3 - https:\/\/yoast.com\/product\/yoast-seo-wordpress\/ -->\n<title>Events - Bohinj - uradna stran destinacije - TNP, Julijske Alpe, Bohinjsko jezero<\/title>\n<meta name=\"description\" content=\"Check out the wide range of events for all ages in Bohinj. Sports, traditional and cultural events throughout the year.\" \/>\n<meta name=\"robots\" content=\"index, follow, max-snippet:-1, max-image-preview:large, max-video-preview:-1\" \/>\n<link rel=\"canonical\" href=\"https:\/\/www.bohinj.si\/en\/events\/\" \/>\n<meta property=\"og:locale\" content=\"en_US\" \/>\n<meta property=\"og:type\" content=\"article\" \/>\n<meta property=\"og:title\" content=\"Events - Bohinj - uradna stran destinacije - TNP, Julijske Alpe, Bohinjsko jezero\" \/>\n<meta property=\"og:description\" content=\"Check out the wide range of events for all ages in Bohinj. Sports, traditional and cultural events throughout the year.\" \/>\n<meta property=\"og:url\" content=\"https:\/\/www.bohinj.si\/en\/events\/\" \/>\n<meta property=\"og:site_name\" content=\"Bohinj - uradna stran destinacije - TNP, Julijske Alpe, Bohinjsko jezero\" \/>\n<meta property=\"article:modified_time\" content=\"2026-04-17T16:30:19+00:00\" \/>\n<meta property=\"og:image\" content=\"https:\/\/www.bohinj.si\/wp-content\/uploads\/2022\/01\/mfac2017-trznica-na-veglju-05.jpg\" \/>\n\t<meta property=\"og:image:width\" content=\"1920\" \/>\n\t<meta property=\"og:image:height\" content=\"1280\" \/>\n\t<meta property=\"og:image:type\" content=\"image\/jpeg\" \/>\n<meta name=\"twitter:card\" content=\"summary_large_image\" \/>\n<meta name=\"twitter:label1\" content=\"Est. reading time\" \/>\n\t<meta name=\"twitter:data1\" content=\"10 minutes\" \/>\n<script type=\"application\/ld+json\" class=\"yoast-schema-graph\">{\"@context\":\"https:\\\/\\\/schema.org\",\"@graph\":[{\"@type\":\"WebPage\",\"@id\":\"https:\\\/\\\/www.bohinj.si\\\/en\\\/events\\\/\",\"url\":\"https:\\\/\\\/www.bohinj.si\\\/en\\\/events\\\/\",\"name\":\"Events - Bohinj - uradna stran destinacije - TNP, Julijske Alpe, Bohinjsko jezero\",\"isPartOf\":{\"@id\":\"https:\\\/\\\/www.bohinj.si\\\/en\\\/#website\"},\"primaryImageOfPage\":{\"@id\":\"https:\\\/\\\/www.bohinj.si\\\/en\\\/events\\\/#primaryimage\"},\"image\":{\"@id\":\"https:\\\/\\\/www.bohinj.si\\\/en\\\/events\\\/#primaryimage\"},\"thumbnailUrl\":\"https:\\\/\\\/www.bohinj.si\\\/wp-content\\\/uploads\\\/2022\\\/01\\\/mfac2017-trznica-na-veglju-05.jpg\",\"datePublished\":\"2022-01-19T11:28:44+00:00\",\"dateModified\":\"2026-04-17T16:30:19+00:00\",\"description\":\"Check out the wide range of events for all ages in Bohinj. Sports, traditional and cultural events throughout the year.\",\"breadcrumb\":{\"@id\":\"https:\\\/\\\/www.bohinj.si\\\/en\\\/events\\\/#breadcrumb\"},\"inLanguage\":\"en-US\",\"potentialAction\":[{\"@type\":\"ReadAction\",\"target\":[\"https:\\\/\\\/www.bohinj.si\\\/en\\\/events\\\/\"]}]},{\"@type\":\"ImageObject\",\"inLanguage\":\"en-US\",\"@id\":\"https:\\\/\\\/www.bohinj.si\\\/en\\\/events\\\/#primaryimage\",\"url\":\"https:\\\/\\\/www.bohinj.si\\\/wp-content\\\/uploads\\\/2022\\\/01\\\/mfac2017-trznica-na-veglju-05.jpg\",\"contentUrl\":\"https:\\\/\\\/www.bohinj.si\\\/wp-content\\\/uploads\\\/2022\\\/01\\\/mfac2017-trznica-na-veglju-05.jpg\",\"width\":1920,\"height\":1280},{\"@type\":\"BreadcrumbList\",\"@id\":\"https:\\\/\\\/www.bohinj.si\\\/en\\\/events\\\/#breadcrumb\",\"itemListElement\":[{\"@type\":\"ListItem\",\"position\":1,\"name\":\"Domov\",\"item\":\"https:\\\/\\\/www.bohinj.si\\\/en\\\/\"},{\"@type\":\"ListItem\",\"position\":2,\"name\":\"Events\"}]},{\"@type\":\"WebSite\",\"@id\":\"https:\\\/\\\/www.bohinj.si\\\/en\\\/#website\",\"url\":\"https:\\\/\\\/www.bohinj.si\\\/en\\\/\",\"name\":\"Bohinj - uradna stran destinacije - TNP, Julijske Alpe, Bohinjsko jezero\",\"description\":\"Bohinj je zelena oaza v osr\u010dju Triglavskega narodnega parka. Idealno izhodi\u0161\u010de za pohodni\u0161tvo, kolesarjenje, ribolov, smu\u010danje, tek na smu\u010deh ...\",\"publisher\":{\"@id\":\"https:\\\/\\\/www.bohinj.si\\\/en\\\/#organization\"},\"potentialAction\":[{\"@type\":\"SearchAction\",\"target\":{\"@type\":\"EntryPoint\",\"urlTemplate\":\"https:\\\/\\\/www.bohinj.si\\\/en\\\/?s={search_term_string}\"},\"query-input\":{\"@type\":\"PropertyValueSpecification\",\"valueRequired\":true,\"valueName\":\"search_term_string\"}}],\"inLanguage\":\"en-US\"},{\"@type\":\"Organization\",\"@id\":\"https:\\\/\\\/www.bohinj.si\\\/en\\\/#organization\",\"name\":\"Bohinj - uradna stran destinacije - TNP, Julijske Alpe, Bohinjsko jezero\",\"url\":\"https:\\\/\\\/www.bohinj.si\\\/en\\\/\",\"logo\":{\"@type\":\"ImageObject\",\"inLanguage\":\"en-US\",\"@id\":\"https:\\\/\\\/www.bohinj.si\\\/en\\\/#\\\/schema\\\/logo\\\/image\\\/\",\"url\":\"https:\\\/\\\/www.bohinj.si\\\/wp-content\\\/uploads\\\/2021\\\/04\\\/bohinj_head_logo_slo.png\",\"contentUrl\":\"https:\\\/\\\/www.bohinj.si\\\/wp-content\\\/uploads\\\/2021\\\/04\\\/bohinj_head_logo_slo.png\",\"width\":295,\"height\":56,\"caption\":\"Bohinj - uradna stran destinacije - TNP, Julijske Alpe, Bohinjsko jezero\"},\"image\":{\"@id\":\"https:\\\/\\\/www.bohinj.si\\\/en\\\/#\\\/schema\\\/logo\\\/image\\\/\"}}]}<\/script>\n<!-- \/ Yoast SEO plugin. -->","yoast_head_json":{"title":"Events - Bohinj - uradna stran destinacije - TNP, Julijske Alpe, Bohinjsko jezero","description":"Check out the wide range of events for all ages in Bohinj. Sports, traditional and cultural events throughout the year.","robots":{"index":"index","follow":"follow","max-snippet":"max-snippet:-1","max-image-preview":"max-image-preview:large","max-video-preview":"max-video-preview:-1"},"canonical":"https:\/\/www.bohinj.si\/en\/events\/","og_locale":"en_US","og_type":"article","og_title":"Events - Bohinj - uradna stran destinacije - TNP, Julijske Alpe, Bohinjsko jezero","og_description":"Check out the wide range of events for all ages in Bohinj. Sports, traditional and cultural events throughout the year.","og_url":"https:\/\/www.bohinj.si\/en\/events\/","og_site_name":"Bohinj - uradna stran destinacije - TNP, Julijske Alpe, Bohinjsko jezero","article_modified_time":"2026-04-17T16:30:19+00:00","og_image":[{"width":1920,"height":1280,"url":"https:\/\/www.bohinj.si\/wp-content\/uploads\/2022\/01\/mfac2017-trznica-na-veglju-05.jpg","type":"image\/jpeg"}],"twitter_card":"summary_large_image","twitter_misc":{"Est. reading time":"10 minutes"},"schema":{"@context":"https:\/\/schema.org","@graph":[{"@type":"WebPage","@id":"https:\/\/www.bohinj.si\/en\/events\/","url":"https:\/\/www.bohinj.si\/en\/events\/","name":"Events - Bohinj - uradna stran destinacije - TNP, Julijske Alpe, Bohinjsko jezero","isPartOf":{"@id":"https:\/\/www.bohinj.si\/en\/#website"},"primaryImageOfPage":{"@id":"https:\/\/www.bohinj.si\/en\/events\/#primaryimage"},"image":{"@id":"https:\/\/www.bohinj.si\/en\/events\/#primaryimage"},"thumbnailUrl":"https:\/\/www.bohinj.si\/wp-content\/uploads\/2022\/01\/mfac2017-trznica-na-veglju-05.jpg","datePublished":"2022-01-19T11:28:44+00:00","dateModified":"2026-04-17T16:30:19+00:00","description":"Check out the wide range of events for all ages in Bohinj. Sports, traditional and cultural events throughout the year.","breadcrumb":{"@id":"https:\/\/www.bohinj.si\/en\/events\/#breadcrumb"},"inLanguage":"en-US","potentialAction":[{"@type":"ReadAction","target":["https:\/\/www.bohinj.si\/en\/events\/"]}]},{"@type":"ImageObject","inLanguage":"en-US","@id":"https:\/\/www.bohinj.si\/en\/events\/#primaryimage","url":"https:\/\/www.bohinj.si\/wp-content\/uploads\/2022\/01\/mfac2017-trznica-na-veglju-05.jpg","contentUrl":"https:\/\/www.bohinj.si\/wp-content\/uploads\/2022\/01\/mfac2017-trznica-na-veglju-05.jpg","width":1920,"height":1280},{"@type":"BreadcrumbList","@id":"https:\/\/www.bohinj.si\/en\/events\/#breadcrumb","itemListElement":[{"@type":"ListItem","position":1,"name":"Domov","item":"https:\/\/www.bohinj.si\/en\/"},{"@type":"ListItem","position":2,"name":"Events"}]},{"@type":"WebSite","@id":"https:\/\/www.bohinj.si\/en\/#website","url":"https:\/\/www.bohinj.si\/en\/","name":"Bohinj - uradna stran destinacije - TNP, Julijske Alpe, Bohinjsko jezero","description":"Bohinj je zelena oaza v osr\u010dju Triglavskega narodnega parka. Idealno izhodi\u0161\u010de za pohodni\u0161tvo, kolesarjenje, ribolov, smu\u010danje, tek na smu\u010deh ...","publisher":{"@id":"https:\/\/www.bohinj.si\/en\/#organization"},"potentialAction":[{"@type":"SearchAction","target":{"@type":"EntryPoint","urlTemplate":"https:\/\/www.bohinj.si\/en\/?s={search_term_string}"},"query-input":{"@type":"PropertyValueSpecification","valueRequired":true,"valueName":"search_term_string"}}],"inLanguage":"en-US"},{"@type":"Organization","@id":"https:\/\/www.bohinj.si\/en\/#organization","name":"Bohinj - uradna stran destinacije - TNP, Julijske Alpe, Bohinjsko jezero","url":"https:\/\/www.bohinj.si\/en\/","logo":{"@type":"ImageObject","inLanguage":"en-US","@id":"https:\/\/www.bohinj.si\/en\/#\/schema\/logo\/image\/","url":"https:\/\/www.bohinj.si\/wp-content\/uploads\/2021\/04\/bohinj_head_logo_slo.png","contentUrl":"https:\/\/www.bohinj.si\/wp-content\/uploads\/2021\/04\/bohinj_head_logo_slo.png","width":295,"height":56,"caption":"Bohinj - uradna stran destinacije - TNP, Julijske Alpe, Bohinjsko jezero"},"image":{"@id":"https:\/\/www.bohinj.si\/en\/#\/schema\/logo\/image\/"}}]}},"_links":{"self":[{"href":"https:\/\/www.bohinj.si\/en\/wp-json\/wp\/v2\/pages\/52482","targetHints":{"allow":["GET"]}}],"collection":[{"href":"https:\/\/www.bohinj.si\/en\/wp-json\/wp\/v2\/pages"}],"about":[{"href":"https:\/\/www.bohinj.si\/en\/wp-json\/wp\/v2\/types\/page"}],"author":[{"embeddable":true,"href":"https:\/\/www.bohinj.si\/en\/wp-json\/wp\/v2\/users\/7"}],"replies":[{"embeddable":true,"href":"https:\/\/www.bohinj.si\/en\/wp-json\/wp\/v2\/comments?post=52482"}],"version-history":[{"count":19,"href":"https:\/\/www.bohinj.si\/en\/wp-json\/wp\/v2\/pages\/52482\/revisions"}],"predecessor-version":[{"id":153587,"href":"https:\/\/www.bohinj.si\/en\/wp-json\/wp\/v2\/pages\/52482\/revisions\/153587"}],"wp:featuredmedia":[{"embeddable":true,"href":"https:\/\/www.bohinj.si\/en\/wp-json\/wp\/v2\/media\/50563"}],"wp:attachment":[{"href":"https:\/\/www.bohinj.si\/en\/wp-json\/wp\/v2\/media?parent=52482"}],"curies":[{"name":"wp","href":"https:\/\/api.w.org\/{rel}","templated":true}]}}