{"id":105612,"date":"2023-10-02T12:20:58","date_gmt":"2023-10-02T10:20:58","guid":{"rendered":"https:\/\/www.bohinj.si\/?post_type=product&#038;p=105612"},"modified":"2023-10-02T12:23:08","modified_gmt":"2023-10-02T10:23:08","slug":"knjiga-brosura-pohodniska-pot-juliana-in-njene-zgodbe","status":"publish","type":"product","link":"https:\/\/www.bohinj.si\/en\/product\/knjiga-brosura-pohodniska-pot-juliana-in-njene-zgodbe\/","title":{"rendered":"Knjiga \u2013 bro\u0161ura Pohodni\u0161ka pot Juliana in njene zgodbe"},"content":{"rendered":"<p>Zgodbe o Juliani niso opis poti, ampak tihi sopotniki, da bi nam ta pot ostala v spominu. Poljudno, a strokovno preverjeno je predstavljen izbor zgodb s poudarkom na zgodovinskih, krajinskih in kulturnih posebnostih, z nekaterimi utrinki iz neponovljive narave ter o ljudeh, pomembnih za posamezne kraje.<\/p>\n<p>Zgodbe o Juliani nam je podaril avtor Janez Bizjak, eden najbolj\u0161ih poznavalcev Julijskih Alp, publicist, arhitekt in dolgoletni direktor Triglavskega narodnega parka. Knjiga je duhovno dopolnilo uspe\u0161nici daljinski pohodni\u0161ki poti Juliana Trail.<\/p>\n","protected":false},"excerpt":{"rendered":"<p>Zgodbe o Juliani niso opis poti, ampak tihi sopotniki, da bi nam ta pot ostala v spominu. Poljudno, a strokovno preverjeno je predstavljen izbor zgodb s poudarkom na zgodovinskih, krajinskih in kulturnih posebnostih, z nekaterimi utrinki iz neponovljive narave ter o ljudeh, pomembnih za posamezne kraje. Zgodbe o Juliani nam je podaril avtor Janez Bizjak, [&hellip;]<\/p>\n","protected":false},"featured_media":105667,"template":"","meta":{"_acf_changed":false},"product_brand":[],"product_cat":[916,915,779,778],"product_tag":[],"class_list":{"0":"post-105612","1":"product","2":"type-product","3":"status-publish","4":"has-post-thumbnail","6":"product_cat-ja-trail-bike-skitour","7":"product_cat-knjige","8":"product_cat-publikacije","9":"product_cat-razno","11":"first","12":"instock","13":"taxable","14":"shipping-taxable","15":"purchasable","16":"product-type-simple"},"acf":[],"yoast_head":"<!-- This site is optimized with the Yoast SEO plugin v27.5 - https:\/\/yoast.com\/product\/yoast-seo-wordpress\/ -->\n<title>Knjiga \u2013 bro\u0161ura Pohodni\u0161ka pot Juliana in njene zgodbe - Bohinj - uradna stran destinacije - TNP, Julijske Alpe, Bohinjsko jezero<\/title>\n<meta name=\"robots\" content=\"index, follow, max-snippet:-1, max-image-preview:large, max-video-preview:-1\" \/>\n<link rel=\"canonical\" href=\"https:\/\/www.bohinj.si\/en\/product\/knjiga-brosura-pohodniska-pot-juliana-in-njene-zgodbe\/\" \/>\n<meta property=\"og:locale\" content=\"en_US\" \/>\n<meta property=\"og:type\" content=\"article\" \/>\n<meta property=\"og:title\" content=\"Knjiga \u2013 bro\u0161ura Pohodni\u0161ka pot Juliana in njene zgodbe - Bohinj - uradna stran destinacije - TNP, Julijske Alpe, Bohinjsko jezero\" \/>\n<meta property=\"og:description\" content=\"Zgodbe o Juliani niso opis poti, ampak tihi sopotniki, da bi nam ta pot ostala v spominu. Poljudno, a strokovno preverjeno je predstavljen izbor zgodb s poudarkom na zgodovinskih, krajinskih in kulturnih posebnostih, z nekaterimi utrinki iz neponovljive narave ter o ljudeh, pomembnih za posamezne kraje. Zgodbe o Juliani nam je podaril avtor Janez Bizjak, [&hellip;]\" \/>\n<meta property=\"og:url\" content=\"https:\/\/www.bohinj.si\/en\/product\/knjiga-brosura-pohodniska-pot-juliana-in-njene-zgodbe\/\" \/>\n<meta property=\"og:site_name\" content=\"Bohinj - uradna stran destinacije - TNP, Julijske Alpe, Bohinjsko jezero\" \/>\n<meta property=\"article:modified_time\" content=\"2023-10-02T10:23:08+00:00\" \/>\n<meta name=\"twitter:card\" content=\"summary_large_image\" \/>\n<meta name=\"twitter:label1\" content=\"Est. reading time\" \/>\n\t<meta name=\"twitter:data1\" content=\"1 minute\" \/>\n<script type=\"application\/ld+json\" class=\"yoast-schema-graph\">{\"@context\":\"https:\\\/\\\/schema.org\",\"@graph\":[{\"@type\":\"WebPage\",\"@id\":\"https:\\\/\\\/www.bohinj.si\\\/en\\\/product\\\/knjiga-brosura-pohodniska-pot-juliana-in-njene-zgodbe\\\/\",\"url\":\"https:\\\/\\\/www.bohinj.si\\\/en\\\/product\\\/knjiga-brosura-pohodniska-pot-juliana-in-njene-zgodbe\\\/\",\"name\":\"Knjiga \u2013 bro\u0161ura Pohodni\u0161ka pot Juliana in njene zgodbe - Bohinj - uradna stran destinacije - TNP, Julijske Alpe, Bohinjsko jezero\",\"isPartOf\":{\"@id\":\"https:\\\/\\\/www.bohinj.si\\\/en\\\/#website\"},\"primaryImageOfPage\":{\"@id\":\"https:\\\/\\\/www.bohinj.si\\\/en\\\/product\\\/knjiga-brosura-pohodniska-pot-juliana-in-njene-zgodbe\\\/#primaryimage\"},\"image\":{\"@id\":\"https:\\\/\\\/www.bohinj.si\\\/en\\\/product\\\/knjiga-brosura-pohodniska-pot-juliana-in-njene-zgodbe\\\/#primaryimage\"},\"thumbnailUrl\":\"https:\\\/\\\/www.bohinj.si\\\/wp-content\\\/uploads\\\/2023\\\/10\\\/JA-2023-Promocija-Juliana-Bizjak-07-pdf.jpg\",\"datePublished\":\"2023-10-02T10:20:58+00:00\",\"dateModified\":\"2023-10-02T10:23:08+00:00\",\"breadcrumb\":{\"@id\":\"https:\\\/\\\/www.bohinj.si\\\/en\\\/product\\\/knjiga-brosura-pohodniska-pot-juliana-in-njene-zgodbe\\\/#breadcrumb\"},\"inLanguage\":\"en-US\",\"potentialAction\":[{\"@type\":\"ReadAction\",\"target\":[\"https:\\\/\\\/www.bohinj.si\\\/en\\\/product\\\/knjiga-brosura-pohodniska-pot-juliana-in-njene-zgodbe\\\/\"]}]},{\"@type\":\"ImageObject\",\"inLanguage\":\"en-US\",\"@id\":\"https:\\\/\\\/www.bohinj.si\\\/en\\\/product\\\/knjiga-brosura-pohodniska-pot-juliana-in-njene-zgodbe\\\/#primaryimage\",\"url\":\"https:\\\/\\\/www.bohinj.si\\\/wp-content\\\/uploads\\\/2023\\\/10\\\/JA-2023-Promocija-Juliana-Bizjak-07-pdf.jpg\",\"contentUrl\":\"https:\\\/\\\/www.bohinj.si\\\/wp-content\\\/uploads\\\/2023\\\/10\\\/JA-2023-Promocija-Juliana-Bizjak-07-pdf.jpg\"},{\"@type\":\"BreadcrumbList\",\"@id\":\"https:\\\/\\\/www.bohinj.si\\\/en\\\/product\\\/knjiga-brosura-pohodniska-pot-juliana-in-njene-zgodbe\\\/#breadcrumb\",\"itemListElement\":[{\"@type\":\"ListItem\",\"position\":1,\"name\":\"Domov\",\"item\":\"https:\\\/\\\/www.bohinj.si\\\/en\\\/bohinj-home\\\/\"},{\"@type\":\"ListItem\",\"position\":2,\"name\":\"Trgovina\",\"item\":\"https:\\\/\\\/www.bohinj.si\\\/trgovina\\\/\"},{\"@type\":\"ListItem\",\"position\":3,\"name\":\"Knjiga \u2013 bro\u0161ura Pohodni\u0161ka pot Juliana in njene zgodbe\"}]},{\"@type\":\"WebSite\",\"@id\":\"https:\\\/\\\/www.bohinj.si\\\/en\\\/#website\",\"url\":\"https:\\\/\\\/www.bohinj.si\\\/en\\\/\",\"name\":\"Bohinj - uradna stran destinacije - TNP, Julijske Alpe, Bohinjsko jezero\",\"description\":\"Bohinj je zelena oaza v osr\u010dju Triglavskega narodnega parka. Idealno izhodi\u0161\u010de za pohodni\u0161tvo, kolesarjenje, ribolov, smu\u010danje, tek na smu\u010deh ...\",\"publisher\":{\"@id\":\"https:\\\/\\\/www.bohinj.si\\\/en\\\/#organization\"},\"potentialAction\":[{\"@type\":\"SearchAction\",\"target\":{\"@type\":\"EntryPoint\",\"urlTemplate\":\"https:\\\/\\\/www.bohinj.si\\\/en\\\/?s={search_term_string}\"},\"query-input\":{\"@type\":\"PropertyValueSpecification\",\"valueRequired\":true,\"valueName\":\"search_term_string\"}}],\"inLanguage\":\"en-US\"},{\"@type\":\"Organization\",\"@id\":\"https:\\\/\\\/www.bohinj.si\\\/en\\\/#organization\",\"name\":\"Bohinj - uradna stran destinacije - TNP, Julijske Alpe, Bohinjsko jezero\",\"url\":\"https:\\\/\\\/www.bohinj.si\\\/en\\\/\",\"logo\":{\"@type\":\"ImageObject\",\"inLanguage\":\"en-US\",\"@id\":\"https:\\\/\\\/www.bohinj.si\\\/en\\\/#\\\/schema\\\/logo\\\/image\\\/\",\"url\":\"https:\\\/\\\/www.bohinj.si\\\/wp-content\\\/uploads\\\/2021\\\/04\\\/bohinj_head_logo_slo.png\",\"contentUrl\":\"https:\\\/\\\/www.bohinj.si\\\/wp-content\\\/uploads\\\/2021\\\/04\\\/bohinj_head_logo_slo.png\",\"width\":295,\"height\":56,\"caption\":\"Bohinj - uradna stran destinacije - TNP, Julijske Alpe, Bohinjsko jezero\"},\"image\":{\"@id\":\"https:\\\/\\\/www.bohinj.si\\\/en\\\/#\\\/schema\\\/logo\\\/image\\\/\"}}]}<\/script>\n<!-- \/ Yoast SEO plugin. -->","yoast_head_json":{"title":"Knjiga \u2013 bro\u0161ura Pohodni\u0161ka pot Juliana in njene zgodbe - Bohinj - uradna stran destinacije - TNP, Julijske Alpe, Bohinjsko jezero","robots":{"index":"index","follow":"follow","max-snippet":"max-snippet:-1","max-image-preview":"max-image-preview:large","max-video-preview":"max-video-preview:-1"},"canonical":"https:\/\/www.bohinj.si\/en\/product\/knjiga-brosura-pohodniska-pot-juliana-in-njene-zgodbe\/","og_locale":"en_US","og_type":"article","og_title":"Knjiga \u2013 bro\u0161ura Pohodni\u0161ka pot Juliana in njene zgodbe - Bohinj - uradna stran destinacije - TNP, Julijske Alpe, Bohinjsko jezero","og_description":"Zgodbe o Juliani niso opis poti, ampak tihi sopotniki, da bi nam ta pot ostala v spominu. Poljudno, a strokovno preverjeno je predstavljen izbor zgodb s poudarkom na zgodovinskih, krajinskih in kulturnih posebnostih, z nekaterimi utrinki iz neponovljive narave ter o ljudeh, pomembnih za posamezne kraje. Zgodbe o Juliani nam je podaril avtor Janez Bizjak, [&hellip;]","og_url":"https:\/\/www.bohinj.si\/en\/product\/knjiga-brosura-pohodniska-pot-juliana-in-njene-zgodbe\/","og_site_name":"Bohinj - uradna stran destinacije - TNP, Julijske Alpe, Bohinjsko jezero","article_modified_time":"2023-10-02T10:23:08+00:00","twitter_card":"summary_large_image","twitter_misc":{"Est. reading time":"1 minute"},"schema":{"@context":"https:\/\/schema.org","@graph":[{"@type":"WebPage","@id":"https:\/\/www.bohinj.si\/en\/product\/knjiga-brosura-pohodniska-pot-juliana-in-njene-zgodbe\/","url":"https:\/\/www.bohinj.si\/en\/product\/knjiga-brosura-pohodniska-pot-juliana-in-njene-zgodbe\/","name":"Knjiga \u2013 bro\u0161ura Pohodni\u0161ka pot Juliana in njene zgodbe - Bohinj - uradna stran destinacije - TNP, Julijske Alpe, Bohinjsko jezero","isPartOf":{"@id":"https:\/\/www.bohinj.si\/en\/#website"},"primaryImageOfPage":{"@id":"https:\/\/www.bohinj.si\/en\/product\/knjiga-brosura-pohodniska-pot-juliana-in-njene-zgodbe\/#primaryimage"},"image":{"@id":"https:\/\/www.bohinj.si\/en\/product\/knjiga-brosura-pohodniska-pot-juliana-in-njene-zgodbe\/#primaryimage"},"thumbnailUrl":"https:\/\/www.bohinj.si\/wp-content\/uploads\/2023\/10\/JA-2023-Promocija-Juliana-Bizjak-07-pdf.jpg","datePublished":"2023-10-02T10:20:58+00:00","dateModified":"2023-10-02T10:23:08+00:00","breadcrumb":{"@id":"https:\/\/www.bohinj.si\/en\/product\/knjiga-brosura-pohodniska-pot-juliana-in-njene-zgodbe\/#breadcrumb"},"inLanguage":"en-US","potentialAction":[{"@type":"ReadAction","target":["https:\/\/www.bohinj.si\/en\/product\/knjiga-brosura-pohodniska-pot-juliana-in-njene-zgodbe\/"]}]},{"@type":"ImageObject","inLanguage":"en-US","@id":"https:\/\/www.bohinj.si\/en\/product\/knjiga-brosura-pohodniska-pot-juliana-in-njene-zgodbe\/#primaryimage","url":"https:\/\/www.bohinj.si\/wp-content\/uploads\/2023\/10\/JA-2023-Promocija-Juliana-Bizjak-07-pdf.jpg","contentUrl":"https:\/\/www.bohinj.si\/wp-content\/uploads\/2023\/10\/JA-2023-Promocija-Juliana-Bizjak-07-pdf.jpg"},{"@type":"BreadcrumbList","@id":"https:\/\/www.bohinj.si\/en\/product\/knjiga-brosura-pohodniska-pot-juliana-in-njene-zgodbe\/#breadcrumb","itemListElement":[{"@type":"ListItem","position":1,"name":"Domov","item":"https:\/\/www.bohinj.si\/en\/bohinj-home\/"},{"@type":"ListItem","position":2,"name":"Trgovina","item":"https:\/\/www.bohinj.si\/trgovina\/"},{"@type":"ListItem","position":3,"name":"Knjiga \u2013 bro\u0161ura Pohodni\u0161ka pot Juliana in njene zgodbe"}]},{"@type":"WebSite","@id":"https:\/\/www.bohinj.si\/en\/#website","url":"https:\/\/www.bohinj.si\/en\/","name":"Bohinj - uradna stran destinacije - TNP, Julijske Alpe, Bohinjsko jezero","description":"Bohinj je zelena oaza v osr\u010dju Triglavskega narodnega parka. Idealno izhodi\u0161\u010de za pohodni\u0161tvo, kolesarjenje, ribolov, smu\u010danje, tek na smu\u010deh ...","publisher":{"@id":"https:\/\/www.bohinj.si\/en\/#organization"},"potentialAction":[{"@type":"SearchAction","target":{"@type":"EntryPoint","urlTemplate":"https:\/\/www.bohinj.si\/en\/?s={search_term_string}"},"query-input":{"@type":"PropertyValueSpecification","valueRequired":true,"valueName":"search_term_string"}}],"inLanguage":"en-US"},{"@type":"Organization","@id":"https:\/\/www.bohinj.si\/en\/#organization","name":"Bohinj - uradna stran destinacije - TNP, Julijske Alpe, Bohinjsko jezero","url":"https:\/\/www.bohinj.si\/en\/","logo":{"@type":"ImageObject","inLanguage":"en-US","@id":"https:\/\/www.bohinj.si\/en\/#\/schema\/logo\/image\/","url":"https:\/\/www.bohinj.si\/wp-content\/uploads\/2021\/04\/bohinj_head_logo_slo.png","contentUrl":"https:\/\/www.bohinj.si\/wp-content\/uploads\/2021\/04\/bohinj_head_logo_slo.png","width":295,"height":56,"caption":"Bohinj - uradna stran destinacije - TNP, Julijske Alpe, Bohinjsko jezero"},"image":{"@id":"https:\/\/www.bohinj.si\/en\/#\/schema\/logo\/image\/"}}]}},"_links":{"self":[{"href":"https:\/\/www.bohinj.si\/en\/wp-json\/wp\/v2\/product\/105612","targetHints":{"allow":["GET"]}}],"collection":[{"href":"https:\/\/www.bohinj.si\/en\/wp-json\/wp\/v2\/product"}],"about":[{"href":"https:\/\/www.bohinj.si\/en\/wp-json\/wp\/v2\/types\/product"}],"wp:featuredmedia":[{"embeddable":true,"href":"https:\/\/www.bohinj.si\/en\/wp-json\/wp\/v2\/media\/105667"}],"wp:attachment":[{"href":"https:\/\/www.bohinj.si\/en\/wp-json\/wp\/v2\/media?parent=105612"}],"wp:term":[{"taxonomy":"product_brand","embeddable":true,"href":"https:\/\/www.bohinj.si\/en\/wp-json\/wp\/v2\/product_brand?post=105612"},{"taxonomy":"product_cat","embeddable":true,"href":"https:\/\/www.bohinj.si\/en\/wp-json\/wp\/v2\/product_cat?post=105612"},{"taxonomy":"product_tag","embeddable":true,"href":"https:\/\/www.bohinj.si\/en\/wp-json\/wp\/v2\/product_tag?post=105612"}],"curies":[{"name":"wp","href":"https:\/\/api.w.org\/{rel}","templated":true}]}}