{"id":52022,"date":"2021-08-11T21:48:32","date_gmt":"2021-08-11T19:48:32","guid":{"rendered":"https:\/\/www.bohinj.si\/izdelek\/marickas-ear-headband\/"},"modified":"2026-03-07T04:15:08","modified_gmt":"2026-03-07T03:15:08","slug":"maricka-ear-headband","status":"publish","type":"product","link":"https:\/\/www.bohinj.si\/en\/product\/maricka-ear-headband\/","title":{"rendered":"Mari\u010dka&#8217;s ear headband"},"content":{"rendered":"<p>Mari\u010dka&#8217;s ear headband won&#8217;t make your ears sting on windy days.<\/p>\n","protected":false},"excerpt":{"rendered":"<h3>Ingredients:<\/h3>\n<p>sheep&#8217;s wool.<\/p>\n<p>The product is unique.<\/p>\n","protected":false},"featured_media":52023,"template":"","meta":{"_acf_changed":false,"_price":"28.8","_stock":"","_tribe_ticket_header":"","_tribe_default_ticket_provider":"","_tribe_ticket_capacity":"0","_ticket_start_date":"","_ticket_end_date":"","_tribe_ticket_show_description":"","_tribe_ticket_show_not_going":false,"_tribe_ticket_use_global_stock":"","_tribe_ticket_global_stock_level":"","_global_stock_mode":"","_global_stock_cap":"","_tribe_rsvp_for_event":"","_tribe_ticket_going_count":"","_tribe_ticket_not_going_count":"","_tribe_tickets_list":"[]","_tribe_ticket_has_attendee_info_fields":false,"_tec_slr_enabled":"","_tec_slr_layout":""},"product_brand":[],"product_cat":[1117,824,827],"product_tag":[],"class_list":{"0":"post-52022","1":"product","2":"type-product","3":"status-publish","4":"has-post-thumbnail","6":"product_cat-business-gifts","7":"product_cat-bohinjsko-from-bohinj-certificate","8":"product_cat-handcraft-products","10":"first","11":"instock","12":"taxable","13":"shipping-taxable","14":"purchasable","15":"product-type-variable"},"acf":[],"yoast_head":"<!-- This site is optimized with the Yoast SEO plugin v27.3 - https:\/\/yoast.com\/product\/yoast-seo-wordpress\/ -->\n<title>Mari\u010dka&#039;s ear headband - Bohinj - uradna stran destinacije - TNP, Julijske Alpe, Bohinjsko jezero<\/title>\n<meta name=\"robots\" content=\"index, follow, max-snippet:-1, max-image-preview:large, max-video-preview:-1\" \/>\n<link rel=\"canonical\" href=\"https:\/\/www.bohinj.si\/en\/product\/maricka-ear-headband\/\" \/>\n<meta property=\"og:locale\" content=\"en_US\" \/>\n<meta property=\"og:type\" content=\"article\" \/>\n<meta property=\"og:title\" content=\"Mari\u010dka&#039;s ear headband - Bohinj - uradna stran destinacije - TNP, Julijske Alpe, Bohinjsko jezero\" \/>\n<meta property=\"og:description\" content=\"Ingredients: sheep&#039;s wool. The product is unique.\" \/>\n<meta property=\"og:url\" content=\"https:\/\/www.bohinj.si\/en\/product\/maricka-ear-headband\/\" \/>\n<meta property=\"og:site_name\" content=\"Bohinj - uradna stran destinacije - TNP, Julijske Alpe, Bohinjsko jezero\" \/>\n<meta property=\"article:modified_time\" content=\"2026-03-07T03:15:08+00:00\" \/>\n<meta property=\"og:image\" content=\"https:\/\/www.bohinj.si\/wp-content\/uploads\/2021\/08\/bohinjsko-marija-zvan-03-scaled-1.jpg\" \/>\n\t<meta property=\"og:image:width\" content=\"1920\" \/>\n\t<meta property=\"og:image:height\" content=\"1280\" \/>\n\t<meta property=\"og:image:type\" content=\"image\/jpeg\" \/>\n<meta name=\"twitter:card\" content=\"summary_large_image\" \/>\n<script type=\"application\/ld+json\" class=\"yoast-schema-graph\">{\"@context\":\"https:\\\/\\\/schema.org\",\"@graph\":[{\"@type\":\"WebPage\",\"@id\":\"https:\\\/\\\/www.bohinj.si\\\/en\\\/product\\\/maricka-ear-headband\\\/\",\"url\":\"https:\\\/\\\/www.bohinj.si\\\/en\\\/product\\\/maricka-ear-headband\\\/\",\"name\":\"Mari\u010dka's ear headband - Bohinj - uradna stran destinacije - TNP, Julijske Alpe, Bohinjsko jezero\",\"isPartOf\":{\"@id\":\"https:\\\/\\\/www.bohinj.si\\\/en\\\/#website\"},\"primaryImageOfPage\":{\"@id\":\"https:\\\/\\\/www.bohinj.si\\\/en\\\/product\\\/maricka-ear-headband\\\/#primaryimage\"},\"image\":{\"@id\":\"https:\\\/\\\/www.bohinj.si\\\/en\\\/product\\\/maricka-ear-headband\\\/#primaryimage\"},\"thumbnailUrl\":\"https:\\\/\\\/www.bohinj.si\\\/wp-content\\\/uploads\\\/2021\\\/08\\\/bohinjsko-marija-zvan-03-scaled-1.jpg\",\"datePublished\":\"2021-08-11T19:48:32+00:00\",\"dateModified\":\"2026-03-07T03:15:08+00:00\",\"breadcrumb\":{\"@id\":\"https:\\\/\\\/www.bohinj.si\\\/en\\\/product\\\/maricka-ear-headband\\\/#breadcrumb\"},\"inLanguage\":\"en-US\",\"potentialAction\":[{\"@type\":\"ReadAction\",\"target\":[\"https:\\\/\\\/www.bohinj.si\\\/en\\\/product\\\/maricka-ear-headband\\\/\"]}]},{\"@type\":\"ImageObject\",\"inLanguage\":\"en-US\",\"@id\":\"https:\\\/\\\/www.bohinj.si\\\/en\\\/product\\\/maricka-ear-headband\\\/#primaryimage\",\"url\":\"https:\\\/\\\/www.bohinj.si\\\/wp-content\\\/uploads\\\/2021\\\/08\\\/bohinjsko-marija-zvan-03-scaled-1.jpg\",\"contentUrl\":\"https:\\\/\\\/www.bohinj.si\\\/wp-content\\\/uploads\\\/2021\\\/08\\\/bohinjsko-marija-zvan-03-scaled-1.jpg\",\"width\":1920,\"height\":1280},{\"@type\":\"BreadcrumbList\",\"@id\":\"https:\\\/\\\/www.bohinj.si\\\/en\\\/product\\\/maricka-ear-headband\\\/#breadcrumb\",\"itemListElement\":[{\"@type\":\"ListItem\",\"position\":1,\"name\":\"Domov\",\"item\":\"https:\\\/\\\/www.bohinj.si\\\/en\\\/bohinj-home\\\/\"},{\"@type\":\"ListItem\",\"position\":2,\"name\":\"Trgovina\",\"item\":\"https:\\\/\\\/www.bohinj.si\\\/trgovina\\\/\"},{\"@type\":\"ListItem\",\"position\":3,\"name\":\"Mari\u010dka's ear headband\"}]},{\"@type\":\"WebSite\",\"@id\":\"https:\\\/\\\/www.bohinj.si\\\/en\\\/#website\",\"url\":\"https:\\\/\\\/www.bohinj.si\\\/en\\\/\",\"name\":\"Bohinj - uradna stran destinacije - TNP, Julijske Alpe, Bohinjsko jezero\",\"description\":\"Bohinj je zelena oaza v osr\u010dju Triglavskega narodnega parka. Idealno izhodi\u0161\u010de za pohodni\u0161tvo, kolesarjenje, ribolov, smu\u010danje, tek na smu\u010deh ...\",\"publisher\":{\"@id\":\"https:\\\/\\\/www.bohinj.si\\\/en\\\/#organization\"},\"potentialAction\":[{\"@type\":\"SearchAction\",\"target\":{\"@type\":\"EntryPoint\",\"urlTemplate\":\"https:\\\/\\\/www.bohinj.si\\\/en\\\/?s={search_term_string}\"},\"query-input\":{\"@type\":\"PropertyValueSpecification\",\"valueRequired\":true,\"valueName\":\"search_term_string\"}}],\"inLanguage\":\"en-US\"},{\"@type\":\"Organization\",\"@id\":\"https:\\\/\\\/www.bohinj.si\\\/en\\\/#organization\",\"name\":\"Bohinj - uradna stran destinacije - TNP, Julijske Alpe, Bohinjsko jezero\",\"url\":\"https:\\\/\\\/www.bohinj.si\\\/en\\\/\",\"logo\":{\"@type\":\"ImageObject\",\"inLanguage\":\"en-US\",\"@id\":\"https:\\\/\\\/www.bohinj.si\\\/en\\\/#\\\/schema\\\/logo\\\/image\\\/\",\"url\":\"https:\\\/\\\/www.bohinj.si\\\/wp-content\\\/uploads\\\/2021\\\/04\\\/bohinj_head_logo_slo.png\",\"contentUrl\":\"https:\\\/\\\/www.bohinj.si\\\/wp-content\\\/uploads\\\/2021\\\/04\\\/bohinj_head_logo_slo.png\",\"width\":295,\"height\":56,\"caption\":\"Bohinj - uradna stran destinacije - TNP, Julijske Alpe, Bohinjsko jezero\"},\"image\":{\"@id\":\"https:\\\/\\\/www.bohinj.si\\\/en\\\/#\\\/schema\\\/logo\\\/image\\\/\"}}]}<\/script>\n<!-- \/ Yoast SEO plugin. -->","yoast_head_json":{"title":"Mari\u010dka's ear headband - Bohinj - uradna stran destinacije - TNP, Julijske Alpe, Bohinjsko jezero","robots":{"index":"index","follow":"follow","max-snippet":"max-snippet:-1","max-image-preview":"max-image-preview:large","max-video-preview":"max-video-preview:-1"},"canonical":"https:\/\/www.bohinj.si\/en\/product\/maricka-ear-headband\/","og_locale":"en_US","og_type":"article","og_title":"Mari\u010dka's ear headband - Bohinj - uradna stran destinacije - TNP, Julijske Alpe, Bohinjsko jezero","og_description":"Ingredients: sheep's wool. The product is unique.","og_url":"https:\/\/www.bohinj.si\/en\/product\/maricka-ear-headband\/","og_site_name":"Bohinj - uradna stran destinacije - TNP, Julijske Alpe, Bohinjsko jezero","article_modified_time":"2026-03-07T03:15:08+00:00","og_image":[{"width":1920,"height":1280,"url":"https:\/\/www.bohinj.si\/wp-content\/uploads\/2021\/08\/bohinjsko-marija-zvan-03-scaled-1.jpg","type":"image\/jpeg"}],"twitter_card":"summary_large_image","schema":{"@context":"https:\/\/schema.org","@graph":[{"@type":"WebPage","@id":"https:\/\/www.bohinj.si\/en\/product\/maricka-ear-headband\/","url":"https:\/\/www.bohinj.si\/en\/product\/maricka-ear-headband\/","name":"Mari\u010dka's ear headband - Bohinj - uradna stran destinacije - TNP, Julijske Alpe, Bohinjsko jezero","isPartOf":{"@id":"https:\/\/www.bohinj.si\/en\/#website"},"primaryImageOfPage":{"@id":"https:\/\/www.bohinj.si\/en\/product\/maricka-ear-headband\/#primaryimage"},"image":{"@id":"https:\/\/www.bohinj.si\/en\/product\/maricka-ear-headband\/#primaryimage"},"thumbnailUrl":"https:\/\/www.bohinj.si\/wp-content\/uploads\/2021\/08\/bohinjsko-marija-zvan-03-scaled-1.jpg","datePublished":"2021-08-11T19:48:32+00:00","dateModified":"2026-03-07T03:15:08+00:00","breadcrumb":{"@id":"https:\/\/www.bohinj.si\/en\/product\/maricka-ear-headband\/#breadcrumb"},"inLanguage":"en-US","potentialAction":[{"@type":"ReadAction","target":["https:\/\/www.bohinj.si\/en\/product\/maricka-ear-headband\/"]}]},{"@type":"ImageObject","inLanguage":"en-US","@id":"https:\/\/www.bohinj.si\/en\/product\/maricka-ear-headband\/#primaryimage","url":"https:\/\/www.bohinj.si\/wp-content\/uploads\/2021\/08\/bohinjsko-marija-zvan-03-scaled-1.jpg","contentUrl":"https:\/\/www.bohinj.si\/wp-content\/uploads\/2021\/08\/bohinjsko-marija-zvan-03-scaled-1.jpg","width":1920,"height":1280},{"@type":"BreadcrumbList","@id":"https:\/\/www.bohinj.si\/en\/product\/maricka-ear-headband\/#breadcrumb","itemListElement":[{"@type":"ListItem","position":1,"name":"Domov","item":"https:\/\/www.bohinj.si\/en\/bohinj-home\/"},{"@type":"ListItem","position":2,"name":"Trgovina","item":"https:\/\/www.bohinj.si\/trgovina\/"},{"@type":"ListItem","position":3,"name":"Mari\u010dka's ear headband"}]},{"@type":"WebSite","@id":"https:\/\/www.bohinj.si\/en\/#website","url":"https:\/\/www.bohinj.si\/en\/","name":"Bohinj - uradna stran destinacije - TNP, Julijske Alpe, Bohinjsko jezero","description":"Bohinj je zelena oaza v osr\u010dju Triglavskega narodnega parka. Idealno izhodi\u0161\u010de za pohodni\u0161tvo, kolesarjenje, ribolov, smu\u010danje, tek na smu\u010deh ...","publisher":{"@id":"https:\/\/www.bohinj.si\/en\/#organization"},"potentialAction":[{"@type":"SearchAction","target":{"@type":"EntryPoint","urlTemplate":"https:\/\/www.bohinj.si\/en\/?s={search_term_string}"},"query-input":{"@type":"PropertyValueSpecification","valueRequired":true,"valueName":"search_term_string"}}],"inLanguage":"en-US"},{"@type":"Organization","@id":"https:\/\/www.bohinj.si\/en\/#organization","name":"Bohinj - uradna stran destinacije - TNP, Julijske Alpe, Bohinjsko jezero","url":"https:\/\/www.bohinj.si\/en\/","logo":{"@type":"ImageObject","inLanguage":"en-US","@id":"https:\/\/www.bohinj.si\/en\/#\/schema\/logo\/image\/","url":"https:\/\/www.bohinj.si\/wp-content\/uploads\/2021\/04\/bohinj_head_logo_slo.png","contentUrl":"https:\/\/www.bohinj.si\/wp-content\/uploads\/2021\/04\/bohinj_head_logo_slo.png","width":295,"height":56,"caption":"Bohinj - uradna stran destinacije - TNP, Julijske Alpe, Bohinjsko jezero"},"image":{"@id":"https:\/\/www.bohinj.si\/en\/#\/schema\/logo\/image\/"}}]}},"_links":{"self":[{"href":"https:\/\/www.bohinj.si\/en\/wp-json\/wp\/v2\/product\/52022","targetHints":{"allow":["GET"]}}],"collection":[{"href":"https:\/\/www.bohinj.si\/en\/wp-json\/wp\/v2\/product"}],"about":[{"href":"https:\/\/www.bohinj.si\/en\/wp-json\/wp\/v2\/types\/product"}],"wp:featuredmedia":[{"embeddable":true,"href":"https:\/\/www.bohinj.si\/en\/wp-json\/wp\/v2\/media\/52023"}],"wp:attachment":[{"href":"https:\/\/www.bohinj.si\/en\/wp-json\/wp\/v2\/media?parent=52022"}],"wp:term":[{"taxonomy":"product_brand","embeddable":true,"href":"https:\/\/www.bohinj.si\/en\/wp-json\/wp\/v2\/product_brand?post=52022"},{"taxonomy":"product_cat","embeddable":true,"href":"https:\/\/www.bohinj.si\/en\/wp-json\/wp\/v2\/product_cat?post=52022"},{"taxonomy":"product_tag","embeddable":true,"href":"https:\/\/www.bohinj.si\/en\/wp-json\/wp\/v2\/product_tag?post=52022"}],"curies":[{"name":"wp","href":"https:\/\/api.w.org\/{rel}","templated":true}]}}