{"id":52681,"date":"2022-01-10T10:19:42","date_gmt":"2022-01-10T09:19:42","guid":{"rendered":"https:\/\/www.bohinj.si\/izdelek\/tea-for-every-day\/"},"modified":"2022-01-10T10:19:42","modified_gmt":"2022-01-10T09:19:42","slug":"tea-for-every-day","status":"publish","type":"product","link":"https:\/\/www.bohinj.si\/en\/product\/tea-for-every-day\/","title":{"rendered":"Tea for Every Day"},"content":{"rendered":"<p>A tea blend that comes in handy at any time. It has a pleasant aromatic taste. Rosehips and spruce tips are high in vitamin C, which invigorates and strengthens the body, while lemon balm, chamomile and white dead nettle soothe the spirit. The perfect combination for today, when we are often physically overworked and mentally overstressed. The tea is suitable for everyday drinking.<\/p>\n<p>The herbs are hand-picked and packed in Bohinj.<\/p>\n","protected":false},"excerpt":{"rendered":"<h3>Ingredients:<\/h3>\n<p>white dead nettle, spruce tips, rosehips, melissa, yarrow and chamomile flowers.<\/p>\n<p>Weight: 30 g<\/p>\n","protected":false},"featured_media":46178,"template":"","meta":{"_acf_changed":false,"_price":"6.30","_stock":"","_tribe_ticket_header":"","_tribe_default_ticket_provider":"","_tribe_ticket_capacity":"0","_ticket_start_date":"","_ticket_end_date":"","_tribe_ticket_show_description":"","_tribe_ticket_show_not_going":false,"_tribe_ticket_use_global_stock":"","_tribe_ticket_global_stock_level":"","_global_stock_mode":"","_global_stock_cap":"","_tribe_rsvp_for_event":"","_tribe_ticket_going_count":"","_tribe_ticket_not_going_count":"","_tribe_tickets_list":"[]","_tribe_ticket_has_attendee_info_fields":false,"_tec_slr_enabled":"","_tec_slr_layout":""},"product_brand":[],"product_cat":[824,826],"product_tag":[],"class_list":{"0":"post-52681","1":"product","2":"type-product","3":"status-publish","4":"has-post-thumbnail","6":"product_cat-bohinjsko-from-bohinj-certificate","7":"product_cat-produce-and-culinary-products","9":"first","10":"instock","11":"taxable","12":"shipping-taxable","13":"purchasable","14":"product-type-simple"},"acf":[],"yoast_head":"<!-- This site is optimized with the Yoast SEO plugin v27.3 - https:\/\/yoast.com\/product\/yoast-seo-wordpress\/ -->\n<title>Tea for Every Day - Bohinj - uradna stran destinacije - TNP, Julijske Alpe, Bohinjsko jezero<\/title>\n<meta name=\"robots\" content=\"index, follow, max-snippet:-1, max-image-preview:large, max-video-preview:-1\" \/>\n<link rel=\"canonical\" href=\"https:\/\/www.bohinj.si\/en\/product\/tea-for-every-day\/\" \/>\n<meta property=\"og:locale\" content=\"en_US\" \/>\n<meta property=\"og:type\" content=\"article\" \/>\n<meta property=\"og:title\" content=\"Tea for Every Day - Bohinj - uradna stran destinacije - TNP, Julijske Alpe, Bohinjsko jezero\" \/>\n<meta property=\"og:description\" content=\"Ingredients: white dead nettle, spruce tips, rosehips, melissa, yarrow and chamomile flowers. Weight: 30 g\" \/>\n<meta property=\"og:url\" content=\"https:\/\/www.bohinj.si\/en\/product\/tea-for-every-day\/\" \/>\n<meta property=\"og:site_name\" content=\"Bohinj - uradna stran destinacije - TNP, Julijske Alpe, Bohinjsko jezero\" \/>\n<meta property=\"og:image\" content=\"https:\/\/www.bohinj.si\/wp-content\/uploads\/2022\/01\/zeliscni_butik_caj_03.jpg\" \/>\n\t<meta property=\"og:image:width\" content=\"1280\" \/>\n\t<meta property=\"og:image:height\" content=\"1920\" \/>\n\t<meta property=\"og:image:type\" content=\"image\/jpeg\" \/>\n<meta name=\"twitter:card\" content=\"summary_large_image\" \/>\n<script type=\"application\/ld+json\" class=\"yoast-schema-graph\">{\"@context\":\"https:\\\/\\\/schema.org\",\"@graph\":[{\"@type\":\"WebPage\",\"@id\":\"https:\\\/\\\/www.bohinj.si\\\/en\\\/product\\\/tea-for-every-day\\\/\",\"url\":\"https:\\\/\\\/www.bohinj.si\\\/en\\\/product\\\/tea-for-every-day\\\/\",\"name\":\"Tea for Every Day - Bohinj - uradna stran destinacije - TNP, Julijske Alpe, Bohinjsko jezero\",\"isPartOf\":{\"@id\":\"https:\\\/\\\/www.bohinj.si\\\/en\\\/#website\"},\"primaryImageOfPage\":{\"@id\":\"https:\\\/\\\/www.bohinj.si\\\/en\\\/product\\\/tea-for-every-day\\\/#primaryimage\"},\"image\":{\"@id\":\"https:\\\/\\\/www.bohinj.si\\\/en\\\/product\\\/tea-for-every-day\\\/#primaryimage\"},\"thumbnailUrl\":\"https:\\\/\\\/www.bohinj.si\\\/wp-content\\\/uploads\\\/2022\\\/01\\\/zeliscni_butik_caj_03.jpg\",\"datePublished\":\"2022-01-10T09:19:42+00:00\",\"breadcrumb\":{\"@id\":\"https:\\\/\\\/www.bohinj.si\\\/en\\\/product\\\/tea-for-every-day\\\/#breadcrumb\"},\"inLanguage\":\"en-US\",\"potentialAction\":[{\"@type\":\"ReadAction\",\"target\":[\"https:\\\/\\\/www.bohinj.si\\\/en\\\/product\\\/tea-for-every-day\\\/\"]}]},{\"@type\":\"ImageObject\",\"inLanguage\":\"en-US\",\"@id\":\"https:\\\/\\\/www.bohinj.si\\\/en\\\/product\\\/tea-for-every-day\\\/#primaryimage\",\"url\":\"https:\\\/\\\/www.bohinj.si\\\/wp-content\\\/uploads\\\/2022\\\/01\\\/zeliscni_butik_caj_03.jpg\",\"contentUrl\":\"https:\\\/\\\/www.bohinj.si\\\/wp-content\\\/uploads\\\/2022\\\/01\\\/zeliscni_butik_caj_03.jpg\",\"width\":1280,\"height\":1920,\"caption\":\"Bohinjsko\\\/From Bohinj, Tea for Every Day\"},{\"@type\":\"BreadcrumbList\",\"@id\":\"https:\\\/\\\/www.bohinj.si\\\/en\\\/product\\\/tea-for-every-day\\\/#breadcrumb\",\"itemListElement\":[{\"@type\":\"ListItem\",\"position\":1,\"name\":\"Domov\",\"item\":\"https:\\\/\\\/www.bohinj.si\\\/en\\\/bohinj-home\\\/\"},{\"@type\":\"ListItem\",\"position\":2,\"name\":\"Trgovina\",\"item\":\"https:\\\/\\\/www.bohinj.si\\\/trgovina\\\/\"},{\"@type\":\"ListItem\",\"position\":3,\"name\":\"Tea for Every Day\"}]},{\"@type\":\"WebSite\",\"@id\":\"https:\\\/\\\/www.bohinj.si\\\/en\\\/#website\",\"url\":\"https:\\\/\\\/www.bohinj.si\\\/en\\\/\",\"name\":\"Bohinj - uradna stran destinacije - TNP, Julijske Alpe, Bohinjsko jezero\",\"description\":\"Bohinj je zelena oaza v osr\u010dju Triglavskega narodnega parka. Idealno izhodi\u0161\u010de za pohodni\u0161tvo, kolesarjenje, ribolov, smu\u010danje, tek na smu\u010deh ...\",\"publisher\":{\"@id\":\"https:\\\/\\\/www.bohinj.si\\\/en\\\/#organization\"},\"potentialAction\":[{\"@type\":\"SearchAction\",\"target\":{\"@type\":\"EntryPoint\",\"urlTemplate\":\"https:\\\/\\\/www.bohinj.si\\\/en\\\/?s={search_term_string}\"},\"query-input\":{\"@type\":\"PropertyValueSpecification\",\"valueRequired\":true,\"valueName\":\"search_term_string\"}}],\"inLanguage\":\"en-US\"},{\"@type\":\"Organization\",\"@id\":\"https:\\\/\\\/www.bohinj.si\\\/en\\\/#organization\",\"name\":\"Bohinj - uradna stran destinacije - TNP, Julijske Alpe, Bohinjsko jezero\",\"url\":\"https:\\\/\\\/www.bohinj.si\\\/en\\\/\",\"logo\":{\"@type\":\"ImageObject\",\"inLanguage\":\"en-US\",\"@id\":\"https:\\\/\\\/www.bohinj.si\\\/en\\\/#\\\/schema\\\/logo\\\/image\\\/\",\"url\":\"https:\\\/\\\/www.bohinj.si\\\/wp-content\\\/uploads\\\/2021\\\/04\\\/bohinj_head_logo_slo.png\",\"contentUrl\":\"https:\\\/\\\/www.bohinj.si\\\/wp-content\\\/uploads\\\/2021\\\/04\\\/bohinj_head_logo_slo.png\",\"width\":295,\"height\":56,\"caption\":\"Bohinj - uradna stran destinacije - TNP, Julijske Alpe, Bohinjsko jezero\"},\"image\":{\"@id\":\"https:\\\/\\\/www.bohinj.si\\\/en\\\/#\\\/schema\\\/logo\\\/image\\\/\"}}]}<\/script>\n<!-- \/ Yoast SEO plugin. -->","yoast_head_json":{"title":"Tea for Every Day - Bohinj - uradna stran destinacije - TNP, Julijske Alpe, Bohinjsko jezero","robots":{"index":"index","follow":"follow","max-snippet":"max-snippet:-1","max-image-preview":"max-image-preview:large","max-video-preview":"max-video-preview:-1"},"canonical":"https:\/\/www.bohinj.si\/en\/product\/tea-for-every-day\/","og_locale":"en_US","og_type":"article","og_title":"Tea for Every Day - Bohinj - uradna stran destinacije - TNP, Julijske Alpe, Bohinjsko jezero","og_description":"Ingredients: white dead nettle, spruce tips, rosehips, melissa, yarrow and chamomile flowers. Weight: 30 g","og_url":"https:\/\/www.bohinj.si\/en\/product\/tea-for-every-day\/","og_site_name":"Bohinj - uradna stran destinacije - TNP, Julijske Alpe, Bohinjsko jezero","og_image":[{"width":1280,"height":1920,"url":"https:\/\/www.bohinj.si\/wp-content\/uploads\/2022\/01\/zeliscni_butik_caj_03.jpg","type":"image\/jpeg"}],"twitter_card":"summary_large_image","schema":{"@context":"https:\/\/schema.org","@graph":[{"@type":"WebPage","@id":"https:\/\/www.bohinj.si\/en\/product\/tea-for-every-day\/","url":"https:\/\/www.bohinj.si\/en\/product\/tea-for-every-day\/","name":"Tea for Every Day - Bohinj - uradna stran destinacije - TNP, Julijske Alpe, Bohinjsko jezero","isPartOf":{"@id":"https:\/\/www.bohinj.si\/en\/#website"},"primaryImageOfPage":{"@id":"https:\/\/www.bohinj.si\/en\/product\/tea-for-every-day\/#primaryimage"},"image":{"@id":"https:\/\/www.bohinj.si\/en\/product\/tea-for-every-day\/#primaryimage"},"thumbnailUrl":"https:\/\/www.bohinj.si\/wp-content\/uploads\/2022\/01\/zeliscni_butik_caj_03.jpg","datePublished":"2022-01-10T09:19:42+00:00","breadcrumb":{"@id":"https:\/\/www.bohinj.si\/en\/product\/tea-for-every-day\/#breadcrumb"},"inLanguage":"en-US","potentialAction":[{"@type":"ReadAction","target":["https:\/\/www.bohinj.si\/en\/product\/tea-for-every-day\/"]}]},{"@type":"ImageObject","inLanguage":"en-US","@id":"https:\/\/www.bohinj.si\/en\/product\/tea-for-every-day\/#primaryimage","url":"https:\/\/www.bohinj.si\/wp-content\/uploads\/2022\/01\/zeliscni_butik_caj_03.jpg","contentUrl":"https:\/\/www.bohinj.si\/wp-content\/uploads\/2022\/01\/zeliscni_butik_caj_03.jpg","width":1280,"height":1920,"caption":"Bohinjsko\/From Bohinj, Tea for Every Day"},{"@type":"BreadcrumbList","@id":"https:\/\/www.bohinj.si\/en\/product\/tea-for-every-day\/#breadcrumb","itemListElement":[{"@type":"ListItem","position":1,"name":"Domov","item":"https:\/\/www.bohinj.si\/en\/bohinj-home\/"},{"@type":"ListItem","position":2,"name":"Trgovina","item":"https:\/\/www.bohinj.si\/trgovina\/"},{"@type":"ListItem","position":3,"name":"Tea for Every Day"}]},{"@type":"WebSite","@id":"https:\/\/www.bohinj.si\/en\/#website","url":"https:\/\/www.bohinj.si\/en\/","name":"Bohinj - uradna stran destinacije - TNP, Julijske Alpe, Bohinjsko jezero","description":"Bohinj je zelena oaza v osr\u010dju Triglavskega narodnega parka. Idealno izhodi\u0161\u010de za pohodni\u0161tvo, kolesarjenje, ribolov, smu\u010danje, tek na smu\u010deh ...","publisher":{"@id":"https:\/\/www.bohinj.si\/en\/#organization"},"potentialAction":[{"@type":"SearchAction","target":{"@type":"EntryPoint","urlTemplate":"https:\/\/www.bohinj.si\/en\/?s={search_term_string}"},"query-input":{"@type":"PropertyValueSpecification","valueRequired":true,"valueName":"search_term_string"}}],"inLanguage":"en-US"},{"@type":"Organization","@id":"https:\/\/www.bohinj.si\/en\/#organization","name":"Bohinj - uradna stran destinacije - TNP, Julijske Alpe, Bohinjsko jezero","url":"https:\/\/www.bohinj.si\/en\/","logo":{"@type":"ImageObject","inLanguage":"en-US","@id":"https:\/\/www.bohinj.si\/en\/#\/schema\/logo\/image\/","url":"https:\/\/www.bohinj.si\/wp-content\/uploads\/2021\/04\/bohinj_head_logo_slo.png","contentUrl":"https:\/\/www.bohinj.si\/wp-content\/uploads\/2021\/04\/bohinj_head_logo_slo.png","width":295,"height":56,"caption":"Bohinj - uradna stran destinacije - TNP, Julijske Alpe, Bohinjsko jezero"},"image":{"@id":"https:\/\/www.bohinj.si\/en\/#\/schema\/logo\/image\/"}}]}},"_links":{"self":[{"href":"https:\/\/www.bohinj.si\/en\/wp-json\/wp\/v2\/product\/52681","targetHints":{"allow":["GET"]}}],"collection":[{"href":"https:\/\/www.bohinj.si\/en\/wp-json\/wp\/v2\/product"}],"about":[{"href":"https:\/\/www.bohinj.si\/en\/wp-json\/wp\/v2\/types\/product"}],"wp:featuredmedia":[{"embeddable":true,"href":"https:\/\/www.bohinj.si\/en\/wp-json\/wp\/v2\/media\/46178"}],"wp:attachment":[{"href":"https:\/\/www.bohinj.si\/en\/wp-json\/wp\/v2\/media?parent=52681"}],"wp:term":[{"taxonomy":"product_brand","embeddable":true,"href":"https:\/\/www.bohinj.si\/en\/wp-json\/wp\/v2\/product_brand?post=52681"},{"taxonomy":"product_cat","embeddable":true,"href":"https:\/\/www.bohinj.si\/en\/wp-json\/wp\/v2\/product_cat?post=52681"},{"taxonomy":"product_tag","embeddable":true,"href":"https:\/\/www.bohinj.si\/en\/wp-json\/wp\/v2\/product_tag?post=52681"}],"curies":[{"name":"wp","href":"https:\/\/api.w.org\/{rel}","templated":true}]}}