{"id":53078,"date":"2022-01-25T14:49:31","date_gmt":"2022-01-25T13:49:31","guid":{"rendered":"https:\/\/www.bohinj.si\/izdelek\/evening-torch-walk\/"},"modified":"2024-12-09T11:36:33","modified_gmt":"2024-12-09T10:36:33","slug":"evening-lantern-walk","status":"publish","type":"product","link":"https:\/\/www.bohinj.si\/en\/product\/evening-lantern-walk\/","title":{"rendered":"Evening Lantern Walk"},"content":{"rendered":"<p>Experience the magic of Lake Bohinj at night! A lantern walk is an unforgettable experience you can enjoy all year round. As the sun sets and the lights illuminate your path, immerse yourself in the enchanting atmosphere of Bohinj in the evening.<\/p>\n<p>Experience the magic of Lake Bohinj at night! A lantern walk is an unforgettable experience you can enjoy all year round. As the sun sets and the lights illuminate your path, immerse yourself in the enchanting atmosphere of Bohinj in the evening. With a licensed guide, you&#8217;ll set off to explore the surroundings of Rib\u010dev Laz, where lanterns will light your way. Along the way, you&#8217;ll learn more about the Church of St. John the Baptist, discover the history of Triglav National Park and Lake Bohinj, and listen to local stories and legends that give Bohinj its special charm.<\/p>\n<p>This activity is ideal for both adults and children &#8211; romantic for some, exciting for others. The trail is easy and flat, so it is suitable for all ages.<\/p>\n<p><strong>Duration:<\/strong> 1 &#8211; 1,5 hours<\/p>\n<p><strong>Season:<\/strong> All year round<\/p>\n<p><strong>Includes:<\/strong><\/p>\n<ul>\n<li>Guiding by a licensed guide<\/li>\n<li>Lantern<\/li>\n<\/ul>\n<p><strong>What to bring?<\/strong><\/p>\n<p>For the experience you will need comfortable shoes, warm clothes and a phone or camera to capture unforgettable moments. The activity is suitable for adults and children aged 10 years or older. The level of difficulty is easy, but good general health is required to participate.<\/p>\n<p><strong>Reasons to join:<\/strong><\/p>\n<ul>\n<li>A magical lantern walk<\/li>\n<li>Listen to local legends<\/li>\n<li>Explore Lake Bohinj and Triglav National Park<\/li>\n<\/ul>\n<p><strong>Booking<\/strong><\/p>\n<ul>\n<li>prior booking is required at least 24 hours before the start of the walk.: Grega +386 (0) 31 374 660<\/li>\n<li>we reserve the right to cancel the experience in case of bad weather or insufficient number of participants (less than 4)<\/li>\n<\/ul>\n","protected":false},"excerpt":{"rendered":"<p>A magical evening stroll along the shores of Lake Bohinj.<\/p>\n<p>A romantic experience for adults and interesting for children &#8211; because it runs on flat ground, it is suitable for all ages. With a licensed guide, you will explore the surroundings of Rib\u010dev Lake, where lanterns will light your way. Along the way, you&#8217;ll learn more about the Church of St John the Baptist, discover the history of Triglav National Park and Lake Bohinj, and listen to local stories and legends that give Bohinj its special charm.<\/p>\n","protected":false},"featured_media":136195,"template":"","meta":{"_acf_changed":false},"product_brand":[],"product_cat":[824,1097],"product_tag":[1230],"class_list":{"0":"post-53078","1":"product","2":"type-product","3":"status-publish","4":"has-post-thumbnail","6":"product_cat-bohinjsko-from-bohinj-certificate","7":"product_cat-experience-bohinjsko-from-bohinj","8":"product_tag-druzinska-in-ustvarjalna-dozivetja-en","10":"first","11":"instock","12":"taxable","13":"shipping-taxable","14":"product-type-external"},"acf":[],"yoast_head":"<!-- This site is optimized with the Yoast SEO plugin v27.5 - https:\/\/yoast.com\/product\/yoast-seo-wordpress\/ -->\n<title>Evening Lantern Walk - Bohinj - uradna stran destinacije - TNP, Julijske Alpe, Bohinjsko jezero<\/title>\n<meta name=\"description\" content=\"Experience the magic of Lake Bohinj at night! A lantern walk is an unforgettable experience you can enjoy all year round.\" \/>\n<meta name=\"robots\" content=\"index, follow, max-snippet:-1, max-image-preview:large, max-video-preview:-1\" \/>\n<link rel=\"canonical\" href=\"https:\/\/www.bohinj.si\/en\/product\/evening-lantern-walk\/\" \/>\n<meta property=\"og:locale\" content=\"en_US\" \/>\n<meta property=\"og:type\" content=\"article\" \/>\n<meta property=\"og:title\" content=\"Evening Lantern Walk - Bohinj - uradna stran destinacije - TNP, Julijske Alpe, Bohinjsko jezero\" \/>\n<meta property=\"og:description\" content=\"Experience the magic of Lake Bohinj at night! A lantern walk is an unforgettable experience you can enjoy all year round.\" \/>\n<meta property=\"og:url\" content=\"https:\/\/www.bohinj.si\/en\/product\/evening-lantern-walk\/\" \/>\n<meta property=\"og:site_name\" content=\"Bohinj - uradna stran destinacije - TNP, Julijske Alpe, Bohinjsko jezero\" \/>\n<meta property=\"article:modified_time\" content=\"2024-12-09T10:36:33+00:00\" \/>\n<meta property=\"og:image\" content=\"https:\/\/www.bohinj.si\/wp-content\/uploads\/2022\/01\/bakle10.jpg\" \/>\n\t<meta property=\"og:image:width\" content=\"789\" \/>\n\t<meta property=\"og:image:height\" content=\"1024\" \/>\n\t<meta property=\"og:image:type\" content=\"image\/jpeg\" \/>\n<meta name=\"twitter:card\" content=\"summary_large_image\" \/>\n<meta name=\"twitter:label1\" content=\"Est. reading time\" \/>\n\t<meta name=\"twitter:data1\" content=\"2 minutes\" \/>\n<script type=\"application\/ld+json\" class=\"yoast-schema-graph\">{\"@context\":\"https:\\\/\\\/schema.org\",\"@graph\":[{\"@type\":\"WebPage\",\"@id\":\"https:\\\/\\\/www.bohinj.si\\\/en\\\/product\\\/evening-lantern-walk\\\/\",\"url\":\"https:\\\/\\\/www.bohinj.si\\\/en\\\/product\\\/evening-lantern-walk\\\/\",\"name\":\"Evening Lantern Walk - Bohinj - uradna stran destinacije - TNP, Julijske Alpe, Bohinjsko jezero\",\"isPartOf\":{\"@id\":\"https:\\\/\\\/www.bohinj.si\\\/en\\\/#website\"},\"primaryImageOfPage\":{\"@id\":\"https:\\\/\\\/www.bohinj.si\\\/en\\\/product\\\/evening-lantern-walk\\\/#primaryimage\"},\"image\":{\"@id\":\"https:\\\/\\\/www.bohinj.si\\\/en\\\/product\\\/evening-lantern-walk\\\/#primaryimage\"},\"thumbnailUrl\":\"https:\\\/\\\/www.bohinj.si\\\/wp-content\\\/uploads\\\/2022\\\/01\\\/unnamed-9.jpg\",\"datePublished\":\"2022-01-25T13:49:31+00:00\",\"dateModified\":\"2024-12-09T10:36:33+00:00\",\"description\":\"Experience the magic of Lake Bohinj at night! A lantern walk is an unforgettable experience you can enjoy all year round.\",\"breadcrumb\":{\"@id\":\"https:\\\/\\\/www.bohinj.si\\\/en\\\/product\\\/evening-lantern-walk\\\/#breadcrumb\"},\"inLanguage\":\"en-US\",\"potentialAction\":[{\"@type\":\"ReadAction\",\"target\":[\"https:\\\/\\\/www.bohinj.si\\\/en\\\/product\\\/evening-lantern-walk\\\/\"]}]},{\"@type\":\"ImageObject\",\"inLanguage\":\"en-US\",\"@id\":\"https:\\\/\\\/www.bohinj.si\\\/en\\\/product\\\/evening-lantern-walk\\\/#primaryimage\",\"url\":\"https:\\\/\\\/www.bohinj.si\\\/wp-content\\\/uploads\\\/2022\\\/01\\\/unnamed-9.jpg\",\"contentUrl\":\"https:\\\/\\\/www.bohinj.si\\\/wp-content\\\/uploads\\\/2022\\\/01\\\/unnamed-9.jpg\",\"width\":1280,\"height\":960},{\"@type\":\"BreadcrumbList\",\"@id\":\"https:\\\/\\\/www.bohinj.si\\\/en\\\/product\\\/evening-lantern-walk\\\/#breadcrumb\",\"itemListElement\":[{\"@type\":\"ListItem\",\"position\":1,\"name\":\"Domov\",\"item\":\"https:\\\/\\\/www.bohinj.si\\\/en\\\/bohinj-home\\\/\"},{\"@type\":\"ListItem\",\"position\":2,\"name\":\"Trgovina\",\"item\":\"https:\\\/\\\/www.bohinj.si\\\/trgovina\\\/\"},{\"@type\":\"ListItem\",\"position\":3,\"name\":\"Evening Lantern Walk\"}]},{\"@type\":\"WebSite\",\"@id\":\"https:\\\/\\\/www.bohinj.si\\\/en\\\/#website\",\"url\":\"https:\\\/\\\/www.bohinj.si\\\/en\\\/\",\"name\":\"Bohinj - uradna stran destinacije - TNP, Julijske Alpe, Bohinjsko jezero\",\"description\":\"Bohinj je zelena oaza v osr\u010dju Triglavskega narodnega parka. Idealno izhodi\u0161\u010de za pohodni\u0161tvo, kolesarjenje, ribolov, smu\u010danje, tek na smu\u010deh ...\",\"publisher\":{\"@id\":\"https:\\\/\\\/www.bohinj.si\\\/en\\\/#organization\"},\"potentialAction\":[{\"@type\":\"SearchAction\",\"target\":{\"@type\":\"EntryPoint\",\"urlTemplate\":\"https:\\\/\\\/www.bohinj.si\\\/en\\\/?s={search_term_string}\"},\"query-input\":{\"@type\":\"PropertyValueSpecification\",\"valueRequired\":true,\"valueName\":\"search_term_string\"}}],\"inLanguage\":\"en-US\"},{\"@type\":\"Organization\",\"@id\":\"https:\\\/\\\/www.bohinj.si\\\/en\\\/#organization\",\"name\":\"Bohinj - uradna stran destinacije - TNP, Julijske Alpe, Bohinjsko jezero\",\"url\":\"https:\\\/\\\/www.bohinj.si\\\/en\\\/\",\"logo\":{\"@type\":\"ImageObject\",\"inLanguage\":\"en-US\",\"@id\":\"https:\\\/\\\/www.bohinj.si\\\/en\\\/#\\\/schema\\\/logo\\\/image\\\/\",\"url\":\"https:\\\/\\\/www.bohinj.si\\\/wp-content\\\/uploads\\\/2021\\\/04\\\/bohinj_head_logo_slo.png\",\"contentUrl\":\"https:\\\/\\\/www.bohinj.si\\\/wp-content\\\/uploads\\\/2021\\\/04\\\/bohinj_head_logo_slo.png\",\"width\":295,\"height\":56,\"caption\":\"Bohinj - uradna stran destinacije - TNP, Julijske Alpe, Bohinjsko jezero\"},\"image\":{\"@id\":\"https:\\\/\\\/www.bohinj.si\\\/en\\\/#\\\/schema\\\/logo\\\/image\\\/\"}}]}<\/script>\n<!-- \/ Yoast SEO plugin. -->","yoast_head_json":{"title":"Evening Lantern Walk - Bohinj - uradna stran destinacije - TNP, Julijske Alpe, Bohinjsko jezero","description":"Experience the magic of Lake Bohinj at night! A lantern walk is an unforgettable experience you can enjoy all year round.","robots":{"index":"index","follow":"follow","max-snippet":"max-snippet:-1","max-image-preview":"max-image-preview:large","max-video-preview":"max-video-preview:-1"},"canonical":"https:\/\/www.bohinj.si\/en\/product\/evening-lantern-walk\/","og_locale":"en_US","og_type":"article","og_title":"Evening Lantern Walk - Bohinj - uradna stran destinacije - TNP, Julijske Alpe, Bohinjsko jezero","og_description":"Experience the magic of Lake Bohinj at night! A lantern walk is an unforgettable experience you can enjoy all year round.","og_url":"https:\/\/www.bohinj.si\/en\/product\/evening-lantern-walk\/","og_site_name":"Bohinj - uradna stran destinacije - TNP, Julijske Alpe, Bohinjsko jezero","article_modified_time":"2024-12-09T10:36:33+00:00","og_image":[{"width":789,"height":1024,"url":"https:\/\/www.bohinj.si\/wp-content\/uploads\/2022\/01\/bakle10.jpg","type":"image\/jpeg"}],"twitter_card":"summary_large_image","twitter_misc":{"Est. reading time":"2 minutes"},"schema":{"@context":"https:\/\/schema.org","@graph":[{"@type":"WebPage","@id":"https:\/\/www.bohinj.si\/en\/product\/evening-lantern-walk\/","url":"https:\/\/www.bohinj.si\/en\/product\/evening-lantern-walk\/","name":"Evening Lantern Walk - Bohinj - uradna stran destinacije - TNP, Julijske Alpe, Bohinjsko jezero","isPartOf":{"@id":"https:\/\/www.bohinj.si\/en\/#website"},"primaryImageOfPage":{"@id":"https:\/\/www.bohinj.si\/en\/product\/evening-lantern-walk\/#primaryimage"},"image":{"@id":"https:\/\/www.bohinj.si\/en\/product\/evening-lantern-walk\/#primaryimage"},"thumbnailUrl":"https:\/\/www.bohinj.si\/wp-content\/uploads\/2022\/01\/unnamed-9.jpg","datePublished":"2022-01-25T13:49:31+00:00","dateModified":"2024-12-09T10:36:33+00:00","description":"Experience the magic of Lake Bohinj at night! A lantern walk is an unforgettable experience you can enjoy all year round.","breadcrumb":{"@id":"https:\/\/www.bohinj.si\/en\/product\/evening-lantern-walk\/#breadcrumb"},"inLanguage":"en-US","potentialAction":[{"@type":"ReadAction","target":["https:\/\/www.bohinj.si\/en\/product\/evening-lantern-walk\/"]}]},{"@type":"ImageObject","inLanguage":"en-US","@id":"https:\/\/www.bohinj.si\/en\/product\/evening-lantern-walk\/#primaryimage","url":"https:\/\/www.bohinj.si\/wp-content\/uploads\/2022\/01\/unnamed-9.jpg","contentUrl":"https:\/\/www.bohinj.si\/wp-content\/uploads\/2022\/01\/unnamed-9.jpg","width":1280,"height":960},{"@type":"BreadcrumbList","@id":"https:\/\/www.bohinj.si\/en\/product\/evening-lantern-walk\/#breadcrumb","itemListElement":[{"@type":"ListItem","position":1,"name":"Domov","item":"https:\/\/www.bohinj.si\/en\/bohinj-home\/"},{"@type":"ListItem","position":2,"name":"Trgovina","item":"https:\/\/www.bohinj.si\/trgovina\/"},{"@type":"ListItem","position":3,"name":"Evening Lantern Walk"}]},{"@type":"WebSite","@id":"https:\/\/www.bohinj.si\/en\/#website","url":"https:\/\/www.bohinj.si\/en\/","name":"Bohinj - uradna stran destinacije - TNP, Julijske Alpe, Bohinjsko jezero","description":"Bohinj je zelena oaza v osr\u010dju Triglavskega narodnega parka. Idealno izhodi\u0161\u010de za pohodni\u0161tvo, kolesarjenje, ribolov, smu\u010danje, tek na smu\u010deh ...","publisher":{"@id":"https:\/\/www.bohinj.si\/en\/#organization"},"potentialAction":[{"@type":"SearchAction","target":{"@type":"EntryPoint","urlTemplate":"https:\/\/www.bohinj.si\/en\/?s={search_term_string}"},"query-input":{"@type":"PropertyValueSpecification","valueRequired":true,"valueName":"search_term_string"}}],"inLanguage":"en-US"},{"@type":"Organization","@id":"https:\/\/www.bohinj.si\/en\/#organization","name":"Bohinj - uradna stran destinacije - TNP, Julijske Alpe, Bohinjsko jezero","url":"https:\/\/www.bohinj.si\/en\/","logo":{"@type":"ImageObject","inLanguage":"en-US","@id":"https:\/\/www.bohinj.si\/en\/#\/schema\/logo\/image\/","url":"https:\/\/www.bohinj.si\/wp-content\/uploads\/2021\/04\/bohinj_head_logo_slo.png","contentUrl":"https:\/\/www.bohinj.si\/wp-content\/uploads\/2021\/04\/bohinj_head_logo_slo.png","width":295,"height":56,"caption":"Bohinj - uradna stran destinacije - TNP, Julijske Alpe, Bohinjsko jezero"},"image":{"@id":"https:\/\/www.bohinj.si\/en\/#\/schema\/logo\/image\/"}}]}},"_links":{"self":[{"href":"https:\/\/www.bohinj.si\/en\/wp-json\/wp\/v2\/product\/53078","targetHints":{"allow":["GET"]}}],"collection":[{"href":"https:\/\/www.bohinj.si\/en\/wp-json\/wp\/v2\/product"}],"about":[{"href":"https:\/\/www.bohinj.si\/en\/wp-json\/wp\/v2\/types\/product"}],"wp:featuredmedia":[{"embeddable":true,"href":"https:\/\/www.bohinj.si\/en\/wp-json\/wp\/v2\/media\/136195"}],"wp:attachment":[{"href":"https:\/\/www.bohinj.si\/en\/wp-json\/wp\/v2\/media?parent=53078"}],"wp:term":[{"taxonomy":"product_brand","embeddable":true,"href":"https:\/\/www.bohinj.si\/en\/wp-json\/wp\/v2\/product_brand?post=53078"},{"taxonomy":"product_cat","embeddable":true,"href":"https:\/\/www.bohinj.si\/en\/wp-json\/wp\/v2\/product_cat?post=53078"},{"taxonomy":"product_tag","embeddable":true,"href":"https:\/\/www.bohinj.si\/en\/wp-json\/wp\/v2\/product_tag?post=53078"}],"curies":[{"name":"wp","href":"https:\/\/api.w.org\/{rel}","templated":true}]}}