{"id":53089,"date":"2022-01-25T15:22:26","date_gmt":"2022-01-25T14:22:26","guid":{"rendered":"https:\/\/www.bohinj.si\/izdelek\/traditional-bread-baking-in-a-brick-oven\/"},"modified":"2023-01-24T11:53:17","modified_gmt":"2023-01-24T10:53:17","slug":"traditional-bread-baking-in-a-brick-oven","status":"publish","type":"product","link":"https:\/\/www.bohinj.si\/en\/product\/traditional-bread-baking-in-a-brick-oven\/","title":{"rendered":"Traditional bread baking in a brick oven"},"content":{"rendered":"<p>Learn how to fire the bread oven and prepare everything for baking &#8211; an experience awarded with the Bohinjsko\/From Bohinj certificate.<\/p>\n<p>Do you want to know how to check the temperature in an oven that doesn&#8217;t have the settings of modern ovens, which wood is the right wood, how to know when the bread is baked?<\/p>\n<p>From start to finish, you will bake your own bread in a real bread oven, which you will also fire and prepare for baking with the help of Marija.<\/p>\n<p>Once you smell the freshly baked bread, the Bohinj snack with freshly baked bread, sausage and &#8220;snaps&#8221; will follow. Who knows which Bohinj tale you&#8217;ll be swept away by chatting over work and brunch. The only limit is your curiosity.<\/p>\n<h3>DETAILS<\/h3>\n<ul>\n<li>Minimum number of persons: 10<\/li>\n<li>Duration: 2 hours<\/li>\n<li>The programme is adapted to the age group.<\/li>\n<li>Advance booking is required at <a href=\"mailto:marija.zvan@gmail.com\">marija.zvan@gmail.com<\/a>.<\/li>\n<\/ul>\n<h3>PRICE<\/h3>\n<ul>\n<li>per person, depending on the offer included.<\/li>\n<li>includes: guiding, entrance fees, ingredients, Bohinj snack, welcome drink.<\/li>\n<\/ul>\n","protected":false},"excerpt":{"rendered":"<p>Do you want to know how to check the temperature in an oven that doesn&#8217;t have the settings of modern ovens, which wood is the right wood, how to know when the bread is baked?<\/p>\n","protected":false},"featured_media":53082,"template":"","meta":{"_acf_changed":false,"_price":"38","_stock":"","_tribe_ticket_header":"","_tribe_default_ticket_provider":"","_tribe_ticket_capacity":"0","_ticket_start_date":"","_ticket_end_date":"","_tribe_ticket_show_description":"","_tribe_ticket_show_not_going":false,"_tribe_ticket_use_global_stock":"","_tribe_ticket_global_stock_level":"","_global_stock_mode":"","_global_stock_cap":"","_tribe_rsvp_for_event":"","_tribe_ticket_going_count":"","_tribe_ticket_not_going_count":"","_tribe_tickets_list":"[]","_tribe_ticket_has_attendee_info_fields":false,"_tec_slr_enabled":"","_tec_slr_layout":""},"product_brand":[],"product_cat":[824,1097],"product_tag":[1228,1230],"class_list":{"0":"post-53089","1":"product","2":"type-product","3":"status-publish","4":"has-post-thumbnail","6":"product_cat-bohinjsko-from-bohinj-certificate","7":"product_cat-experience-bohinjsko-from-bohinj","8":"product_tag-kulinaricna-dozivetja-en","9":"product_tag-druzinska-in-ustvarjalna-dozivetja-en","11":"first","12":"instock","13":"taxable","14":"shipping-taxable","15":"product-type-external"},"acf":[],"yoast_head":"<!-- This site is optimized with the Yoast SEO plugin v27.3 - https:\/\/yoast.com\/product\/yoast-seo-wordpress\/ -->\n<title>Traditional bread baking in a brick oven - Bohinj - uradna stran destinacije - TNP, Julijske Alpe, Bohinjsko jezero<\/title>\n<meta name=\"robots\" content=\"index, follow, max-snippet:-1, max-image-preview:large, max-video-preview:-1\" \/>\n<link rel=\"canonical\" href=\"https:\/\/www.bohinj.si\/en\/product\/traditional-bread-baking-in-a-brick-oven\/\" \/>\n<meta property=\"og:locale\" content=\"en_US\" \/>\n<meta property=\"og:type\" content=\"article\" \/>\n<meta property=\"og:title\" content=\"Traditional bread baking in a brick oven - Bohinj - uradna stran destinacije - TNP, Julijske Alpe, Bohinjsko jezero\" \/>\n<meta property=\"og:description\" content=\"Do you want to know how to check the temperature in an oven that doesn&#039;t have the settings of modern ovens, which wood is the right wood, how to know when the bread is baked?\" \/>\n<meta property=\"og:url\" content=\"https:\/\/www.bohinj.si\/en\/product\/traditional-bread-baking-in-a-brick-oven\/\" \/>\n<meta property=\"og:site_name\" content=\"Bohinj - uradna stran destinacije - TNP, Julijske Alpe, Bohinjsko jezero\" \/>\n<meta property=\"article:modified_time\" content=\"2023-01-24T10:53:17+00:00\" \/>\n<meta property=\"og:image\" content=\"https:\/\/www.bohinj.si\/wp-content\/uploads\/2022\/01\/bohinjsko-marija-zvan-04-1-1024x683-1.jpg\" \/>\n\t<meta property=\"og:image:width\" content=\"1024\" \/>\n\t<meta property=\"og:image:height\" content=\"683\" \/>\n\t<meta property=\"og:image:type\" content=\"image\/jpeg\" \/>\n<meta name=\"twitter:card\" content=\"summary_large_image\" \/>\n<meta name=\"twitter:label1\" content=\"Est. reading time\" \/>\n\t<meta name=\"twitter:data1\" content=\"1 minute\" \/>\n<script type=\"application\/ld+json\" class=\"yoast-schema-graph\">{\"@context\":\"https:\\\/\\\/schema.org\",\"@graph\":[{\"@type\":\"WebPage\",\"@id\":\"https:\\\/\\\/www.bohinj.si\\\/en\\\/product\\\/traditional-bread-baking-in-a-brick-oven\\\/\",\"url\":\"https:\\\/\\\/www.bohinj.si\\\/en\\\/product\\\/traditional-bread-baking-in-a-brick-oven\\\/\",\"name\":\"Traditional bread baking in a brick oven - Bohinj - uradna stran destinacije - TNP, Julijske Alpe, Bohinjsko jezero\",\"isPartOf\":{\"@id\":\"https:\\\/\\\/www.bohinj.si\\\/en\\\/#website\"},\"primaryImageOfPage\":{\"@id\":\"https:\\\/\\\/www.bohinj.si\\\/en\\\/product\\\/traditional-bread-baking-in-a-brick-oven\\\/#primaryimage\"},\"image\":{\"@id\":\"https:\\\/\\\/www.bohinj.si\\\/en\\\/product\\\/traditional-bread-baking-in-a-brick-oven\\\/#primaryimage\"},\"thumbnailUrl\":\"https:\\\/\\\/www.bohinj.si\\\/wp-content\\\/uploads\\\/2022\\\/01\\\/bohinjsko-marija-zvan-04-1-1024x683-1.jpg\",\"datePublished\":\"2022-01-25T14:22:26+00:00\",\"dateModified\":\"2023-01-24T10:53:17+00:00\",\"breadcrumb\":{\"@id\":\"https:\\\/\\\/www.bohinj.si\\\/en\\\/product\\\/traditional-bread-baking-in-a-brick-oven\\\/#breadcrumb\"},\"inLanguage\":\"en-US\",\"potentialAction\":[{\"@type\":\"ReadAction\",\"target\":[\"https:\\\/\\\/www.bohinj.si\\\/en\\\/product\\\/traditional-bread-baking-in-a-brick-oven\\\/\"]}]},{\"@type\":\"ImageObject\",\"inLanguage\":\"en-US\",\"@id\":\"https:\\\/\\\/www.bohinj.si\\\/en\\\/product\\\/traditional-bread-baking-in-a-brick-oven\\\/#primaryimage\",\"url\":\"https:\\\/\\\/www.bohinj.si\\\/wp-content\\\/uploads\\\/2022\\\/01\\\/bohinjsko-marija-zvan-04-1-1024x683-1.jpg\",\"contentUrl\":\"https:\\\/\\\/www.bohinj.si\\\/wp-content\\\/uploads\\\/2022\\\/01\\\/bohinjsko-marija-zvan-04-1-1024x683-1.jpg\",\"width\":1024,\"height\":683},{\"@type\":\"BreadcrumbList\",\"@id\":\"https:\\\/\\\/www.bohinj.si\\\/en\\\/product\\\/traditional-bread-baking-in-a-brick-oven\\\/#breadcrumb\",\"itemListElement\":[{\"@type\":\"ListItem\",\"position\":1,\"name\":\"Domov\",\"item\":\"https:\\\/\\\/www.bohinj.si\\\/en\\\/bohinj-home\\\/\"},{\"@type\":\"ListItem\",\"position\":2,\"name\":\"Trgovina\",\"item\":\"https:\\\/\\\/www.bohinj.si\\\/trgovina\\\/\"},{\"@type\":\"ListItem\",\"position\":3,\"name\":\"Traditional bread baking in a brick oven\"}]},{\"@type\":\"WebSite\",\"@id\":\"https:\\\/\\\/www.bohinj.si\\\/en\\\/#website\",\"url\":\"https:\\\/\\\/www.bohinj.si\\\/en\\\/\",\"name\":\"Bohinj - uradna stran destinacije - TNP, Julijske Alpe, Bohinjsko jezero\",\"description\":\"Bohinj je zelena oaza v osr\u010dju Triglavskega narodnega parka. Idealno izhodi\u0161\u010de za pohodni\u0161tvo, kolesarjenje, ribolov, smu\u010danje, tek na smu\u010deh ...\",\"publisher\":{\"@id\":\"https:\\\/\\\/www.bohinj.si\\\/en\\\/#organization\"},\"potentialAction\":[{\"@type\":\"SearchAction\",\"target\":{\"@type\":\"EntryPoint\",\"urlTemplate\":\"https:\\\/\\\/www.bohinj.si\\\/en\\\/?s={search_term_string}\"},\"query-input\":{\"@type\":\"PropertyValueSpecification\",\"valueRequired\":true,\"valueName\":\"search_term_string\"}}],\"inLanguage\":\"en-US\"},{\"@type\":\"Organization\",\"@id\":\"https:\\\/\\\/www.bohinj.si\\\/en\\\/#organization\",\"name\":\"Bohinj - uradna stran destinacije - TNP, Julijske Alpe, Bohinjsko jezero\",\"url\":\"https:\\\/\\\/www.bohinj.si\\\/en\\\/\",\"logo\":{\"@type\":\"ImageObject\",\"inLanguage\":\"en-US\",\"@id\":\"https:\\\/\\\/www.bohinj.si\\\/en\\\/#\\\/schema\\\/logo\\\/image\\\/\",\"url\":\"https:\\\/\\\/www.bohinj.si\\\/wp-content\\\/uploads\\\/2021\\\/04\\\/bohinj_head_logo_slo.png\",\"contentUrl\":\"https:\\\/\\\/www.bohinj.si\\\/wp-content\\\/uploads\\\/2021\\\/04\\\/bohinj_head_logo_slo.png\",\"width\":295,\"height\":56,\"caption\":\"Bohinj - uradna stran destinacije - TNP, Julijske Alpe, Bohinjsko jezero\"},\"image\":{\"@id\":\"https:\\\/\\\/www.bohinj.si\\\/en\\\/#\\\/schema\\\/logo\\\/image\\\/\"}}]}<\/script>\n<!-- \/ Yoast SEO plugin. -->","yoast_head_json":{"title":"Traditional bread baking in a brick oven - Bohinj - uradna stran destinacije - TNP, Julijske Alpe, Bohinjsko jezero","robots":{"index":"index","follow":"follow","max-snippet":"max-snippet:-1","max-image-preview":"max-image-preview:large","max-video-preview":"max-video-preview:-1"},"canonical":"https:\/\/www.bohinj.si\/en\/product\/traditional-bread-baking-in-a-brick-oven\/","og_locale":"en_US","og_type":"article","og_title":"Traditional bread baking in a brick oven - Bohinj - uradna stran destinacije - TNP, Julijske Alpe, Bohinjsko jezero","og_description":"Do you want to know how to check the temperature in an oven that doesn't have the settings of modern ovens, which wood is the right wood, how to know when the bread is baked?","og_url":"https:\/\/www.bohinj.si\/en\/product\/traditional-bread-baking-in-a-brick-oven\/","og_site_name":"Bohinj - uradna stran destinacije - TNP, Julijske Alpe, Bohinjsko jezero","article_modified_time":"2023-01-24T10:53:17+00:00","og_image":[{"width":1024,"height":683,"url":"https:\/\/www.bohinj.si\/wp-content\/uploads\/2022\/01\/bohinjsko-marija-zvan-04-1-1024x683-1.jpg","type":"image\/jpeg"}],"twitter_card":"summary_large_image","twitter_misc":{"Est. reading time":"1 minute"},"schema":{"@context":"https:\/\/schema.org","@graph":[{"@type":"WebPage","@id":"https:\/\/www.bohinj.si\/en\/product\/traditional-bread-baking-in-a-brick-oven\/","url":"https:\/\/www.bohinj.si\/en\/product\/traditional-bread-baking-in-a-brick-oven\/","name":"Traditional bread baking in a brick oven - Bohinj - uradna stran destinacije - TNP, Julijske Alpe, Bohinjsko jezero","isPartOf":{"@id":"https:\/\/www.bohinj.si\/en\/#website"},"primaryImageOfPage":{"@id":"https:\/\/www.bohinj.si\/en\/product\/traditional-bread-baking-in-a-brick-oven\/#primaryimage"},"image":{"@id":"https:\/\/www.bohinj.si\/en\/product\/traditional-bread-baking-in-a-brick-oven\/#primaryimage"},"thumbnailUrl":"https:\/\/www.bohinj.si\/wp-content\/uploads\/2022\/01\/bohinjsko-marija-zvan-04-1-1024x683-1.jpg","datePublished":"2022-01-25T14:22:26+00:00","dateModified":"2023-01-24T10:53:17+00:00","breadcrumb":{"@id":"https:\/\/www.bohinj.si\/en\/product\/traditional-bread-baking-in-a-brick-oven\/#breadcrumb"},"inLanguage":"en-US","potentialAction":[{"@type":"ReadAction","target":["https:\/\/www.bohinj.si\/en\/product\/traditional-bread-baking-in-a-brick-oven\/"]}]},{"@type":"ImageObject","inLanguage":"en-US","@id":"https:\/\/www.bohinj.si\/en\/product\/traditional-bread-baking-in-a-brick-oven\/#primaryimage","url":"https:\/\/www.bohinj.si\/wp-content\/uploads\/2022\/01\/bohinjsko-marija-zvan-04-1-1024x683-1.jpg","contentUrl":"https:\/\/www.bohinj.si\/wp-content\/uploads\/2022\/01\/bohinjsko-marija-zvan-04-1-1024x683-1.jpg","width":1024,"height":683},{"@type":"BreadcrumbList","@id":"https:\/\/www.bohinj.si\/en\/product\/traditional-bread-baking-in-a-brick-oven\/#breadcrumb","itemListElement":[{"@type":"ListItem","position":1,"name":"Domov","item":"https:\/\/www.bohinj.si\/en\/bohinj-home\/"},{"@type":"ListItem","position":2,"name":"Trgovina","item":"https:\/\/www.bohinj.si\/trgovina\/"},{"@type":"ListItem","position":3,"name":"Traditional bread baking in a brick oven"}]},{"@type":"WebSite","@id":"https:\/\/www.bohinj.si\/en\/#website","url":"https:\/\/www.bohinj.si\/en\/","name":"Bohinj - uradna stran destinacije - TNP, Julijske Alpe, Bohinjsko jezero","description":"Bohinj je zelena oaza v osr\u010dju Triglavskega narodnega parka. Idealno izhodi\u0161\u010de za pohodni\u0161tvo, kolesarjenje, ribolov, smu\u010danje, tek na smu\u010deh ...","publisher":{"@id":"https:\/\/www.bohinj.si\/en\/#organization"},"potentialAction":[{"@type":"SearchAction","target":{"@type":"EntryPoint","urlTemplate":"https:\/\/www.bohinj.si\/en\/?s={search_term_string}"},"query-input":{"@type":"PropertyValueSpecification","valueRequired":true,"valueName":"search_term_string"}}],"inLanguage":"en-US"},{"@type":"Organization","@id":"https:\/\/www.bohinj.si\/en\/#organization","name":"Bohinj - uradna stran destinacije - TNP, Julijske Alpe, Bohinjsko jezero","url":"https:\/\/www.bohinj.si\/en\/","logo":{"@type":"ImageObject","inLanguage":"en-US","@id":"https:\/\/www.bohinj.si\/en\/#\/schema\/logo\/image\/","url":"https:\/\/www.bohinj.si\/wp-content\/uploads\/2021\/04\/bohinj_head_logo_slo.png","contentUrl":"https:\/\/www.bohinj.si\/wp-content\/uploads\/2021\/04\/bohinj_head_logo_slo.png","width":295,"height":56,"caption":"Bohinj - uradna stran destinacije - TNP, Julijske Alpe, Bohinjsko jezero"},"image":{"@id":"https:\/\/www.bohinj.si\/en\/#\/schema\/logo\/image\/"}}]}},"_links":{"self":[{"href":"https:\/\/www.bohinj.si\/en\/wp-json\/wp\/v2\/product\/53089","targetHints":{"allow":["GET"]}}],"collection":[{"href":"https:\/\/www.bohinj.si\/en\/wp-json\/wp\/v2\/product"}],"about":[{"href":"https:\/\/www.bohinj.si\/en\/wp-json\/wp\/v2\/types\/product"}],"wp:featuredmedia":[{"embeddable":true,"href":"https:\/\/www.bohinj.si\/en\/wp-json\/wp\/v2\/media\/53082"}],"wp:attachment":[{"href":"https:\/\/www.bohinj.si\/en\/wp-json\/wp\/v2\/media?parent=53089"}],"wp:term":[{"taxonomy":"product_brand","embeddable":true,"href":"https:\/\/www.bohinj.si\/en\/wp-json\/wp\/v2\/product_brand?post=53089"},{"taxonomy":"product_cat","embeddable":true,"href":"https:\/\/www.bohinj.si\/en\/wp-json\/wp\/v2\/product_cat?post=53089"},{"taxonomy":"product_tag","embeddable":true,"href":"https:\/\/www.bohinj.si\/en\/wp-json\/wp\/v2\/product_tag?post=53089"}],"curies":[{"name":"wp","href":"https:\/\/api.w.org\/{rel}","templated":true}]}}