{"id":56387,"date":"2021-08-11T21:51:05","date_gmt":"2021-08-11T19:51:05","guid":{"rendered":"https:\/\/www.bohinj.si\/izdelek\/vegetarian-bohinj-breakfast-for-two-people\/"},"modified":"2024-01-16T08:46:26","modified_gmt":"2024-01-16T07:46:26","slug":"vegetarian-bohinj-breakfast-for-two-people","status":"publish","type":"product","link":"https:\/\/www.bohinj.si\/en\/product\/vegetarian-bohinj-breakfast-for-two-people\/","title":{"rendered":"Vegetarian Bohinj breakfast for two people"},"content":{"rendered":"<p>The day is known by the morning, and the hard-working hands that prepare the best of Bohinj a delicious breakfast to start the day. Thank you for trusting the people of Bohinj!<\/p>\n<h3>The vegetarian Bohinj breakfast includes:<\/h3>\n<ul>\n<li>smoked cheese<\/li>\n<li>goat curd cheese spread<\/li>\n<li>dried fruit<\/li>\n<li>fresh and marinated vegetables<\/li>\n<li>honey<\/li>\n<li>homemade marmelade<\/li>\n<li>homemade butter<\/li>\n<li>seasonal fruit<\/li>\n<li>fruit drink<\/li>\n<li>yoghurt<\/li>\n<li>bread or bread rolls<\/li>\n<li>chocolate mignon<\/li>\n<\/ul>\n<h3>Delivery:<\/h3>\n<ul>\n<li>Every day between 8:00 \u2013 9:30<\/li>\n<li>Next day delivery can be ordered until 18:00<\/li>\n<li>We deliver in the Lower and Upper Bohinj Valley and Ukanc<\/li>\n<li><a id=\"obrazec-placila-gotovina-zajtrk\"><\/a>When you complete your order in the online shop, please provide the address of your accommodation where your breakfast will be delivered.<\/li>\n<\/ul>\n<h3>WANT TO ORDER BREAKFAST ON A SPECIFIC DATE?<\/h3>\n<p>If you are not ordering breakfast for the next day, please specify the delivery date in the <strong>Order Notes<\/strong> at the end of the shopping basket.<\/p>\n<h3>PAYMENT OPTIONS<\/h3>\n<ul>\n<li>Pay by card or PayPal<\/li>\n<li>If you pay in cash, please fill in the form below upon delivery:<\/li>\n<\/ul>\n<p><span class=\"nf-button nfpopup\">BREAKFAST PAYMENT IN CASH ON DELIVERY<\/span><\/p>\n<p>[nf-popup id=&#8221;29885&#8243;]<\/p>\n<h3>FURTHER INFORMATION<\/h3>\n<ul>\n<li>Ordering assistance: <a href=\"mailto:branko.ravnik@bohinj.si\">bohinjsko@bohinj.si<\/a> or 04 57 47 590<\/li>\n<li>Allergen information is available at the bottom of the page.<\/li>\n<li>The packaging is returnable, you can leave it with your host. Thank you for taking care of the environment.<\/li>\n<\/ul>\n","protected":false},"excerpt":{"rendered":"<p>You can order breakfast until 18:00 for next-day delivery!<\/p>\n<p>In case of payment in cash upon delivery: , please fill in the <strong>FORM IN THE PRODUCT DESCRIPTION<\/strong><\/p>\n","protected":false},"featured_media":52429,"template":"","meta":{"_acf_changed":false,"_price":"29.90","_stock":null,"_tribe_ticket_header":"","_tribe_default_ticket_provider":"","_tribe_ticket_capacity":"32","_ticket_start_date":"","_ticket_end_date":"","_tribe_ticket_show_description":"","_tribe_ticket_show_not_going":false,"_tribe_ticket_use_global_stock":"","_tribe_ticket_global_stock_level":"","_global_stock_mode":"","_global_stock_cap":"","_tribe_rsvp_for_event":"","_tribe_ticket_going_count":"","_tribe_ticket_not_going_count":"","_tribe_tickets_list":"[]","_tribe_ticket_has_attendee_info_fields":false,"_tec_slr_enabled":"","_tec_slr_layout":""},"product_brand":[],"product_cat":[825,824],"product_tag":[],"class_list":{"0":"post-56387","1":"product","2":"type-product","3":"status-publish","4":"has-post-thumbnail","6":"product_cat-bohinj-breakfast","7":"product_cat-bohinjsko-from-bohinj-certificate","8":"product_shipping_class-brezplacna-dostava-bohinj-en","10":"first","11":"instock","12":"taxable","13":"shipping-taxable","14":"purchasable","15":"product-type-simple"},"acf":[],"yoast_head":"<!-- This site is optimized with the Yoast SEO plugin v27.3 - https:\/\/yoast.com\/product\/yoast-seo-wordpress\/ -->\n<title>Vegetarian Bohinj breakfast for two people - Bohinj - uradna stran destinacije - TNP, Julijske Alpe, Bohinjsko jezero<\/title>\n<meta name=\"robots\" content=\"index, follow, max-snippet:-1, max-image-preview:large, max-video-preview:-1\" \/>\n<link rel=\"canonical\" href=\"https:\/\/www.bohinj.si\/en\/product\/vegetarian-bohinj-breakfast-for-two-people\/\" \/>\n<meta property=\"og:locale\" content=\"en_US\" \/>\n<meta property=\"og:type\" content=\"article\" \/>\n<meta property=\"og:title\" content=\"Vegetarian Bohinj breakfast for two people - Bohinj - uradna stran destinacije - TNP, Julijske Alpe, Bohinjsko jezero\" \/>\n<meta property=\"og:description\" content=\"You can order breakfast until 18:00 for next-day delivery!  In case of payment in cash upon delivery: , please fill in the FORM IN THE PRODUCT DESCRIPTION\" \/>\n<meta property=\"og:url\" content=\"https:\/\/www.bohinj.si\/en\/product\/vegetarian-bohinj-breakfast-for-two-people\/\" \/>\n<meta property=\"og:site_name\" content=\"Bohinj - uradna stran destinacije - TNP, Julijske Alpe, Bohinjsko jezero\" \/>\n<meta property=\"article:modified_time\" content=\"2024-01-16T07:46:26+00:00\" \/>\n<meta property=\"og:image\" content=\"https:\/\/www.bohinj.si\/wp-content\/uploads\/2021\/08\/bohinjski-zajtrk-2021-12.jpg\" \/>\n\t<meta property=\"og:image:width\" content=\"1900\" \/>\n\t<meta property=\"og:image:height\" content=\"1267\" \/>\n\t<meta property=\"og:image:type\" content=\"image\/jpeg\" \/>\n<meta name=\"twitter:card\" content=\"summary_large_image\" \/>\n<meta name=\"twitter:label1\" content=\"Est. reading time\" \/>\n\t<meta name=\"twitter:data1\" content=\"2 minutes\" \/>\n<script type=\"application\/ld+json\" class=\"yoast-schema-graph\">{\"@context\":\"https:\\\/\\\/schema.org\",\"@graph\":[{\"@type\":\"WebPage\",\"@id\":\"https:\\\/\\\/www.bohinj.si\\\/en\\\/product\\\/vegetarian-bohinj-breakfast-for-two-people\\\/\",\"url\":\"https:\\\/\\\/www.bohinj.si\\\/en\\\/product\\\/vegetarian-bohinj-breakfast-for-two-people\\\/\",\"name\":\"Vegetarian Bohinj breakfast for two people - Bohinj - uradna stran destinacije - TNP, Julijske Alpe, Bohinjsko jezero\",\"isPartOf\":{\"@id\":\"https:\\\/\\\/www.bohinj.si\\\/en\\\/#website\"},\"primaryImageOfPage\":{\"@id\":\"https:\\\/\\\/www.bohinj.si\\\/en\\\/product\\\/vegetarian-bohinj-breakfast-for-two-people\\\/#primaryimage\"},\"image\":{\"@id\":\"https:\\\/\\\/www.bohinj.si\\\/en\\\/product\\\/vegetarian-bohinj-breakfast-for-two-people\\\/#primaryimage\"},\"thumbnailUrl\":\"https:\\\/\\\/www.bohinj.si\\\/wp-content\\\/uploads\\\/2021\\\/08\\\/bohinjski-zajtrk-2021-12.jpg\",\"datePublished\":\"2021-08-11T19:51:05+00:00\",\"dateModified\":\"2024-01-16T07:46:26+00:00\",\"breadcrumb\":{\"@id\":\"https:\\\/\\\/www.bohinj.si\\\/en\\\/product\\\/vegetarian-bohinj-breakfast-for-two-people\\\/#breadcrumb\"},\"inLanguage\":\"en-US\",\"potentialAction\":[{\"@type\":\"ReadAction\",\"target\":[\"https:\\\/\\\/www.bohinj.si\\\/en\\\/product\\\/vegetarian-bohinj-breakfast-for-two-people\\\/\"]}]},{\"@type\":\"ImageObject\",\"inLanguage\":\"en-US\",\"@id\":\"https:\\\/\\\/www.bohinj.si\\\/en\\\/product\\\/vegetarian-bohinj-breakfast-for-two-people\\\/#primaryimage\",\"url\":\"https:\\\/\\\/www.bohinj.si\\\/wp-content\\\/uploads\\\/2021\\\/08\\\/bohinjski-zajtrk-2021-12.jpg\",\"contentUrl\":\"https:\\\/\\\/www.bohinj.si\\\/wp-content\\\/uploads\\\/2021\\\/08\\\/bohinjski-zajtrk-2021-12.jpg\",\"width\":1900,\"height\":1267},{\"@type\":\"BreadcrumbList\",\"@id\":\"https:\\\/\\\/www.bohinj.si\\\/en\\\/product\\\/vegetarian-bohinj-breakfast-for-two-people\\\/#breadcrumb\",\"itemListElement\":[{\"@type\":\"ListItem\",\"position\":1,\"name\":\"Domov\",\"item\":\"https:\\\/\\\/www.bohinj.si\\\/en\\\/bohinj-home\\\/\"},{\"@type\":\"ListItem\",\"position\":2,\"name\":\"Trgovina\",\"item\":\"https:\\\/\\\/www.bohinj.si\\\/trgovina\\\/\"},{\"@type\":\"ListItem\",\"position\":3,\"name\":\"Vegetarian Bohinj breakfast for two people\"}]},{\"@type\":\"WebSite\",\"@id\":\"https:\\\/\\\/www.bohinj.si\\\/en\\\/#website\",\"url\":\"https:\\\/\\\/www.bohinj.si\\\/en\\\/\",\"name\":\"Bohinj - uradna stran destinacije - TNP, Julijske Alpe, Bohinjsko jezero\",\"description\":\"Bohinj je zelena oaza v osr\u010dju Triglavskega narodnega parka. Idealno izhodi\u0161\u010de za pohodni\u0161tvo, kolesarjenje, ribolov, smu\u010danje, tek na smu\u010deh ...\",\"publisher\":{\"@id\":\"https:\\\/\\\/www.bohinj.si\\\/en\\\/#organization\"},\"potentialAction\":[{\"@type\":\"SearchAction\",\"target\":{\"@type\":\"EntryPoint\",\"urlTemplate\":\"https:\\\/\\\/www.bohinj.si\\\/en\\\/?s={search_term_string}\"},\"query-input\":{\"@type\":\"PropertyValueSpecification\",\"valueRequired\":true,\"valueName\":\"search_term_string\"}}],\"inLanguage\":\"en-US\"},{\"@type\":\"Organization\",\"@id\":\"https:\\\/\\\/www.bohinj.si\\\/en\\\/#organization\",\"name\":\"Bohinj - uradna stran destinacije - TNP, Julijske Alpe, Bohinjsko jezero\",\"url\":\"https:\\\/\\\/www.bohinj.si\\\/en\\\/\",\"logo\":{\"@type\":\"ImageObject\",\"inLanguage\":\"en-US\",\"@id\":\"https:\\\/\\\/www.bohinj.si\\\/en\\\/#\\\/schema\\\/logo\\\/image\\\/\",\"url\":\"https:\\\/\\\/www.bohinj.si\\\/wp-content\\\/uploads\\\/2021\\\/04\\\/bohinj_head_logo_slo.png\",\"contentUrl\":\"https:\\\/\\\/www.bohinj.si\\\/wp-content\\\/uploads\\\/2021\\\/04\\\/bohinj_head_logo_slo.png\",\"width\":295,\"height\":56,\"caption\":\"Bohinj - uradna stran destinacije - TNP, Julijske Alpe, Bohinjsko jezero\"},\"image\":{\"@id\":\"https:\\\/\\\/www.bohinj.si\\\/en\\\/#\\\/schema\\\/logo\\\/image\\\/\"}}]}<\/script>\n<!-- \/ Yoast SEO plugin. -->","yoast_head_json":{"title":"Vegetarian Bohinj breakfast for two people - Bohinj - uradna stran destinacije - TNP, Julijske Alpe, Bohinjsko jezero","robots":{"index":"index","follow":"follow","max-snippet":"max-snippet:-1","max-image-preview":"max-image-preview:large","max-video-preview":"max-video-preview:-1"},"canonical":"https:\/\/www.bohinj.si\/en\/product\/vegetarian-bohinj-breakfast-for-two-people\/","og_locale":"en_US","og_type":"article","og_title":"Vegetarian Bohinj breakfast for two people - Bohinj - uradna stran destinacije - TNP, Julijske Alpe, Bohinjsko jezero","og_description":"You can order breakfast until 18:00 for next-day delivery!  In case of payment in cash upon delivery: , please fill in the FORM IN THE PRODUCT DESCRIPTION","og_url":"https:\/\/www.bohinj.si\/en\/product\/vegetarian-bohinj-breakfast-for-two-people\/","og_site_name":"Bohinj - uradna stran destinacije - TNP, Julijske Alpe, Bohinjsko jezero","article_modified_time":"2024-01-16T07:46:26+00:00","og_image":[{"width":1900,"height":1267,"url":"https:\/\/www.bohinj.si\/wp-content\/uploads\/2021\/08\/bohinjski-zajtrk-2021-12.jpg","type":"image\/jpeg"}],"twitter_card":"summary_large_image","twitter_misc":{"Est. reading time":"2 minutes"},"schema":{"@context":"https:\/\/schema.org","@graph":[{"@type":"WebPage","@id":"https:\/\/www.bohinj.si\/en\/product\/vegetarian-bohinj-breakfast-for-two-people\/","url":"https:\/\/www.bohinj.si\/en\/product\/vegetarian-bohinj-breakfast-for-two-people\/","name":"Vegetarian Bohinj breakfast for two people - Bohinj - uradna stran destinacije - TNP, Julijske Alpe, Bohinjsko jezero","isPartOf":{"@id":"https:\/\/www.bohinj.si\/en\/#website"},"primaryImageOfPage":{"@id":"https:\/\/www.bohinj.si\/en\/product\/vegetarian-bohinj-breakfast-for-two-people\/#primaryimage"},"image":{"@id":"https:\/\/www.bohinj.si\/en\/product\/vegetarian-bohinj-breakfast-for-two-people\/#primaryimage"},"thumbnailUrl":"https:\/\/www.bohinj.si\/wp-content\/uploads\/2021\/08\/bohinjski-zajtrk-2021-12.jpg","datePublished":"2021-08-11T19:51:05+00:00","dateModified":"2024-01-16T07:46:26+00:00","breadcrumb":{"@id":"https:\/\/www.bohinj.si\/en\/product\/vegetarian-bohinj-breakfast-for-two-people\/#breadcrumb"},"inLanguage":"en-US","potentialAction":[{"@type":"ReadAction","target":["https:\/\/www.bohinj.si\/en\/product\/vegetarian-bohinj-breakfast-for-two-people\/"]}]},{"@type":"ImageObject","inLanguage":"en-US","@id":"https:\/\/www.bohinj.si\/en\/product\/vegetarian-bohinj-breakfast-for-two-people\/#primaryimage","url":"https:\/\/www.bohinj.si\/wp-content\/uploads\/2021\/08\/bohinjski-zajtrk-2021-12.jpg","contentUrl":"https:\/\/www.bohinj.si\/wp-content\/uploads\/2021\/08\/bohinjski-zajtrk-2021-12.jpg","width":1900,"height":1267},{"@type":"BreadcrumbList","@id":"https:\/\/www.bohinj.si\/en\/product\/vegetarian-bohinj-breakfast-for-two-people\/#breadcrumb","itemListElement":[{"@type":"ListItem","position":1,"name":"Domov","item":"https:\/\/www.bohinj.si\/en\/bohinj-home\/"},{"@type":"ListItem","position":2,"name":"Trgovina","item":"https:\/\/www.bohinj.si\/trgovina\/"},{"@type":"ListItem","position":3,"name":"Vegetarian Bohinj breakfast for two people"}]},{"@type":"WebSite","@id":"https:\/\/www.bohinj.si\/en\/#website","url":"https:\/\/www.bohinj.si\/en\/","name":"Bohinj - uradna stran destinacije - TNP, Julijske Alpe, Bohinjsko jezero","description":"Bohinj je zelena oaza v osr\u010dju Triglavskega narodnega parka. Idealno izhodi\u0161\u010de za pohodni\u0161tvo, kolesarjenje, ribolov, smu\u010danje, tek na smu\u010deh ...","publisher":{"@id":"https:\/\/www.bohinj.si\/en\/#organization"},"potentialAction":[{"@type":"SearchAction","target":{"@type":"EntryPoint","urlTemplate":"https:\/\/www.bohinj.si\/en\/?s={search_term_string}"},"query-input":{"@type":"PropertyValueSpecification","valueRequired":true,"valueName":"search_term_string"}}],"inLanguage":"en-US"},{"@type":"Organization","@id":"https:\/\/www.bohinj.si\/en\/#organization","name":"Bohinj - uradna stran destinacije - TNP, Julijske Alpe, Bohinjsko jezero","url":"https:\/\/www.bohinj.si\/en\/","logo":{"@type":"ImageObject","inLanguage":"en-US","@id":"https:\/\/www.bohinj.si\/en\/#\/schema\/logo\/image\/","url":"https:\/\/www.bohinj.si\/wp-content\/uploads\/2021\/04\/bohinj_head_logo_slo.png","contentUrl":"https:\/\/www.bohinj.si\/wp-content\/uploads\/2021\/04\/bohinj_head_logo_slo.png","width":295,"height":56,"caption":"Bohinj - uradna stran destinacije - TNP, Julijske Alpe, Bohinjsko jezero"},"image":{"@id":"https:\/\/www.bohinj.si\/en\/#\/schema\/logo\/image\/"}}]}},"_links":{"self":[{"href":"https:\/\/www.bohinj.si\/en\/wp-json\/wp\/v2\/product\/56387","targetHints":{"allow":["GET"]}}],"collection":[{"href":"https:\/\/www.bohinj.si\/en\/wp-json\/wp\/v2\/product"}],"about":[{"href":"https:\/\/www.bohinj.si\/en\/wp-json\/wp\/v2\/types\/product"}],"wp:featuredmedia":[{"embeddable":true,"href":"https:\/\/www.bohinj.si\/en\/wp-json\/wp\/v2\/media\/52429"}],"wp:attachment":[{"href":"https:\/\/www.bohinj.si\/en\/wp-json\/wp\/v2\/media?parent=56387"}],"wp:term":[{"taxonomy":"product_brand","embeddable":true,"href":"https:\/\/www.bohinj.si\/en\/wp-json\/wp\/v2\/product_brand?post=56387"},{"taxonomy":"product_cat","embeddable":true,"href":"https:\/\/www.bohinj.si\/en\/wp-json\/wp\/v2\/product_cat?post=56387"},{"taxonomy":"product_tag","embeddable":true,"href":"https:\/\/www.bohinj.si\/en\/wp-json\/wp\/v2\/product_tag?post=56387"}],"curies":[{"name":"wp","href":"https:\/\/api.w.org\/{rel}","templated":true}]}}