{"id":58976,"date":"2022-01-19T13:11:17","date_gmt":"2022-01-19T12:11:17","guid":{"rendered":"https:\/\/www.bohinj.si\/izdelek\/workshop-knitting-socks\/"},"modified":"2023-01-24T11:53:19","modified_gmt":"2023-01-24T10:53:19","slug":"workshop-knitting-socks","status":"publish","type":"product","link":"https:\/\/www.bohinj.si\/en\/product\/workshop-knitting-socks\/","title":{"rendered":"Workshop &#8211; knitting socks"},"content":{"rendered":"<p>Learn the basics of knitting in a pleasant atmosphere &#8211; Experience awarded with the Bohinjsko\/From Bohinj certificate<\/p>\n<h3>DETAILS<\/h3>\n<ul>\n<li>Minimum number of persons: 2<\/li>\n<li>Duration: 3 x 2 hours\/day<\/li>\n<li>It is possible to organise a one-hour demonstration on how to knit a sock.<\/li>\n<li>Advance booking is required at <a href=\"mailto:marija.zvan@gmail.com\">marija.zvan@gmail.com<\/a>.<\/li>\n<\/ul>\n<h3>PRICE<\/h3>\n<ul>\n<li>per person<\/li>\n<li>includes: guiding, space, equipment, wool, Bohinj snack, welcome drink.<\/li>\n<\/ul>\n","protected":false},"excerpt":{"rendered":"<p>Wool fibre is a very suitable material for modern lifestyles. is 100% natural, ecological, sustainable, energy efficient, biodegradable. It is a material with a history dating back tens of thousands of years, but with high-tech properties that are unattainable despite the textile industry&#8217;s repeated attempts to produce man-made materials of similar quality. &#8220;\u017doki&#8221; is the Bohinj name for hand-knitted socks made of sheep&#8217;s wool. Every housewife has her own way of knitting so that the socks don&#8217;t wear out too quickly and wear well. In the workshop, Marija guides you through the knitting process &#8211; from the basics, knitting in the round, making a heel, making a double heel and finishing to the finished product. In pleasant surroundings, in good company, equip yourself with knowledge that can come in handy, or experience an experience that will give you a new appreciation for handicrafts, while listening to stories about the development of the Bohinj mountains, cheese-making and the Bohinj farmer&#8217;s connection with nature, all while enjoying a pleasant chat.<\/p>\n","protected":false},"featured_media":58975,"template":"","meta":{"_acf_changed":false},"product_brand":[],"product_cat":[824,1097],"product_tag":[1230],"class_list":{"0":"post-58976","1":"product","2":"type-product","3":"status-publish","4":"has-post-thumbnail","6":"product_cat-bohinjsko-from-bohinj-certificate","7":"product_cat-experience-bohinjsko-from-bohinj","8":"product_tag-druzinska-in-ustvarjalna-dozivetja-en","10":"first","11":"instock","12":"taxable","13":"shipping-taxable","14":"product-type-external"},"acf":[],"yoast_head":"<!-- This site is optimized with the Yoast SEO plugin v27.5 - https:\/\/yoast.com\/product\/yoast-seo-wordpress\/ -->\n<title>Workshop - knitting socks - Bohinj - uradna stran destinacije - TNP, Julijske Alpe, Bohinjsko jezero<\/title>\n<meta name=\"robots\" content=\"index, follow, max-snippet:-1, max-image-preview:large, max-video-preview:-1\" \/>\n<link rel=\"canonical\" href=\"https:\/\/www.bohinj.si\/en\/product\/workshop-knitting-socks\/\" \/>\n<meta property=\"og:locale\" content=\"en_US\" \/>\n<meta property=\"og:type\" content=\"article\" \/>\n<meta property=\"og:title\" content=\"Workshop - knitting socks - Bohinj - uradna stran destinacije - TNP, Julijske Alpe, Bohinjsko jezero\" \/>\n<meta property=\"og:description\" content=\"Wool fibre is a very suitable material for modern lifestyles. is 100% natural, ecological, sustainable, energy efficient, biodegradable. It is a material with a history dating back tens of thousands of years, but with high-tech properties that are unattainable despite the textile industry&#039;s repeated attempts to produce man-made materials of similar quality. &quot;\u017doki&quot; is the Bohinj name for hand-knitted socks made of sheep&#039;s wool. Every housewife has her own way of knitting so that the socks don&#039;t wear out too quickly and wear well. In the workshop, Marija guides you through the knitting process - from the basics, knitting in the round, making a heel, making a double heel and finishing to the finished product. In pleasant surroundings, in good company, equip yourself with knowledge that can come in handy, or experience an experience that will give you a new appreciation for handicrafts, while listening to stories about the development of the Bohinj mountains, cheese-making and the Bohinj farmer&#039;s connection with nature, all while enjoying a pleasant chat.\" \/>\n<meta property=\"og:url\" content=\"https:\/\/www.bohinj.si\/en\/product\/workshop-knitting-socks\/\" \/>\n<meta property=\"og:site_name\" content=\"Bohinj - uradna stran destinacije - TNP, Julijske Alpe, Bohinjsko jezero\" \/>\n<meta property=\"article:modified_time\" content=\"2023-01-24T10:53:19+00:00\" \/>\n<meta property=\"og:image\" content=\"https:\/\/www.bohinj.si\/wp-content\/uploads\/2022\/01\/rsz_bohinjsko-oplenova-hisa-04.jpg\" \/>\n\t<meta property=\"og:image:width\" content=\"1920\" \/>\n\t<meta property=\"og:image:height\" content=\"1280\" \/>\n\t<meta property=\"og:image:type\" content=\"image\/jpeg\" \/>\n<meta name=\"twitter:card\" content=\"summary_large_image\" \/>\n<script type=\"application\/ld+json\" class=\"yoast-schema-graph\">{\"@context\":\"https:\\\/\\\/schema.org\",\"@graph\":[{\"@type\":\"WebPage\",\"@id\":\"https:\\\/\\\/www.bohinj.si\\\/en\\\/product\\\/workshop-knitting-socks\\\/\",\"url\":\"https:\\\/\\\/www.bohinj.si\\\/en\\\/product\\\/workshop-knitting-socks\\\/\",\"name\":\"Workshop - knitting socks - Bohinj - uradna stran destinacije - TNP, Julijske Alpe, Bohinjsko jezero\",\"isPartOf\":{\"@id\":\"https:\\\/\\\/www.bohinj.si\\\/en\\\/#website\"},\"primaryImageOfPage\":{\"@id\":\"https:\\\/\\\/www.bohinj.si\\\/en\\\/product\\\/workshop-knitting-socks\\\/#primaryimage\"},\"image\":{\"@id\":\"https:\\\/\\\/www.bohinj.si\\\/en\\\/product\\\/workshop-knitting-socks\\\/#primaryimage\"},\"thumbnailUrl\":\"https:\\\/\\\/www.bohinj.si\\\/wp-content\\\/uploads\\\/2022\\\/01\\\/rsz_bohinjsko-oplenova-hisa-04.jpg\",\"datePublished\":\"2022-01-19T12:11:17+00:00\",\"dateModified\":\"2023-01-24T10:53:19+00:00\",\"breadcrumb\":{\"@id\":\"https:\\\/\\\/www.bohinj.si\\\/en\\\/product\\\/workshop-knitting-socks\\\/#breadcrumb\"},\"inLanguage\":\"en-US\",\"potentialAction\":[{\"@type\":\"ReadAction\",\"target\":[\"https:\\\/\\\/www.bohinj.si\\\/en\\\/product\\\/workshop-knitting-socks\\\/\"]}]},{\"@type\":\"ImageObject\",\"inLanguage\":\"en-US\",\"@id\":\"https:\\\/\\\/www.bohinj.si\\\/en\\\/product\\\/workshop-knitting-socks\\\/#primaryimage\",\"url\":\"https:\\\/\\\/www.bohinj.si\\\/wp-content\\\/uploads\\\/2022\\\/01\\\/rsz_bohinjsko-oplenova-hisa-04.jpg\",\"contentUrl\":\"https:\\\/\\\/www.bohinj.si\\\/wp-content\\\/uploads\\\/2022\\\/01\\\/rsz_bohinjsko-oplenova-hisa-04.jpg\",\"width\":1920,\"height\":1280},{\"@type\":\"BreadcrumbList\",\"@id\":\"https:\\\/\\\/www.bohinj.si\\\/en\\\/product\\\/workshop-knitting-socks\\\/#breadcrumb\",\"itemListElement\":[{\"@type\":\"ListItem\",\"position\":1,\"name\":\"Domov\",\"item\":\"https:\\\/\\\/www.bohinj.si\\\/en\\\/bohinj-home\\\/\"},{\"@type\":\"ListItem\",\"position\":2,\"name\":\"Trgovina\",\"item\":\"https:\\\/\\\/www.bohinj.si\\\/trgovina\\\/\"},{\"@type\":\"ListItem\",\"position\":3,\"name\":\"Workshop - knitting socks\"}]},{\"@type\":\"WebSite\",\"@id\":\"https:\\\/\\\/www.bohinj.si\\\/en\\\/#website\",\"url\":\"https:\\\/\\\/www.bohinj.si\\\/en\\\/\",\"name\":\"Bohinj - uradna stran destinacije - TNP, Julijske Alpe, Bohinjsko jezero\",\"description\":\"Bohinj je zelena oaza v osr\u010dju Triglavskega narodnega parka. Idealno izhodi\u0161\u010de za pohodni\u0161tvo, kolesarjenje, ribolov, smu\u010danje, tek na smu\u010deh ...\",\"publisher\":{\"@id\":\"https:\\\/\\\/www.bohinj.si\\\/en\\\/#organization\"},\"potentialAction\":[{\"@type\":\"SearchAction\",\"target\":{\"@type\":\"EntryPoint\",\"urlTemplate\":\"https:\\\/\\\/www.bohinj.si\\\/en\\\/?s={search_term_string}\"},\"query-input\":{\"@type\":\"PropertyValueSpecification\",\"valueRequired\":true,\"valueName\":\"search_term_string\"}}],\"inLanguage\":\"en-US\"},{\"@type\":\"Organization\",\"@id\":\"https:\\\/\\\/www.bohinj.si\\\/en\\\/#organization\",\"name\":\"Bohinj - uradna stran destinacije - TNP, Julijske Alpe, Bohinjsko jezero\",\"url\":\"https:\\\/\\\/www.bohinj.si\\\/en\\\/\",\"logo\":{\"@type\":\"ImageObject\",\"inLanguage\":\"en-US\",\"@id\":\"https:\\\/\\\/www.bohinj.si\\\/en\\\/#\\\/schema\\\/logo\\\/image\\\/\",\"url\":\"https:\\\/\\\/www.bohinj.si\\\/wp-content\\\/uploads\\\/2021\\\/04\\\/bohinj_head_logo_slo.png\",\"contentUrl\":\"https:\\\/\\\/www.bohinj.si\\\/wp-content\\\/uploads\\\/2021\\\/04\\\/bohinj_head_logo_slo.png\",\"width\":295,\"height\":56,\"caption\":\"Bohinj - uradna stran destinacije - TNP, Julijske Alpe, Bohinjsko jezero\"},\"image\":{\"@id\":\"https:\\\/\\\/www.bohinj.si\\\/en\\\/#\\\/schema\\\/logo\\\/image\\\/\"}}]}<\/script>\n<!-- \/ Yoast SEO plugin. -->","yoast_head_json":{"title":"Workshop - knitting socks - Bohinj - uradna stran destinacije - TNP, Julijske Alpe, Bohinjsko jezero","robots":{"index":"index","follow":"follow","max-snippet":"max-snippet:-1","max-image-preview":"max-image-preview:large","max-video-preview":"max-video-preview:-1"},"canonical":"https:\/\/www.bohinj.si\/en\/product\/workshop-knitting-socks\/","og_locale":"en_US","og_type":"article","og_title":"Workshop - knitting socks - Bohinj - uradna stran destinacije - TNP, Julijske Alpe, Bohinjsko jezero","og_description":"Wool fibre is a very suitable material for modern lifestyles. is 100% natural, ecological, sustainable, energy efficient, biodegradable. It is a material with a history dating back tens of thousands of years, but with high-tech properties that are unattainable despite the textile industry's repeated attempts to produce man-made materials of similar quality. \"\u017doki\" is the Bohinj name for hand-knitted socks made of sheep's wool. Every housewife has her own way of knitting so that the socks don't wear out too quickly and wear well. In the workshop, Marija guides you through the knitting process - from the basics, knitting in the round, making a heel, making a double heel and finishing to the finished product. In pleasant surroundings, in good company, equip yourself with knowledge that can come in handy, or experience an experience that will give you a new appreciation for handicrafts, while listening to stories about the development of the Bohinj mountains, cheese-making and the Bohinj farmer's connection with nature, all while enjoying a pleasant chat.","og_url":"https:\/\/www.bohinj.si\/en\/product\/workshop-knitting-socks\/","og_site_name":"Bohinj - uradna stran destinacije - TNP, Julijske Alpe, Bohinjsko jezero","article_modified_time":"2023-01-24T10:53:19+00:00","og_image":[{"width":1920,"height":1280,"url":"https:\/\/www.bohinj.si\/wp-content\/uploads\/2022\/01\/rsz_bohinjsko-oplenova-hisa-04.jpg","type":"image\/jpeg"}],"twitter_card":"summary_large_image","schema":{"@context":"https:\/\/schema.org","@graph":[{"@type":"WebPage","@id":"https:\/\/www.bohinj.si\/en\/product\/workshop-knitting-socks\/","url":"https:\/\/www.bohinj.si\/en\/product\/workshop-knitting-socks\/","name":"Workshop - knitting socks - Bohinj - uradna stran destinacije - TNP, Julijske Alpe, Bohinjsko jezero","isPartOf":{"@id":"https:\/\/www.bohinj.si\/en\/#website"},"primaryImageOfPage":{"@id":"https:\/\/www.bohinj.si\/en\/product\/workshop-knitting-socks\/#primaryimage"},"image":{"@id":"https:\/\/www.bohinj.si\/en\/product\/workshop-knitting-socks\/#primaryimage"},"thumbnailUrl":"https:\/\/www.bohinj.si\/wp-content\/uploads\/2022\/01\/rsz_bohinjsko-oplenova-hisa-04.jpg","datePublished":"2022-01-19T12:11:17+00:00","dateModified":"2023-01-24T10:53:19+00:00","breadcrumb":{"@id":"https:\/\/www.bohinj.si\/en\/product\/workshop-knitting-socks\/#breadcrumb"},"inLanguage":"en-US","potentialAction":[{"@type":"ReadAction","target":["https:\/\/www.bohinj.si\/en\/product\/workshop-knitting-socks\/"]}]},{"@type":"ImageObject","inLanguage":"en-US","@id":"https:\/\/www.bohinj.si\/en\/product\/workshop-knitting-socks\/#primaryimage","url":"https:\/\/www.bohinj.si\/wp-content\/uploads\/2022\/01\/rsz_bohinjsko-oplenova-hisa-04.jpg","contentUrl":"https:\/\/www.bohinj.si\/wp-content\/uploads\/2022\/01\/rsz_bohinjsko-oplenova-hisa-04.jpg","width":1920,"height":1280},{"@type":"BreadcrumbList","@id":"https:\/\/www.bohinj.si\/en\/product\/workshop-knitting-socks\/#breadcrumb","itemListElement":[{"@type":"ListItem","position":1,"name":"Domov","item":"https:\/\/www.bohinj.si\/en\/bohinj-home\/"},{"@type":"ListItem","position":2,"name":"Trgovina","item":"https:\/\/www.bohinj.si\/trgovina\/"},{"@type":"ListItem","position":3,"name":"Workshop - knitting socks"}]},{"@type":"WebSite","@id":"https:\/\/www.bohinj.si\/en\/#website","url":"https:\/\/www.bohinj.si\/en\/","name":"Bohinj - uradna stran destinacije - TNP, Julijske Alpe, Bohinjsko jezero","description":"Bohinj je zelena oaza v osr\u010dju Triglavskega narodnega parka. Idealno izhodi\u0161\u010de za pohodni\u0161tvo, kolesarjenje, ribolov, smu\u010danje, tek na smu\u010deh ...","publisher":{"@id":"https:\/\/www.bohinj.si\/en\/#organization"},"potentialAction":[{"@type":"SearchAction","target":{"@type":"EntryPoint","urlTemplate":"https:\/\/www.bohinj.si\/en\/?s={search_term_string}"},"query-input":{"@type":"PropertyValueSpecification","valueRequired":true,"valueName":"search_term_string"}}],"inLanguage":"en-US"},{"@type":"Organization","@id":"https:\/\/www.bohinj.si\/en\/#organization","name":"Bohinj - uradna stran destinacije - TNP, Julijske Alpe, Bohinjsko jezero","url":"https:\/\/www.bohinj.si\/en\/","logo":{"@type":"ImageObject","inLanguage":"en-US","@id":"https:\/\/www.bohinj.si\/en\/#\/schema\/logo\/image\/","url":"https:\/\/www.bohinj.si\/wp-content\/uploads\/2021\/04\/bohinj_head_logo_slo.png","contentUrl":"https:\/\/www.bohinj.si\/wp-content\/uploads\/2021\/04\/bohinj_head_logo_slo.png","width":295,"height":56,"caption":"Bohinj - uradna stran destinacije - TNP, Julijske Alpe, Bohinjsko jezero"},"image":{"@id":"https:\/\/www.bohinj.si\/en\/#\/schema\/logo\/image\/"}}]}},"_links":{"self":[{"href":"https:\/\/www.bohinj.si\/en\/wp-json\/wp\/v2\/product\/58976","targetHints":{"allow":["GET"]}}],"collection":[{"href":"https:\/\/www.bohinj.si\/en\/wp-json\/wp\/v2\/product"}],"about":[{"href":"https:\/\/www.bohinj.si\/en\/wp-json\/wp\/v2\/types\/product"}],"wp:featuredmedia":[{"embeddable":true,"href":"https:\/\/www.bohinj.si\/en\/wp-json\/wp\/v2\/media\/58975"}],"wp:attachment":[{"href":"https:\/\/www.bohinj.si\/en\/wp-json\/wp\/v2\/media?parent=58976"}],"wp:term":[{"taxonomy":"product_brand","embeddable":true,"href":"https:\/\/www.bohinj.si\/en\/wp-json\/wp\/v2\/product_brand?post=58976"},{"taxonomy":"product_cat","embeddable":true,"href":"https:\/\/www.bohinj.si\/en\/wp-json\/wp\/v2\/product_cat?post=58976"},{"taxonomy":"product_tag","embeddable":true,"href":"https:\/\/www.bohinj.si\/en\/wp-json\/wp\/v2\/product_tag?post=58976"}],"curies":[{"name":"wp","href":"https:\/\/api.w.org\/{rel}","templated":true}]}}