{"id":61171,"date":"2022-03-30T14:44:46","date_gmt":"2022-03-30T12:44:46","guid":{"rendered":"https:\/\/www.bohinj.si\/izdelek\/active-village-adventures\/"},"modified":"2022-07-05T09:19:00","modified_gmt":"2022-07-05T07:19:00","slug":"active-village-adventures","status":"publish","type":"product","link":"https:\/\/www.bohinj.si\/en\/product\/active-village-adventures\/","title":{"rendered":"Active Village Adventures"},"content":{"rendered":"<h3>Guided Programme<\/h3>\n<ul>\n<li>at 15:00 at Ranch Mrcina, Studor<\/li>\n<li>horse shoeing demonstration<\/li>\n<li>learning the brushing technique of Icelandic horses<\/li>\n<li>stables management<\/li>\n<li>horse riding<\/li>\n<li>farm games &#8211; horseshoe throwing and shepherd&#8217;s crook carving<\/li>\n<li>potato baking and local refreshments (Bohinj cheeses, zaseka spread, mohant cheese, Bohinj sausages)<\/li>\n<li>a musical surprise<\/li>\n<li>a gift for children<\/li>\n<li>at 19:00 the ending of activity<\/li>\n<\/ul>\n<h3>DETAILS<\/h3>\n<ul>\n<li>Operator Tourist Board Bohinj<\/li>\n<li>contact for reservations: <a href=\"mailto:info@tdbohinj.si\">info@tdbohinj.si<\/a>, +386 4 574 60 10<\/li>\n<li>duration of the programme: 5 hours<\/li>\n<li>minimalno \u0161tevilo oseb: 6<\/li>\n<li>maximum number of participants: 30<\/li>\n<li>reservations are required<\/li>\n<\/ul>\n<h3>ADDITIONAL OFFER FOR GROUPS<\/h3>\n<ul>\n<li>a tour of the village and life in the village<\/li>\n<li>visit the Oplen house museum<\/li>\n<li>visiting the stable<\/li>\n<li>tour of the Odolnek Farm with the possibility of buying cheese and cured meat products<\/li>\n<li>preparing teaching sheets for children<\/li>\n<\/ul>\n<p>Additional offers can be included in the programme by prior arrangement and at an extra cost.<\/p>\n<h3>BRIEF DESCRIPTION<\/h3>\n<p>Active Village Adventures offer you the chance to spend your free time in the countryside, in nature, away from the hustle and bustle of the city. You will get to know the pulse of rural life, the friendly people, our customs and domestic animals.<\/p>\n","protected":false},"excerpt":{"rendered":"<p>Experience the pulse of the countryside with activities for the whole family and learn about traditional skills.<\/p>\n<p>The picturesque village of Studor in Bohinj is ideal for spending your free time learning about farm chores and traditional skills at the Mrcina Ranch.<\/p>\n","protected":false},"featured_media":61170,"template":"","meta":{"_acf_changed":false},"product_brand":[],"product_cat":[824,780],"product_tag":[],"class_list":{"0":"post-61171","1":"product","2":"type-product","3":"status-publish","4":"has-post-thumbnail","6":"product_cat-bohinjsko-from-bohinj-certificate","7":"product_cat-certifikat-bohinjsko","9":"first","10":"instock","11":"taxable","12":"shipping-taxable","13":"product-type-external"},"acf":[],"yoast_head":"<!-- This site is optimized with the Yoast SEO plugin v27.5 - https:\/\/yoast.com\/product\/yoast-seo-wordpress\/ -->\n<title>Active Village Adventures - Bohinj - uradna stran destinacije - TNP, Julijske Alpe, Bohinjsko jezero<\/title>\n<meta name=\"robots\" content=\"index, follow, max-snippet:-1, max-image-preview:large, max-video-preview:-1\" \/>\n<link rel=\"canonical\" href=\"https:\/\/www.bohinj.si\/en\/product\/active-village-adventures\/\" \/>\n<meta property=\"og:locale\" content=\"en_US\" \/>\n<meta property=\"og:type\" content=\"article\" \/>\n<meta property=\"og:title\" content=\"Active Village Adventures - Bohinj - uradna stran destinacije - TNP, Julijske Alpe, Bohinjsko jezero\" \/>\n<meta property=\"og:description\" content=\"Experience the pulse of the countryside with activities for the whole family and learn about traditional skills. The picturesque village of Studor in Bohinj is ideal for spending your free time learning about farm chores and traditional skills at the Mrcina Ranch.\" \/>\n<meta property=\"og:url\" content=\"https:\/\/www.bohinj.si\/en\/product\/active-village-adventures\/\" \/>\n<meta property=\"og:site_name\" content=\"Bohinj - uradna stran destinacije - TNP, Julijske Alpe, Bohinjsko jezero\" \/>\n<meta property=\"article:modified_time\" content=\"2022-07-05T07:19:00+00:00\" \/>\n<meta property=\"og:image\" content=\"https:\/\/www.bohinj.si\/wp-content\/uploads\/2022\/03\/42122758_2243281189242369_5603001836559663104_o-1.jpg\" \/>\n\t<meta property=\"og:image:width\" content=\"1920\" \/>\n\t<meta property=\"og:image:height\" content=\"1280\" \/>\n\t<meta property=\"og:image:type\" content=\"image\/jpeg\" \/>\n<meta name=\"twitter:card\" content=\"summary_large_image\" \/>\n<meta name=\"twitter:label1\" content=\"Est. reading time\" \/>\n\t<meta name=\"twitter:data1\" content=\"1 minute\" \/>\n<script type=\"application\/ld+json\" class=\"yoast-schema-graph\">{\"@context\":\"https:\\\/\\\/schema.org\",\"@graph\":[{\"@type\":\"WebPage\",\"@id\":\"https:\\\/\\\/www.bohinj.si\\\/en\\\/product\\\/active-village-adventures\\\/\",\"url\":\"https:\\\/\\\/www.bohinj.si\\\/en\\\/product\\\/active-village-adventures\\\/\",\"name\":\"Active Village Adventures - Bohinj - uradna stran destinacije - TNP, Julijske Alpe, Bohinjsko jezero\",\"isPartOf\":{\"@id\":\"https:\\\/\\\/www.bohinj.si\\\/en\\\/#website\"},\"primaryImageOfPage\":{\"@id\":\"https:\\\/\\\/www.bohinj.si\\\/en\\\/product\\\/active-village-adventures\\\/#primaryimage\"},\"image\":{\"@id\":\"https:\\\/\\\/www.bohinj.si\\\/en\\\/product\\\/active-village-adventures\\\/#primaryimage\"},\"thumbnailUrl\":\"https:\\\/\\\/www.bohinj.si\\\/wp-content\\\/uploads\\\/2022\\\/03\\\/42122758_2243281189242369_5603001836559663104_o-1.jpg\",\"datePublished\":\"2022-03-30T12:44:46+00:00\",\"dateModified\":\"2022-07-05T07:19:00+00:00\",\"breadcrumb\":{\"@id\":\"https:\\\/\\\/www.bohinj.si\\\/en\\\/product\\\/active-village-adventures\\\/#breadcrumb\"},\"inLanguage\":\"en-US\",\"potentialAction\":[{\"@type\":\"ReadAction\",\"target\":[\"https:\\\/\\\/www.bohinj.si\\\/en\\\/product\\\/active-village-adventures\\\/\"]}]},{\"@type\":\"ImageObject\",\"inLanguage\":\"en-US\",\"@id\":\"https:\\\/\\\/www.bohinj.si\\\/en\\\/product\\\/active-village-adventures\\\/#primaryimage\",\"url\":\"https:\\\/\\\/www.bohinj.si\\\/wp-content\\\/uploads\\\/2022\\\/03\\\/42122758_2243281189242369_5603001836559663104_o-1.jpg\",\"contentUrl\":\"https:\\\/\\\/www.bohinj.si\\\/wp-content\\\/uploads\\\/2022\\\/03\\\/42122758_2243281189242369_5603001836559663104_o-1.jpg\",\"width\":1920,\"height\":1280},{\"@type\":\"BreadcrumbList\",\"@id\":\"https:\\\/\\\/www.bohinj.si\\\/en\\\/product\\\/active-village-adventures\\\/#breadcrumb\",\"itemListElement\":[{\"@type\":\"ListItem\",\"position\":1,\"name\":\"Domov\",\"item\":\"https:\\\/\\\/www.bohinj.si\\\/en\\\/bohinj-home\\\/\"},{\"@type\":\"ListItem\",\"position\":2,\"name\":\"Trgovina\",\"item\":\"https:\\\/\\\/www.bohinj.si\\\/trgovina\\\/\"},{\"@type\":\"ListItem\",\"position\":3,\"name\":\"Active Village Adventures\"}]},{\"@type\":\"WebSite\",\"@id\":\"https:\\\/\\\/www.bohinj.si\\\/en\\\/#website\",\"url\":\"https:\\\/\\\/www.bohinj.si\\\/en\\\/\",\"name\":\"Bohinj - uradna stran destinacije - TNP, Julijske Alpe, Bohinjsko jezero\",\"description\":\"Bohinj je zelena oaza v osr\u010dju Triglavskega narodnega parka. Idealno izhodi\u0161\u010de za pohodni\u0161tvo, kolesarjenje, ribolov, smu\u010danje, tek na smu\u010deh ...\",\"publisher\":{\"@id\":\"https:\\\/\\\/www.bohinj.si\\\/en\\\/#organization\"},\"potentialAction\":[{\"@type\":\"SearchAction\",\"target\":{\"@type\":\"EntryPoint\",\"urlTemplate\":\"https:\\\/\\\/www.bohinj.si\\\/en\\\/?s={search_term_string}\"},\"query-input\":{\"@type\":\"PropertyValueSpecification\",\"valueRequired\":true,\"valueName\":\"search_term_string\"}}],\"inLanguage\":\"en-US\"},{\"@type\":\"Organization\",\"@id\":\"https:\\\/\\\/www.bohinj.si\\\/en\\\/#organization\",\"name\":\"Bohinj - uradna stran destinacije - TNP, Julijske Alpe, Bohinjsko jezero\",\"url\":\"https:\\\/\\\/www.bohinj.si\\\/en\\\/\",\"logo\":{\"@type\":\"ImageObject\",\"inLanguage\":\"en-US\",\"@id\":\"https:\\\/\\\/www.bohinj.si\\\/en\\\/#\\\/schema\\\/logo\\\/image\\\/\",\"url\":\"https:\\\/\\\/www.bohinj.si\\\/wp-content\\\/uploads\\\/2021\\\/04\\\/bohinj_head_logo_slo.png\",\"contentUrl\":\"https:\\\/\\\/www.bohinj.si\\\/wp-content\\\/uploads\\\/2021\\\/04\\\/bohinj_head_logo_slo.png\",\"width\":295,\"height\":56,\"caption\":\"Bohinj - uradna stran destinacije - TNP, Julijske Alpe, Bohinjsko jezero\"},\"image\":{\"@id\":\"https:\\\/\\\/www.bohinj.si\\\/en\\\/#\\\/schema\\\/logo\\\/image\\\/\"}}]}<\/script>\n<!-- \/ Yoast SEO plugin. -->","yoast_head_json":{"title":"Active Village Adventures - Bohinj - uradna stran destinacije - TNP, Julijske Alpe, Bohinjsko jezero","robots":{"index":"index","follow":"follow","max-snippet":"max-snippet:-1","max-image-preview":"max-image-preview:large","max-video-preview":"max-video-preview:-1"},"canonical":"https:\/\/www.bohinj.si\/en\/product\/active-village-adventures\/","og_locale":"en_US","og_type":"article","og_title":"Active Village Adventures - Bohinj - uradna stran destinacije - TNP, Julijske Alpe, Bohinjsko jezero","og_description":"Experience the pulse of the countryside with activities for the whole family and learn about traditional skills. The picturesque village of Studor in Bohinj is ideal for spending your free time learning about farm chores and traditional skills at the Mrcina Ranch.","og_url":"https:\/\/www.bohinj.si\/en\/product\/active-village-adventures\/","og_site_name":"Bohinj - uradna stran destinacije - TNP, Julijske Alpe, Bohinjsko jezero","article_modified_time":"2022-07-05T07:19:00+00:00","og_image":[{"width":1920,"height":1280,"url":"https:\/\/www.bohinj.si\/wp-content\/uploads\/2022\/03\/42122758_2243281189242369_5603001836559663104_o-1.jpg","type":"image\/jpeg"}],"twitter_card":"summary_large_image","twitter_misc":{"Est. reading time":"1 minute"},"schema":{"@context":"https:\/\/schema.org","@graph":[{"@type":"WebPage","@id":"https:\/\/www.bohinj.si\/en\/product\/active-village-adventures\/","url":"https:\/\/www.bohinj.si\/en\/product\/active-village-adventures\/","name":"Active Village Adventures - Bohinj - uradna stran destinacije - TNP, Julijske Alpe, Bohinjsko jezero","isPartOf":{"@id":"https:\/\/www.bohinj.si\/en\/#website"},"primaryImageOfPage":{"@id":"https:\/\/www.bohinj.si\/en\/product\/active-village-adventures\/#primaryimage"},"image":{"@id":"https:\/\/www.bohinj.si\/en\/product\/active-village-adventures\/#primaryimage"},"thumbnailUrl":"https:\/\/www.bohinj.si\/wp-content\/uploads\/2022\/03\/42122758_2243281189242369_5603001836559663104_o-1.jpg","datePublished":"2022-03-30T12:44:46+00:00","dateModified":"2022-07-05T07:19:00+00:00","breadcrumb":{"@id":"https:\/\/www.bohinj.si\/en\/product\/active-village-adventures\/#breadcrumb"},"inLanguage":"en-US","potentialAction":[{"@type":"ReadAction","target":["https:\/\/www.bohinj.si\/en\/product\/active-village-adventures\/"]}]},{"@type":"ImageObject","inLanguage":"en-US","@id":"https:\/\/www.bohinj.si\/en\/product\/active-village-adventures\/#primaryimage","url":"https:\/\/www.bohinj.si\/wp-content\/uploads\/2022\/03\/42122758_2243281189242369_5603001836559663104_o-1.jpg","contentUrl":"https:\/\/www.bohinj.si\/wp-content\/uploads\/2022\/03\/42122758_2243281189242369_5603001836559663104_o-1.jpg","width":1920,"height":1280},{"@type":"BreadcrumbList","@id":"https:\/\/www.bohinj.si\/en\/product\/active-village-adventures\/#breadcrumb","itemListElement":[{"@type":"ListItem","position":1,"name":"Domov","item":"https:\/\/www.bohinj.si\/en\/bohinj-home\/"},{"@type":"ListItem","position":2,"name":"Trgovina","item":"https:\/\/www.bohinj.si\/trgovina\/"},{"@type":"ListItem","position":3,"name":"Active Village Adventures"}]},{"@type":"WebSite","@id":"https:\/\/www.bohinj.si\/en\/#website","url":"https:\/\/www.bohinj.si\/en\/","name":"Bohinj - uradna stran destinacije - TNP, Julijske Alpe, Bohinjsko jezero","description":"Bohinj je zelena oaza v osr\u010dju Triglavskega narodnega parka. Idealno izhodi\u0161\u010de za pohodni\u0161tvo, kolesarjenje, ribolov, smu\u010danje, tek na smu\u010deh ...","publisher":{"@id":"https:\/\/www.bohinj.si\/en\/#organization"},"potentialAction":[{"@type":"SearchAction","target":{"@type":"EntryPoint","urlTemplate":"https:\/\/www.bohinj.si\/en\/?s={search_term_string}"},"query-input":{"@type":"PropertyValueSpecification","valueRequired":true,"valueName":"search_term_string"}}],"inLanguage":"en-US"},{"@type":"Organization","@id":"https:\/\/www.bohinj.si\/en\/#organization","name":"Bohinj - uradna stran destinacije - TNP, Julijske Alpe, Bohinjsko jezero","url":"https:\/\/www.bohinj.si\/en\/","logo":{"@type":"ImageObject","inLanguage":"en-US","@id":"https:\/\/www.bohinj.si\/en\/#\/schema\/logo\/image\/","url":"https:\/\/www.bohinj.si\/wp-content\/uploads\/2021\/04\/bohinj_head_logo_slo.png","contentUrl":"https:\/\/www.bohinj.si\/wp-content\/uploads\/2021\/04\/bohinj_head_logo_slo.png","width":295,"height":56,"caption":"Bohinj - uradna stran destinacije - TNP, Julijske Alpe, Bohinjsko jezero"},"image":{"@id":"https:\/\/www.bohinj.si\/en\/#\/schema\/logo\/image\/"}}]}},"_links":{"self":[{"href":"https:\/\/www.bohinj.si\/en\/wp-json\/wp\/v2\/product\/61171","targetHints":{"allow":["GET"]}}],"collection":[{"href":"https:\/\/www.bohinj.si\/en\/wp-json\/wp\/v2\/product"}],"about":[{"href":"https:\/\/www.bohinj.si\/en\/wp-json\/wp\/v2\/types\/product"}],"wp:featuredmedia":[{"embeddable":true,"href":"https:\/\/www.bohinj.si\/en\/wp-json\/wp\/v2\/media\/61170"}],"wp:attachment":[{"href":"https:\/\/www.bohinj.si\/en\/wp-json\/wp\/v2\/media?parent=61171"}],"wp:term":[{"taxonomy":"product_brand","embeddable":true,"href":"https:\/\/www.bohinj.si\/en\/wp-json\/wp\/v2\/product_brand?post=61171"},{"taxonomy":"product_cat","embeddable":true,"href":"https:\/\/www.bohinj.si\/en\/wp-json\/wp\/v2\/product_cat?post=61171"},{"taxonomy":"product_tag","embeddable":true,"href":"https:\/\/www.bohinj.si\/en\/wp-json\/wp\/v2\/product_tag?post=61171"}],"curies":[{"name":"wp","href":"https:\/\/api.w.org\/{rel}","templated":true}]}}