{"id":75694,"date":"2022-06-15T12:58:17","date_gmt":"2022-06-15T10:58:17","guid":{"rendered":"https:\/\/www.bohinj.si\/?post_type=product&#038;p=75694"},"modified":"2023-04-15T13:41:37","modified_gmt":"2023-04-15T11:41:37","slug":"guided-hike-to-savica-waterfall","status":"publish","type":"product","link":"https:\/\/www.bohinj.si\/en\/product\/guided-hike-to-savica-waterfall\/","title":{"rendered":"Yearly guided hike to Waterfall Savica"},"content":{"rendered":"<p><strong>There are 3 versions of the hike to the Savice Waterfall:<\/strong><\/p>\n<h3><strong>LONGER WALK:<\/strong><\/h3>\n<ul>\n<li>Meeting point: Rib\u010dev Laz- Td Bohinj<\/li>\n<li>Length of the walk: 10.5 km<\/li>\n<li>Hiking time: 3 h<\/li>\n<li>Start: at 9:00<\/li>\n<\/ul>\n<h3><strong>SHORTER HIKE:<\/strong><\/h3>\n<ul>\n<li>Meeting point: Ukanc &#8211; Pizzeria Ukanc<\/li>\n<li>Length of walk: 4 km<\/li>\n<li>Hiking time: 1-1,5 h<\/li>\n<li>Start: at 10:00<\/li>\n<\/ul>\n<h3><strong>THE SHORTEST HIKE:<\/strong><\/h3>\n<ul>\n<li>Meeting point: parking under the Savica waterfall<\/li>\n<li>Length of walk: 1 km<\/li>\n<li>Hiking time: 30 min<\/li>\n<li>Start: at 11:00<\/li>\n<\/ul>\n<h3><strong>REGISTRATION AND PRE-REGISTRATION:<\/strong><\/h3>\n<ul>\n<li>Pre-registrations for the hikes are collected at the following e-mail address: <a href=\"mailto:prireditve@tdbohinj.si\" target=\"_blank\" rel=\"noopener\">prireditve@tdbohinj.si<\/a><\/li>\n<li>Registration is possible on the day of the walk at the starting points one hour before the start of the walk.<\/li>\n<\/ul>\n<h3><strong>PRICE:<\/strong><\/h3>\n<ul>\n<li>Adults: 12,00 \u20ac \/ 10,00 \u20ac*<\/li>\n<li>Children up to 14. years: 10,00 \u20ac \/ 8,00 \u20ac*<\/li>\n<li>Families: 35,00 \u20ac \/ 28,00 \u20ac*<\/li>\n<\/ul>\n<p>*The reduced price applies to TD Bohinj members, TZS card holders and pre-booked guests.<\/p>\n<h3><strong>PARTICIPATION CONDITIONS:<\/strong><\/h3>\n<p>Everyone who pays the entry fee is a participant of the hike. All participants are obliged to follow the organiser&#8217;s instructions. The organiser is not liable for any material or physical damage caused by a participant to himself or to other participants. Persons under 14 years of age may only participate in the hike if accompanied by a parent or adult.<\/p>\n<h3>ORGANISER:<\/h3>\n<p>Bohinj Tourist Association<br \/>\nContact: <a href=\"mailto:prireditve@tdbohinj.si\" target=\"_blank\" rel=\"noopener\">prireditve@tdbohinj.si<\/a><\/p>\n","protected":false},"excerpt":{"rendered":"<p>Traditional opening of the season of hikes to the most visited waterfall in Slovenia. You are invited to the traditional hike to the Savica waterfall, which this year will be the 11th in a row The hike has three versions and is a recreational hike suitable for all generations. Experience a nice day of hiking in good company, where almost everything will be taken care of, as the entry fee includes: a welcome snack, a gift &#8211; a T-shirt, a ticket to the Savica Waterfall, and a snack and a drink at the finish line.<\/p>\n","protected":false},"featured_media":75696,"template":"","meta":{"_acf_changed":false},"product_brand":[],"product_cat":[824,1097],"product_tag":[1227],"class_list":{"0":"post-75694","1":"product","2":"type-product","3":"status-publish","4":"has-post-thumbnail","6":"product_cat-bohinjsko-from-bohinj-certificate","7":"product_cat-experience-bohinjsko-from-bohinj","8":"product_tag-excellent-for-large-groups","10":"first","11":"instock","12":"taxable","13":"shipping-taxable","14":"product-type-external"},"acf":[],"yoast_head":"<!-- This site is optimized with the Yoast SEO plugin v27.5 - https:\/\/yoast.com\/product\/yoast-seo-wordpress\/ -->\n<title>Yearly guided hike to Waterfall Savica - Bohinj - uradna stran destinacije - TNP, Julijske Alpe, Bohinjsko jezero<\/title>\n<meta name=\"robots\" content=\"index, follow, max-snippet:-1, max-image-preview:large, max-video-preview:-1\" \/>\n<link rel=\"canonical\" href=\"https:\/\/www.bohinj.si\/en\/product\/guided-hike-to-savica-waterfall\/\" \/>\n<meta property=\"og:locale\" content=\"en_US\" \/>\n<meta property=\"og:type\" content=\"article\" \/>\n<meta property=\"og:title\" content=\"Yearly guided hike to Waterfall Savica - Bohinj - uradna stran destinacije - TNP, Julijske Alpe, Bohinjsko jezero\" \/>\n<meta property=\"og:description\" content=\"Traditional opening of the season of hikes to the most visited waterfall in Slovenia. You are invited to the traditional hike to the Savica waterfall, which this year will be the 11th in a row The hike has three versions and is a recreational hike suitable for all generations. Experience a nice day of hiking in good company, where almost everything will be taken care of, as the entry fee includes: a welcome snack, a gift - a T-shirt, a ticket to the Savica Waterfall, and a snack and a drink at the finish line.\" \/>\n<meta property=\"og:url\" content=\"https:\/\/www.bohinj.si\/en\/product\/guided-hike-to-savica-waterfall\/\" \/>\n<meta property=\"og:site_name\" content=\"Bohinj - uradna stran destinacije - TNP, Julijske Alpe, Bohinjsko jezero\" \/>\n<meta property=\"article:modified_time\" content=\"2023-04-15T11:41:37+00:00\" \/>\n<meta property=\"og:image\" content=\"https:\/\/www.bohinj.si\/wp-content\/uploads\/2022\/01\/slap-savica-mitja-sodja-01.jpg\" \/>\n\t<meta property=\"og:image:width\" content=\"1280\" \/>\n\t<meta property=\"og:image:height\" content=\"1920\" \/>\n\t<meta property=\"og:image:type\" content=\"image\/jpeg\" \/>\n<meta name=\"twitter:card\" content=\"summary_large_image\" \/>\n<meta name=\"twitter:label1\" content=\"Est. reading time\" \/>\n\t<meta name=\"twitter:data1\" content=\"1 minute\" \/>\n<script type=\"application\/ld+json\" class=\"yoast-schema-graph\">{\"@context\":\"https:\\\/\\\/schema.org\",\"@graph\":[{\"@type\":\"WebPage\",\"@id\":\"https:\\\/\\\/www.bohinj.si\\\/en\\\/product\\\/guided-hike-to-savica-waterfall\\\/\",\"url\":\"https:\\\/\\\/www.bohinj.si\\\/en\\\/product\\\/guided-hike-to-savica-waterfall\\\/\",\"name\":\"Yearly guided hike to Waterfall Savica - Bohinj - uradna stran destinacije - TNP, Julijske Alpe, Bohinjsko jezero\",\"isPartOf\":{\"@id\":\"https:\\\/\\\/www.bohinj.si\\\/en\\\/#website\"},\"primaryImageOfPage\":{\"@id\":\"https:\\\/\\\/www.bohinj.si\\\/en\\\/product\\\/guided-hike-to-savica-waterfall\\\/#primaryimage\"},\"image\":{\"@id\":\"https:\\\/\\\/www.bohinj.si\\\/en\\\/product\\\/guided-hike-to-savica-waterfall\\\/#primaryimage\"},\"thumbnailUrl\":\"https:\\\/\\\/www.bohinj.si\\\/wp-content\\\/uploads\\\/2022\\\/01\\\/slap-savica-mitja-sodja-01.jpg\",\"datePublished\":\"2022-06-15T10:58:17+00:00\",\"dateModified\":\"2023-04-15T11:41:37+00:00\",\"breadcrumb\":{\"@id\":\"https:\\\/\\\/www.bohinj.si\\\/en\\\/product\\\/guided-hike-to-savica-waterfall\\\/#breadcrumb\"},\"inLanguage\":\"en-US\",\"potentialAction\":[{\"@type\":\"ReadAction\",\"target\":[\"https:\\\/\\\/www.bohinj.si\\\/en\\\/product\\\/guided-hike-to-savica-waterfall\\\/\"]}]},{\"@type\":\"ImageObject\",\"inLanguage\":\"en-US\",\"@id\":\"https:\\\/\\\/www.bohinj.si\\\/en\\\/product\\\/guided-hike-to-savica-waterfall\\\/#primaryimage\",\"url\":\"https:\\\/\\\/www.bohinj.si\\\/wp-content\\\/uploads\\\/2022\\\/01\\\/slap-savica-mitja-sodja-01.jpg\",\"contentUrl\":\"https:\\\/\\\/www.bohinj.si\\\/wp-content\\\/uploads\\\/2022\\\/01\\\/slap-savica-mitja-sodja-01.jpg\",\"width\":1280,\"height\":1920},{\"@type\":\"BreadcrumbList\",\"@id\":\"https:\\\/\\\/www.bohinj.si\\\/en\\\/product\\\/guided-hike-to-savica-waterfall\\\/#breadcrumb\",\"itemListElement\":[{\"@type\":\"ListItem\",\"position\":1,\"name\":\"Domov\",\"item\":\"https:\\\/\\\/www.bohinj.si\\\/en\\\/bohinj-home\\\/\"},{\"@type\":\"ListItem\",\"position\":2,\"name\":\"Trgovina\",\"item\":\"https:\\\/\\\/www.bohinj.si\\\/trgovina\\\/\"},{\"@type\":\"ListItem\",\"position\":3,\"name\":\"Yearly guided hike to Waterfall Savica\"}]},{\"@type\":\"WebSite\",\"@id\":\"https:\\\/\\\/www.bohinj.si\\\/en\\\/#website\",\"url\":\"https:\\\/\\\/www.bohinj.si\\\/en\\\/\",\"name\":\"Bohinj - uradna stran destinacije - TNP, Julijske Alpe, Bohinjsko jezero\",\"description\":\"Bohinj je zelena oaza v osr\u010dju Triglavskega narodnega parka. Idealno izhodi\u0161\u010de za pohodni\u0161tvo, kolesarjenje, ribolov, smu\u010danje, tek na smu\u010deh ...\",\"publisher\":{\"@id\":\"https:\\\/\\\/www.bohinj.si\\\/en\\\/#organization\"},\"potentialAction\":[{\"@type\":\"SearchAction\",\"target\":{\"@type\":\"EntryPoint\",\"urlTemplate\":\"https:\\\/\\\/www.bohinj.si\\\/en\\\/?s={search_term_string}\"},\"query-input\":{\"@type\":\"PropertyValueSpecification\",\"valueRequired\":true,\"valueName\":\"search_term_string\"}}],\"inLanguage\":\"en-US\"},{\"@type\":\"Organization\",\"@id\":\"https:\\\/\\\/www.bohinj.si\\\/en\\\/#organization\",\"name\":\"Bohinj - uradna stran destinacije - TNP, Julijske Alpe, Bohinjsko jezero\",\"url\":\"https:\\\/\\\/www.bohinj.si\\\/en\\\/\",\"logo\":{\"@type\":\"ImageObject\",\"inLanguage\":\"en-US\",\"@id\":\"https:\\\/\\\/www.bohinj.si\\\/en\\\/#\\\/schema\\\/logo\\\/image\\\/\",\"url\":\"https:\\\/\\\/www.bohinj.si\\\/wp-content\\\/uploads\\\/2021\\\/04\\\/bohinj_head_logo_slo.png\",\"contentUrl\":\"https:\\\/\\\/www.bohinj.si\\\/wp-content\\\/uploads\\\/2021\\\/04\\\/bohinj_head_logo_slo.png\",\"width\":295,\"height\":56,\"caption\":\"Bohinj - uradna stran destinacije - TNP, Julijske Alpe, Bohinjsko jezero\"},\"image\":{\"@id\":\"https:\\\/\\\/www.bohinj.si\\\/en\\\/#\\\/schema\\\/logo\\\/image\\\/\"}}]}<\/script>\n<!-- \/ Yoast SEO plugin. -->","yoast_head_json":{"title":"Yearly guided hike to Waterfall Savica - Bohinj - uradna stran destinacije - TNP, Julijske Alpe, Bohinjsko jezero","robots":{"index":"index","follow":"follow","max-snippet":"max-snippet:-1","max-image-preview":"max-image-preview:large","max-video-preview":"max-video-preview:-1"},"canonical":"https:\/\/www.bohinj.si\/en\/product\/guided-hike-to-savica-waterfall\/","og_locale":"en_US","og_type":"article","og_title":"Yearly guided hike to Waterfall Savica - Bohinj - uradna stran destinacije - TNP, Julijske Alpe, Bohinjsko jezero","og_description":"Traditional opening of the season of hikes to the most visited waterfall in Slovenia. You are invited to the traditional hike to the Savica waterfall, which this year will be the 11th in a row The hike has three versions and is a recreational hike suitable for all generations. Experience a nice day of hiking in good company, where almost everything will be taken care of, as the entry fee includes: a welcome snack, a gift - a T-shirt, a ticket to the Savica Waterfall, and a snack and a drink at the finish line.","og_url":"https:\/\/www.bohinj.si\/en\/product\/guided-hike-to-savica-waterfall\/","og_site_name":"Bohinj - uradna stran destinacije - TNP, Julijske Alpe, Bohinjsko jezero","article_modified_time":"2023-04-15T11:41:37+00:00","og_image":[{"width":1280,"height":1920,"url":"https:\/\/www.bohinj.si\/wp-content\/uploads\/2022\/01\/slap-savica-mitja-sodja-01.jpg","type":"image\/jpeg"}],"twitter_card":"summary_large_image","twitter_misc":{"Est. reading time":"1 minute"},"schema":{"@context":"https:\/\/schema.org","@graph":[{"@type":"WebPage","@id":"https:\/\/www.bohinj.si\/en\/product\/guided-hike-to-savica-waterfall\/","url":"https:\/\/www.bohinj.si\/en\/product\/guided-hike-to-savica-waterfall\/","name":"Yearly guided hike to Waterfall Savica - Bohinj - uradna stran destinacije - TNP, Julijske Alpe, Bohinjsko jezero","isPartOf":{"@id":"https:\/\/www.bohinj.si\/en\/#website"},"primaryImageOfPage":{"@id":"https:\/\/www.bohinj.si\/en\/product\/guided-hike-to-savica-waterfall\/#primaryimage"},"image":{"@id":"https:\/\/www.bohinj.si\/en\/product\/guided-hike-to-savica-waterfall\/#primaryimage"},"thumbnailUrl":"https:\/\/www.bohinj.si\/wp-content\/uploads\/2022\/01\/slap-savica-mitja-sodja-01.jpg","datePublished":"2022-06-15T10:58:17+00:00","dateModified":"2023-04-15T11:41:37+00:00","breadcrumb":{"@id":"https:\/\/www.bohinj.si\/en\/product\/guided-hike-to-savica-waterfall\/#breadcrumb"},"inLanguage":"en-US","potentialAction":[{"@type":"ReadAction","target":["https:\/\/www.bohinj.si\/en\/product\/guided-hike-to-savica-waterfall\/"]}]},{"@type":"ImageObject","inLanguage":"en-US","@id":"https:\/\/www.bohinj.si\/en\/product\/guided-hike-to-savica-waterfall\/#primaryimage","url":"https:\/\/www.bohinj.si\/wp-content\/uploads\/2022\/01\/slap-savica-mitja-sodja-01.jpg","contentUrl":"https:\/\/www.bohinj.si\/wp-content\/uploads\/2022\/01\/slap-savica-mitja-sodja-01.jpg","width":1280,"height":1920},{"@type":"BreadcrumbList","@id":"https:\/\/www.bohinj.si\/en\/product\/guided-hike-to-savica-waterfall\/#breadcrumb","itemListElement":[{"@type":"ListItem","position":1,"name":"Domov","item":"https:\/\/www.bohinj.si\/en\/bohinj-home\/"},{"@type":"ListItem","position":2,"name":"Trgovina","item":"https:\/\/www.bohinj.si\/trgovina\/"},{"@type":"ListItem","position":3,"name":"Yearly guided hike to Waterfall Savica"}]},{"@type":"WebSite","@id":"https:\/\/www.bohinj.si\/en\/#website","url":"https:\/\/www.bohinj.si\/en\/","name":"Bohinj - uradna stran destinacije - TNP, Julijske Alpe, Bohinjsko jezero","description":"Bohinj je zelena oaza v osr\u010dju Triglavskega narodnega parka. Idealno izhodi\u0161\u010de za pohodni\u0161tvo, kolesarjenje, ribolov, smu\u010danje, tek na smu\u010deh ...","publisher":{"@id":"https:\/\/www.bohinj.si\/en\/#organization"},"potentialAction":[{"@type":"SearchAction","target":{"@type":"EntryPoint","urlTemplate":"https:\/\/www.bohinj.si\/en\/?s={search_term_string}"},"query-input":{"@type":"PropertyValueSpecification","valueRequired":true,"valueName":"search_term_string"}}],"inLanguage":"en-US"},{"@type":"Organization","@id":"https:\/\/www.bohinj.si\/en\/#organization","name":"Bohinj - uradna stran destinacije - TNP, Julijske Alpe, Bohinjsko jezero","url":"https:\/\/www.bohinj.si\/en\/","logo":{"@type":"ImageObject","inLanguage":"en-US","@id":"https:\/\/www.bohinj.si\/en\/#\/schema\/logo\/image\/","url":"https:\/\/www.bohinj.si\/wp-content\/uploads\/2021\/04\/bohinj_head_logo_slo.png","contentUrl":"https:\/\/www.bohinj.si\/wp-content\/uploads\/2021\/04\/bohinj_head_logo_slo.png","width":295,"height":56,"caption":"Bohinj - uradna stran destinacije - TNP, Julijske Alpe, Bohinjsko jezero"},"image":{"@id":"https:\/\/www.bohinj.si\/en\/#\/schema\/logo\/image\/"}}]}},"_links":{"self":[{"href":"https:\/\/www.bohinj.si\/en\/wp-json\/wp\/v2\/product\/75694","targetHints":{"allow":["GET"]}}],"collection":[{"href":"https:\/\/www.bohinj.si\/en\/wp-json\/wp\/v2\/product"}],"about":[{"href":"https:\/\/www.bohinj.si\/en\/wp-json\/wp\/v2\/types\/product"}],"wp:featuredmedia":[{"embeddable":true,"href":"https:\/\/www.bohinj.si\/en\/wp-json\/wp\/v2\/media\/75696"}],"wp:attachment":[{"href":"https:\/\/www.bohinj.si\/en\/wp-json\/wp\/v2\/media?parent=75694"}],"wp:term":[{"taxonomy":"product_brand","embeddable":true,"href":"https:\/\/www.bohinj.si\/en\/wp-json\/wp\/v2\/product_brand?post=75694"},{"taxonomy":"product_cat","embeddable":true,"href":"https:\/\/www.bohinj.si\/en\/wp-json\/wp\/v2\/product_cat?post=75694"},{"taxonomy":"product_tag","embeddable":true,"href":"https:\/\/www.bohinj.si\/en\/wp-json\/wp\/v2\/product_tag?post=75694"}],"curies":[{"name":"wp","href":"https:\/\/api.w.org\/{rel}","templated":true}]}}