{"id":75833,"date":"2022-06-16T13:09:04","date_gmt":"2022-06-16T11:09:04","guid":{"rendered":"https:\/\/www.bohinj.si\/izdelek\/odolnek-cooked-butter\/"},"modified":"2022-07-05T08:58:03","modified_gmt":"2022-07-05T06:58:03","slug":"odolnek-cooked-butter","status":"publish","type":"product","link":"https:\/\/www.bohinj.si\/en\/product\/odolnek-cooked-butter\/","title":{"rendered":"Odolnek cooked butter"},"content":{"rendered":"<p>Cooked butter has been around Bohinj since the 18th century. It became the most important source of income for the Bohinj people. It is said that cooked butter is healthier than raw butter, as the lactose is eliminated from the butter during cooking.<\/p>\n","protected":false},"excerpt":{"rendered":"<h3>Ingredients:<\/h3>\n<p>Pr&#8217; Odolnek Farm butter.<\/p>\n","protected":false},"featured_media":75830,"template":"","meta":{"_acf_changed":false},"product_brand":[],"product_cat":[824,826],"product_tag":[],"class_list":{"0":"post-75833","1":"product","2":"type-product","3":"status-publish","4":"has-post-thumbnail","6":"product_cat-bohinjsko-from-bohinj-certificate","7":"product_cat-produce-and-culinary-products","9":"first","10":"instock","11":"taxable","12":"shipping-taxable","13":"product-type-external"},"acf":[],"yoast_head":"<!-- This site is optimized with the Yoast SEO plugin v27.5 - https:\/\/yoast.com\/product\/yoast-seo-wordpress\/ -->\n<title>Odolnek cooked butter - Bohinj - uradna stran destinacije - TNP, Julijske Alpe, Bohinjsko jezero<\/title>\n<meta name=\"robots\" content=\"index, follow, max-snippet:-1, max-image-preview:large, max-video-preview:-1\" \/>\n<link rel=\"canonical\" href=\"https:\/\/www.bohinj.si\/en\/product\/odolnek-cooked-butter\/\" \/>\n<meta property=\"og:locale\" content=\"en_US\" \/>\n<meta property=\"og:type\" content=\"article\" \/>\n<meta property=\"og:title\" content=\"Odolnek cooked butter - Bohinj - uradna stran destinacije - TNP, Julijske Alpe, Bohinjsko jezero\" \/>\n<meta property=\"og:description\" content=\"Ingredients: Pr&#039; Odolnek Farm butter.\" \/>\n<meta property=\"og:url\" content=\"https:\/\/www.bohinj.si\/en\/product\/odolnek-cooked-butter\/\" \/>\n<meta property=\"og:site_name\" content=\"Bohinj - uradna stran destinacije - TNP, Julijske Alpe, Bohinjsko jezero\" \/>\n<meta property=\"article:modified_time\" content=\"2022-07-05T06:58:03+00:00\" \/>\n<meta property=\"og:image\" content=\"https:\/\/www.bohinj.si\/wp-content\/uploads\/2022\/01\/bohinjsko-ocenjevanje-20feb2020-odolnek-01.jpg\" \/>\n\t<meta property=\"og:image:width\" content=\"1920\" \/>\n\t<meta property=\"og:image:height\" content=\"1280\" \/>\n\t<meta property=\"og:image:type\" content=\"image\/jpeg\" \/>\n<meta name=\"twitter:card\" content=\"summary_large_image\" \/>\n<script type=\"application\/ld+json\" class=\"yoast-schema-graph\">{\"@context\":\"https:\\\/\\\/schema.org\",\"@graph\":[{\"@type\":\"WebPage\",\"@id\":\"https:\\\/\\\/www.bohinj.si\\\/en\\\/product\\\/odolnek-cooked-butter\\\/\",\"url\":\"https:\\\/\\\/www.bohinj.si\\\/en\\\/product\\\/odolnek-cooked-butter\\\/\",\"name\":\"Odolnek cooked butter - Bohinj - uradna stran destinacije - TNP, Julijske Alpe, Bohinjsko jezero\",\"isPartOf\":{\"@id\":\"https:\\\/\\\/www.bohinj.si\\\/en\\\/#website\"},\"primaryImageOfPage\":{\"@id\":\"https:\\\/\\\/www.bohinj.si\\\/en\\\/product\\\/odolnek-cooked-butter\\\/#primaryimage\"},\"image\":{\"@id\":\"https:\\\/\\\/www.bohinj.si\\\/en\\\/product\\\/odolnek-cooked-butter\\\/#primaryimage\"},\"thumbnailUrl\":\"https:\\\/\\\/www.bohinj.si\\\/wp-content\\\/uploads\\\/2022\\\/01\\\/bohinjsko-ocenjevanje-20feb2020-odolnek-01.jpg\",\"datePublished\":\"2022-06-16T11:09:04+00:00\",\"dateModified\":\"2022-07-05T06:58:03+00:00\",\"breadcrumb\":{\"@id\":\"https:\\\/\\\/www.bohinj.si\\\/en\\\/product\\\/odolnek-cooked-butter\\\/#breadcrumb\"},\"inLanguage\":\"en-US\",\"potentialAction\":[{\"@type\":\"ReadAction\",\"target\":[\"https:\\\/\\\/www.bohinj.si\\\/en\\\/product\\\/odolnek-cooked-butter\\\/\"]}]},{\"@type\":\"ImageObject\",\"inLanguage\":\"en-US\",\"@id\":\"https:\\\/\\\/www.bohinj.si\\\/en\\\/product\\\/odolnek-cooked-butter\\\/#primaryimage\",\"url\":\"https:\\\/\\\/www.bohinj.si\\\/wp-content\\\/uploads\\\/2022\\\/01\\\/bohinjsko-ocenjevanje-20feb2020-odolnek-01.jpg\",\"contentUrl\":\"https:\\\/\\\/www.bohinj.si\\\/wp-content\\\/uploads\\\/2022\\\/01\\\/bohinjsko-ocenjevanje-20feb2020-odolnek-01.jpg\",\"width\":1920,\"height\":1280},{\"@type\":\"BreadcrumbList\",\"@id\":\"https:\\\/\\\/www.bohinj.si\\\/en\\\/product\\\/odolnek-cooked-butter\\\/#breadcrumb\",\"itemListElement\":[{\"@type\":\"ListItem\",\"position\":1,\"name\":\"Domov\",\"item\":\"https:\\\/\\\/www.bohinj.si\\\/en\\\/bohinj-home\\\/\"},{\"@type\":\"ListItem\",\"position\":2,\"name\":\"Trgovina\",\"item\":\"https:\\\/\\\/www.bohinj.si\\\/trgovina\\\/\"},{\"@type\":\"ListItem\",\"position\":3,\"name\":\"Odolnek cooked butter\"}]},{\"@type\":\"WebSite\",\"@id\":\"https:\\\/\\\/www.bohinj.si\\\/en\\\/#website\",\"url\":\"https:\\\/\\\/www.bohinj.si\\\/en\\\/\",\"name\":\"Bohinj - uradna stran destinacije - TNP, Julijske Alpe, Bohinjsko jezero\",\"description\":\"Bohinj je zelena oaza v osr\u010dju Triglavskega narodnega parka. Idealno izhodi\u0161\u010de za pohodni\u0161tvo, kolesarjenje, ribolov, smu\u010danje, tek na smu\u010deh ...\",\"publisher\":{\"@id\":\"https:\\\/\\\/www.bohinj.si\\\/en\\\/#organization\"},\"potentialAction\":[{\"@type\":\"SearchAction\",\"target\":{\"@type\":\"EntryPoint\",\"urlTemplate\":\"https:\\\/\\\/www.bohinj.si\\\/en\\\/?s={search_term_string}\"},\"query-input\":{\"@type\":\"PropertyValueSpecification\",\"valueRequired\":true,\"valueName\":\"search_term_string\"}}],\"inLanguage\":\"en-US\"},{\"@type\":\"Organization\",\"@id\":\"https:\\\/\\\/www.bohinj.si\\\/en\\\/#organization\",\"name\":\"Bohinj - uradna stran destinacije - TNP, Julijske Alpe, Bohinjsko jezero\",\"url\":\"https:\\\/\\\/www.bohinj.si\\\/en\\\/\",\"logo\":{\"@type\":\"ImageObject\",\"inLanguage\":\"en-US\",\"@id\":\"https:\\\/\\\/www.bohinj.si\\\/en\\\/#\\\/schema\\\/logo\\\/image\\\/\",\"url\":\"https:\\\/\\\/www.bohinj.si\\\/wp-content\\\/uploads\\\/2021\\\/04\\\/bohinj_head_logo_slo.png\",\"contentUrl\":\"https:\\\/\\\/www.bohinj.si\\\/wp-content\\\/uploads\\\/2021\\\/04\\\/bohinj_head_logo_slo.png\",\"width\":295,\"height\":56,\"caption\":\"Bohinj - uradna stran destinacije - TNP, Julijske Alpe, Bohinjsko jezero\"},\"image\":{\"@id\":\"https:\\\/\\\/www.bohinj.si\\\/en\\\/#\\\/schema\\\/logo\\\/image\\\/\"}}]}<\/script>\n<!-- \/ Yoast SEO plugin. -->","yoast_head_json":{"title":"Odolnek cooked butter - Bohinj - uradna stran destinacije - TNP, Julijske Alpe, Bohinjsko jezero","robots":{"index":"index","follow":"follow","max-snippet":"max-snippet:-1","max-image-preview":"max-image-preview:large","max-video-preview":"max-video-preview:-1"},"canonical":"https:\/\/www.bohinj.si\/en\/product\/odolnek-cooked-butter\/","og_locale":"en_US","og_type":"article","og_title":"Odolnek cooked butter - Bohinj - uradna stran destinacije - TNP, Julijske Alpe, Bohinjsko jezero","og_description":"Ingredients: Pr' Odolnek Farm butter.","og_url":"https:\/\/www.bohinj.si\/en\/product\/odolnek-cooked-butter\/","og_site_name":"Bohinj - uradna stran destinacije - TNP, Julijske Alpe, Bohinjsko jezero","article_modified_time":"2022-07-05T06:58:03+00:00","og_image":[{"width":1920,"height":1280,"url":"https:\/\/www.bohinj.si\/wp-content\/uploads\/2022\/01\/bohinjsko-ocenjevanje-20feb2020-odolnek-01.jpg","type":"image\/jpeg"}],"twitter_card":"summary_large_image","schema":{"@context":"https:\/\/schema.org","@graph":[{"@type":"WebPage","@id":"https:\/\/www.bohinj.si\/en\/product\/odolnek-cooked-butter\/","url":"https:\/\/www.bohinj.si\/en\/product\/odolnek-cooked-butter\/","name":"Odolnek cooked butter - Bohinj - uradna stran destinacije - TNP, Julijske Alpe, Bohinjsko jezero","isPartOf":{"@id":"https:\/\/www.bohinj.si\/en\/#website"},"primaryImageOfPage":{"@id":"https:\/\/www.bohinj.si\/en\/product\/odolnek-cooked-butter\/#primaryimage"},"image":{"@id":"https:\/\/www.bohinj.si\/en\/product\/odolnek-cooked-butter\/#primaryimage"},"thumbnailUrl":"https:\/\/www.bohinj.si\/wp-content\/uploads\/2022\/01\/bohinjsko-ocenjevanje-20feb2020-odolnek-01.jpg","datePublished":"2022-06-16T11:09:04+00:00","dateModified":"2022-07-05T06:58:03+00:00","breadcrumb":{"@id":"https:\/\/www.bohinj.si\/en\/product\/odolnek-cooked-butter\/#breadcrumb"},"inLanguage":"en-US","potentialAction":[{"@type":"ReadAction","target":["https:\/\/www.bohinj.si\/en\/product\/odolnek-cooked-butter\/"]}]},{"@type":"ImageObject","inLanguage":"en-US","@id":"https:\/\/www.bohinj.si\/en\/product\/odolnek-cooked-butter\/#primaryimage","url":"https:\/\/www.bohinj.si\/wp-content\/uploads\/2022\/01\/bohinjsko-ocenjevanje-20feb2020-odolnek-01.jpg","contentUrl":"https:\/\/www.bohinj.si\/wp-content\/uploads\/2022\/01\/bohinjsko-ocenjevanje-20feb2020-odolnek-01.jpg","width":1920,"height":1280},{"@type":"BreadcrumbList","@id":"https:\/\/www.bohinj.si\/en\/product\/odolnek-cooked-butter\/#breadcrumb","itemListElement":[{"@type":"ListItem","position":1,"name":"Domov","item":"https:\/\/www.bohinj.si\/en\/bohinj-home\/"},{"@type":"ListItem","position":2,"name":"Trgovina","item":"https:\/\/www.bohinj.si\/trgovina\/"},{"@type":"ListItem","position":3,"name":"Odolnek cooked butter"}]},{"@type":"WebSite","@id":"https:\/\/www.bohinj.si\/en\/#website","url":"https:\/\/www.bohinj.si\/en\/","name":"Bohinj - uradna stran destinacije - TNP, Julijske Alpe, Bohinjsko jezero","description":"Bohinj je zelena oaza v osr\u010dju Triglavskega narodnega parka. Idealno izhodi\u0161\u010de za pohodni\u0161tvo, kolesarjenje, ribolov, smu\u010danje, tek na smu\u010deh ...","publisher":{"@id":"https:\/\/www.bohinj.si\/en\/#organization"},"potentialAction":[{"@type":"SearchAction","target":{"@type":"EntryPoint","urlTemplate":"https:\/\/www.bohinj.si\/en\/?s={search_term_string}"},"query-input":{"@type":"PropertyValueSpecification","valueRequired":true,"valueName":"search_term_string"}}],"inLanguage":"en-US"},{"@type":"Organization","@id":"https:\/\/www.bohinj.si\/en\/#organization","name":"Bohinj - uradna stran destinacije - TNP, Julijske Alpe, Bohinjsko jezero","url":"https:\/\/www.bohinj.si\/en\/","logo":{"@type":"ImageObject","inLanguage":"en-US","@id":"https:\/\/www.bohinj.si\/en\/#\/schema\/logo\/image\/","url":"https:\/\/www.bohinj.si\/wp-content\/uploads\/2021\/04\/bohinj_head_logo_slo.png","contentUrl":"https:\/\/www.bohinj.si\/wp-content\/uploads\/2021\/04\/bohinj_head_logo_slo.png","width":295,"height":56,"caption":"Bohinj - uradna stran destinacije - TNP, Julijske Alpe, Bohinjsko jezero"},"image":{"@id":"https:\/\/www.bohinj.si\/en\/#\/schema\/logo\/image\/"}}]}},"_links":{"self":[{"href":"https:\/\/www.bohinj.si\/en\/wp-json\/wp\/v2\/product\/75833","targetHints":{"allow":["GET"]}}],"collection":[{"href":"https:\/\/www.bohinj.si\/en\/wp-json\/wp\/v2\/product"}],"about":[{"href":"https:\/\/www.bohinj.si\/en\/wp-json\/wp\/v2\/types\/product"}],"wp:featuredmedia":[{"embeddable":true,"href":"https:\/\/www.bohinj.si\/en\/wp-json\/wp\/v2\/media\/75830"}],"wp:attachment":[{"href":"https:\/\/www.bohinj.si\/en\/wp-json\/wp\/v2\/media?parent=75833"}],"wp:term":[{"taxonomy":"product_brand","embeddable":true,"href":"https:\/\/www.bohinj.si\/en\/wp-json\/wp\/v2\/product_brand?post=75833"},{"taxonomy":"product_cat","embeddable":true,"href":"https:\/\/www.bohinj.si\/en\/wp-json\/wp\/v2\/product_cat?post=75833"},{"taxonomy":"product_tag","embeddable":true,"href":"https:\/\/www.bohinj.si\/en\/wp-json\/wp\/v2\/product_tag?post=75833"}],"curies":[{"name":"wp","href":"https:\/\/api.w.org\/{rel}","templated":true}]}}