{"id":75943,"date":"2022-05-16T01:13:19","date_gmt":"2022-05-15T23:13:19","guid":{"rendered":"https:\/\/www.bohinj.si\/izdelek\/high-mountain-archaeological-trail-vogel\/"},"modified":"2025-08-18T16:03:04","modified_gmt":"2025-08-18T14:03:04","slug":"high-mountain-archaeological-trail-vogel","status":"publish","type":"product","link":"https:\/\/www.bohinj.si\/en\/product\/high-mountain-archaeological-trail-vogel\/","title":{"rendered":"High-mountain archaeological trail: Vogel"},"content":{"rendered":"<h3>DETAILS<\/h3>\n<ul>\n<li>Performed by: ArheoAlpe, Marija Ogrin, univ. dipl. archaeologist<\/li>\n<li>meeting point: bottom station of the Vogel cable car<\/li>\n<li>Duration: 6 &#8211; 7 hours<\/li>\n<li>difficulty: easy hiking trail<\/li>\n<li>equipment: mountaineering equipment with good footwear, physical condition<\/li>\n<li>maximum number of participants: 15 (participation at own risk)<\/li>\n<li>registration required at arheo.alpe@gmail.com<\/li>\n<\/ul>\n<h3>PRICE<\/h3>\n<ul>\n<li>90 \u20ac\/person<\/li>\n<li>Minimum number of persons: 4<\/li>\n<li>included in the price: expert guiding, cable car transport, handy materials<\/li>\n<\/ul>\n<h3>SHORT DESCRIPTION OF THE EXPERIENCE<\/h3>\n<p>After a car cable ride to Brown Rock, where you will have a view of the Bohinj basin, you will be briefly introduced to the history of the area.<br \/>\nFrom the Brown Rock, the route will take you through the Vogel area, past the archaeological sites of Dolga Planja, towards Konjski sedlo, where you will enjoy the mountain flowers, the beautiful view of the Julian Alps and the Triglav Mountains, to the archaeological station of Poljanica.<br \/>\nOn the Last Vogel mountain, there is a stop at the cheese factory, where you will learn about the work of the cheese-maker on the mountain and the cheese-making processes of the past and present.<\/p>\n","protected":false},"excerpt":{"rendered":"<p>Guided tour with an archaeologist exploring high-mountain settlements<br \/>\nA recently discovered high-altitude site of miners and shepherds, occasionally inhabited as early as the 5th century. century BC . and 9. century. The tour includes a visit to the foundations of the old hut on Prednji Vogel, the archaeological site and the ore cave on Zadnji Vogel.<\/p>\n","protected":false},"featured_media":74466,"template":"","meta":{"_acf_changed":false,"_price":"","_stock":"","_tribe_ticket_header":"","_tribe_default_ticket_provider":"","_tribe_ticket_capacity":"0","_ticket_start_date":"","_ticket_end_date":"","_tribe_ticket_show_description":"","_tribe_ticket_show_not_going":false,"_tribe_ticket_use_global_stock":"","_tribe_ticket_global_stock_level":"","_global_stock_mode":"","_global_stock_cap":"","_tribe_rsvp_for_event":"","_tribe_ticket_going_count":"","_tribe_ticket_not_going_count":"","_tribe_tickets_list":"[]","_tribe_ticket_has_attendee_info_fields":false,"_tec_slr_enabled":"","_tec_slr_layout":""},"product_brand":[],"product_cat":[824,1097],"product_tag":[1226],"class_list":{"0":"post-75943","1":"product","2":"type-product","3":"status-publish","4":"has-post-thumbnail","6":"product_cat-bohinjsko-from-bohinj-certificate","7":"product_cat-experience-bohinjsko-from-bohinj","8":"product_tag-strokovna-dozivetja-en","10":"first","11":"instock","12":"taxable","13":"shipping-taxable","14":"product-type-external"},"acf":[],"yoast_head":"<!-- This site is optimized with the Yoast SEO plugin v27.3 - https:\/\/yoast.com\/product\/yoast-seo-wordpress\/ -->\n<title>High-mountain archaeological trail: Vogel - Bohinj - uradna stran destinacije - TNP, Julijske Alpe, Bohinjsko jezero<\/title>\n<meta name=\"robots\" content=\"index, follow, max-snippet:-1, max-image-preview:large, max-video-preview:-1\" \/>\n<link rel=\"canonical\" href=\"https:\/\/www.bohinj.si\/en\/product\/high-mountain-archaeological-trail-vogel\/\" \/>\n<meta property=\"og:locale\" content=\"en_US\" \/>\n<meta property=\"og:type\" content=\"article\" \/>\n<meta property=\"og:title\" content=\"High-mountain archaeological trail: Vogel - Bohinj - uradna stran destinacije - TNP, Julijske Alpe, Bohinjsko jezero\" \/>\n<meta property=\"og:description\" content=\"Guided tour with an archaeologist exploring high-mountain settlements A recently discovered high-altitude site of miners and shepherds, occasionally inhabited as early as the 5th century. century BC . and 9. century. The tour includes a visit to the foundations of the old hut on Prednji Vogel, the archaeological site and the ore cave on Zadnji Vogel.\" \/>\n<meta property=\"og:url\" content=\"https:\/\/www.bohinj.si\/en\/product\/high-mountain-archaeological-trail-vogel\/\" \/>\n<meta property=\"og:site_name\" content=\"Bohinj - uradna stran destinacije - TNP, Julijske Alpe, Bohinjsko jezero\" \/>\n<meta property=\"article:modified_time\" content=\"2025-08-18T14:03:04+00:00\" \/>\n<meta property=\"og:image\" content=\"https:\/\/www.bohinj.si\/wp-content\/uploads\/2022\/05\/vogel_05.jpg\" \/>\n\t<meta property=\"og:image:width\" content=\"800\" \/>\n\t<meta property=\"og:image:height\" content=\"533\" \/>\n\t<meta property=\"og:image:type\" content=\"image\/jpeg\" \/>\n<meta name=\"twitter:card\" content=\"summary_large_image\" \/>\n<meta name=\"twitter:label1\" content=\"Est. reading time\" \/>\n\t<meta name=\"twitter:data1\" content=\"1 minute\" \/>\n<script type=\"application\/ld+json\" class=\"yoast-schema-graph\">{\"@context\":\"https:\\\/\\\/schema.org\",\"@graph\":[{\"@type\":\"WebPage\",\"@id\":\"https:\\\/\\\/www.bohinj.si\\\/en\\\/product\\\/high-mountain-archaeological-trail-vogel\\\/\",\"url\":\"https:\\\/\\\/www.bohinj.si\\\/en\\\/product\\\/high-mountain-archaeological-trail-vogel\\\/\",\"name\":\"High-mountain archaeological trail: Vogel - Bohinj - uradna stran destinacije - TNP, Julijske Alpe, Bohinjsko jezero\",\"isPartOf\":{\"@id\":\"https:\\\/\\\/www.bohinj.si\\\/en\\\/#website\"},\"primaryImageOfPage\":{\"@id\":\"https:\\\/\\\/www.bohinj.si\\\/en\\\/product\\\/high-mountain-archaeological-trail-vogel\\\/#primaryimage\"},\"image\":{\"@id\":\"https:\\\/\\\/www.bohinj.si\\\/en\\\/product\\\/high-mountain-archaeological-trail-vogel\\\/#primaryimage\"},\"thumbnailUrl\":\"https:\\\/\\\/www.bohinj.si\\\/wp-content\\\/uploads\\\/2022\\\/05\\\/vogel_05.jpg\",\"datePublished\":\"2022-05-15T23:13:19+00:00\",\"dateModified\":\"2025-08-18T14:03:04+00:00\",\"breadcrumb\":{\"@id\":\"https:\\\/\\\/www.bohinj.si\\\/en\\\/product\\\/high-mountain-archaeological-trail-vogel\\\/#breadcrumb\"},\"inLanguage\":\"en-US\",\"potentialAction\":[{\"@type\":\"ReadAction\",\"target\":[\"https:\\\/\\\/www.bohinj.si\\\/en\\\/product\\\/high-mountain-archaeological-trail-vogel\\\/\"]}]},{\"@type\":\"ImageObject\",\"inLanguage\":\"en-US\",\"@id\":\"https:\\\/\\\/www.bohinj.si\\\/en\\\/product\\\/high-mountain-archaeological-trail-vogel\\\/#primaryimage\",\"url\":\"https:\\\/\\\/www.bohinj.si\\\/wp-content\\\/uploads\\\/2022\\\/05\\\/vogel_05.jpg\",\"contentUrl\":\"https:\\\/\\\/www.bohinj.si\\\/wp-content\\\/uploads\\\/2022\\\/05\\\/vogel_05.jpg\",\"width\":800,\"height\":533},{\"@type\":\"BreadcrumbList\",\"@id\":\"https:\\\/\\\/www.bohinj.si\\\/en\\\/product\\\/high-mountain-archaeological-trail-vogel\\\/#breadcrumb\",\"itemListElement\":[{\"@type\":\"ListItem\",\"position\":1,\"name\":\"Domov\",\"item\":\"https:\\\/\\\/www.bohinj.si\\\/en\\\/bohinj-home\\\/\"},{\"@type\":\"ListItem\",\"position\":2,\"name\":\"Trgovina\",\"item\":\"https:\\\/\\\/www.bohinj.si\\\/trgovina\\\/\"},{\"@type\":\"ListItem\",\"position\":3,\"name\":\"High-mountain archaeological trail: Vogel\"}]},{\"@type\":\"WebSite\",\"@id\":\"https:\\\/\\\/www.bohinj.si\\\/en\\\/#website\",\"url\":\"https:\\\/\\\/www.bohinj.si\\\/en\\\/\",\"name\":\"Bohinj - uradna stran destinacije - TNP, Julijske Alpe, Bohinjsko jezero\",\"description\":\"Bohinj je zelena oaza v osr\u010dju Triglavskega narodnega parka. Idealno izhodi\u0161\u010de za pohodni\u0161tvo, kolesarjenje, ribolov, smu\u010danje, tek na smu\u010deh ...\",\"publisher\":{\"@id\":\"https:\\\/\\\/www.bohinj.si\\\/en\\\/#organization\"},\"potentialAction\":[{\"@type\":\"SearchAction\",\"target\":{\"@type\":\"EntryPoint\",\"urlTemplate\":\"https:\\\/\\\/www.bohinj.si\\\/en\\\/?s={search_term_string}\"},\"query-input\":{\"@type\":\"PropertyValueSpecification\",\"valueRequired\":true,\"valueName\":\"search_term_string\"}}],\"inLanguage\":\"en-US\"},{\"@type\":\"Organization\",\"@id\":\"https:\\\/\\\/www.bohinj.si\\\/en\\\/#organization\",\"name\":\"Bohinj - uradna stran destinacije - TNP, Julijske Alpe, Bohinjsko jezero\",\"url\":\"https:\\\/\\\/www.bohinj.si\\\/en\\\/\",\"logo\":{\"@type\":\"ImageObject\",\"inLanguage\":\"en-US\",\"@id\":\"https:\\\/\\\/www.bohinj.si\\\/en\\\/#\\\/schema\\\/logo\\\/image\\\/\",\"url\":\"https:\\\/\\\/www.bohinj.si\\\/wp-content\\\/uploads\\\/2021\\\/04\\\/bohinj_head_logo_slo.png\",\"contentUrl\":\"https:\\\/\\\/www.bohinj.si\\\/wp-content\\\/uploads\\\/2021\\\/04\\\/bohinj_head_logo_slo.png\",\"width\":295,\"height\":56,\"caption\":\"Bohinj - uradna stran destinacije - TNP, Julijske Alpe, Bohinjsko jezero\"},\"image\":{\"@id\":\"https:\\\/\\\/www.bohinj.si\\\/en\\\/#\\\/schema\\\/logo\\\/image\\\/\"}}]}<\/script>\n<!-- \/ Yoast SEO plugin. -->","yoast_head_json":{"title":"High-mountain archaeological trail: Vogel - Bohinj - uradna stran destinacije - TNP, Julijske Alpe, Bohinjsko jezero","robots":{"index":"index","follow":"follow","max-snippet":"max-snippet:-1","max-image-preview":"max-image-preview:large","max-video-preview":"max-video-preview:-1"},"canonical":"https:\/\/www.bohinj.si\/en\/product\/high-mountain-archaeological-trail-vogel\/","og_locale":"en_US","og_type":"article","og_title":"High-mountain archaeological trail: Vogel - Bohinj - uradna stran destinacije - TNP, Julijske Alpe, Bohinjsko jezero","og_description":"Guided tour with an archaeologist exploring high-mountain settlements A recently discovered high-altitude site of miners and shepherds, occasionally inhabited as early as the 5th century. century BC . and 9. century. The tour includes a visit to the foundations of the old hut on Prednji Vogel, the archaeological site and the ore cave on Zadnji Vogel.","og_url":"https:\/\/www.bohinj.si\/en\/product\/high-mountain-archaeological-trail-vogel\/","og_site_name":"Bohinj - uradna stran destinacije - TNP, Julijske Alpe, Bohinjsko jezero","article_modified_time":"2025-08-18T14:03:04+00:00","og_image":[{"width":800,"height":533,"url":"https:\/\/www.bohinj.si\/wp-content\/uploads\/2022\/05\/vogel_05.jpg","type":"image\/jpeg"}],"twitter_card":"summary_large_image","twitter_misc":{"Est. reading time":"1 minute"},"schema":{"@context":"https:\/\/schema.org","@graph":[{"@type":"WebPage","@id":"https:\/\/www.bohinj.si\/en\/product\/high-mountain-archaeological-trail-vogel\/","url":"https:\/\/www.bohinj.si\/en\/product\/high-mountain-archaeological-trail-vogel\/","name":"High-mountain archaeological trail: Vogel - Bohinj - uradna stran destinacije - TNP, Julijske Alpe, Bohinjsko jezero","isPartOf":{"@id":"https:\/\/www.bohinj.si\/en\/#website"},"primaryImageOfPage":{"@id":"https:\/\/www.bohinj.si\/en\/product\/high-mountain-archaeological-trail-vogel\/#primaryimage"},"image":{"@id":"https:\/\/www.bohinj.si\/en\/product\/high-mountain-archaeological-trail-vogel\/#primaryimage"},"thumbnailUrl":"https:\/\/www.bohinj.si\/wp-content\/uploads\/2022\/05\/vogel_05.jpg","datePublished":"2022-05-15T23:13:19+00:00","dateModified":"2025-08-18T14:03:04+00:00","breadcrumb":{"@id":"https:\/\/www.bohinj.si\/en\/product\/high-mountain-archaeological-trail-vogel\/#breadcrumb"},"inLanguage":"en-US","potentialAction":[{"@type":"ReadAction","target":["https:\/\/www.bohinj.si\/en\/product\/high-mountain-archaeological-trail-vogel\/"]}]},{"@type":"ImageObject","inLanguage":"en-US","@id":"https:\/\/www.bohinj.si\/en\/product\/high-mountain-archaeological-trail-vogel\/#primaryimage","url":"https:\/\/www.bohinj.si\/wp-content\/uploads\/2022\/05\/vogel_05.jpg","contentUrl":"https:\/\/www.bohinj.si\/wp-content\/uploads\/2022\/05\/vogel_05.jpg","width":800,"height":533},{"@type":"BreadcrumbList","@id":"https:\/\/www.bohinj.si\/en\/product\/high-mountain-archaeological-trail-vogel\/#breadcrumb","itemListElement":[{"@type":"ListItem","position":1,"name":"Domov","item":"https:\/\/www.bohinj.si\/en\/bohinj-home\/"},{"@type":"ListItem","position":2,"name":"Trgovina","item":"https:\/\/www.bohinj.si\/trgovina\/"},{"@type":"ListItem","position":3,"name":"High-mountain archaeological trail: Vogel"}]},{"@type":"WebSite","@id":"https:\/\/www.bohinj.si\/en\/#website","url":"https:\/\/www.bohinj.si\/en\/","name":"Bohinj - uradna stran destinacije - TNP, Julijske Alpe, Bohinjsko jezero","description":"Bohinj je zelena oaza v osr\u010dju Triglavskega narodnega parka. Idealno izhodi\u0161\u010de za pohodni\u0161tvo, kolesarjenje, ribolov, smu\u010danje, tek na smu\u010deh ...","publisher":{"@id":"https:\/\/www.bohinj.si\/en\/#organization"},"potentialAction":[{"@type":"SearchAction","target":{"@type":"EntryPoint","urlTemplate":"https:\/\/www.bohinj.si\/en\/?s={search_term_string}"},"query-input":{"@type":"PropertyValueSpecification","valueRequired":true,"valueName":"search_term_string"}}],"inLanguage":"en-US"},{"@type":"Organization","@id":"https:\/\/www.bohinj.si\/en\/#organization","name":"Bohinj - uradna stran destinacije - TNP, Julijske Alpe, Bohinjsko jezero","url":"https:\/\/www.bohinj.si\/en\/","logo":{"@type":"ImageObject","inLanguage":"en-US","@id":"https:\/\/www.bohinj.si\/en\/#\/schema\/logo\/image\/","url":"https:\/\/www.bohinj.si\/wp-content\/uploads\/2021\/04\/bohinj_head_logo_slo.png","contentUrl":"https:\/\/www.bohinj.si\/wp-content\/uploads\/2021\/04\/bohinj_head_logo_slo.png","width":295,"height":56,"caption":"Bohinj - uradna stran destinacije - TNP, Julijske Alpe, Bohinjsko jezero"},"image":{"@id":"https:\/\/www.bohinj.si\/en\/#\/schema\/logo\/image\/"}}]}},"_links":{"self":[{"href":"https:\/\/www.bohinj.si\/en\/wp-json\/wp\/v2\/product\/75943","targetHints":{"allow":["GET"]}}],"collection":[{"href":"https:\/\/www.bohinj.si\/en\/wp-json\/wp\/v2\/product"}],"about":[{"href":"https:\/\/www.bohinj.si\/en\/wp-json\/wp\/v2\/types\/product"}],"wp:featuredmedia":[{"embeddable":true,"href":"https:\/\/www.bohinj.si\/en\/wp-json\/wp\/v2\/media\/74466"}],"wp:attachment":[{"href":"https:\/\/www.bohinj.si\/en\/wp-json\/wp\/v2\/media?parent=75943"}],"wp:term":[{"taxonomy":"product_brand","embeddable":true,"href":"https:\/\/www.bohinj.si\/en\/wp-json\/wp\/v2\/product_brand?post=75943"},{"taxonomy":"product_cat","embeddable":true,"href":"https:\/\/www.bohinj.si\/en\/wp-json\/wp\/v2\/product_cat?post=75943"},{"taxonomy":"product_tag","embeddable":true,"href":"https:\/\/www.bohinj.si\/en\/wp-json\/wp\/v2\/product_tag?post=75943"}],"curies":[{"name":"wp","href":"https:\/\/api.w.org\/{rel}","templated":true}]}}