{"id":75951,"date":"2022-05-15T23:13:54","date_gmt":"2022-05-15T21:13:54","guid":{"rendered":"https:\/\/www.bohinj.si\/izdelek\/horse-riding-in-the-bohinj-mountains\/"},"modified":"2022-07-05T09:11:01","modified_gmt":"2022-07-05T07:11:01","slug":"horse-riding-in-the-bohinj-mountains","status":"publish","type":"product","link":"https:\/\/www.bohinj.si\/en\/product\/horse-riding-in-the-bohinj-mountains\/","title":{"rendered":"Horse riding in the Bohinj mountains"},"content":{"rendered":"<h3>OVERVIEW OF THE EXPERIENCE &#8220;HORSE RIDING IN THE MOUNTAINS OF BOHINJ&#8221;<\/h3>\n<ul>\n<li>Duration: 5 hours<\/li>\n<li>terrain: mainly macadam and paved woodland<\/li>\n<li>Starting point: Mrcina Ran\u010d, Studor<\/li>\n<li>prior reservation required by phone +386 (0)41 790 297<\/li>\n<li>the tour can be enriched with a tasting of pastoral delicacies by arrangement and at an extra charge<\/li>\n<\/ul>\n<h3>DESCRIPTION OF THE EXPERIENCE &#8220;HORSE RIDING IN THE MOUNTAINS OF BOHINJ&#8221;<\/h3>\n<p>The trip starts at the Mrcina Ranch, from where you ascend by road to the Uskovnica mountain. On the way to the mountain, you can enjoy the view of the lower Bohinj hills and valley. When we arrive at Uskovnica, we have our first short rest stop for horses and riders, during which time they learn more about life in the Bohinj mountains from our guide. After the horses have had a drink of water, we continue our journey to the Praprotnica mountain. Riders can have a drink or a meal in the hut if they wish. A short refreshment stop is also possible on the Praprotnica pasture.<br \/>\nWe continue to the Zajamniki pasture, where we have a longer stop of 45 minutes. It is a time for horses to rest and graze on the grass, and for riders to enjoy the beautiful views. This is the time to rest, take a short tour of the pasture or listen to the guide, who likes to talk about the mountains, mountaineering and everything that is interesting in the Bohinj environment. The conversation sometimes turns to hills, hiking tours, horses and the curiosities of life with them, and maybe even rescue operations. Robi, who will accompany you on the trail, is a member of the Bohinj Mountain Rescue Service. The history of Bohinj&#8217;s life in the mountains is also interesting, where pastoralism has not died out to this day. Zajamniki also has its own funny story about how the people from Srednja vas sold it cheap. Because of water problems on the mountain, the people of \u010ce\u0161njica bought it for just two loaves of cheese.<br \/>\nFrom Zajamniki, we descend on foot to Podjelje, where we regain our horses; we ride to Jereka, turn into \u010ce\u0161njica and return under Seno\u017eeta. Here, if you wish, you can also turn onto Seno\u017eeta. From Podjelje, it is possible to continue across the hidden and unknown plateau of Poljana, where cows graze in summer; here you have a beautiful view of the lake.<\/p>\n","protected":false},"excerpt":{"rendered":"<p>Half-day trip to the Uskovnica, Praprotnica and Zajamniki pastures.<br \/>\nThe upper valley is overlooked by picturesque mountains, where cows graze in the summer months and pastoralism is still present. First, we climb to the Uskovnica pasture, then we continue through the forests of Pokljuka to Praprotnica and to the famous Zajamniki pasture, which amaze us with their magnificent views. A tour to fill your lungs and heart with fresh mountain air. By arrangement, you can also stop at the shepherd&#8217;s for refreshments and cheese delicacies.<\/p>\n","protected":false},"featured_media":74301,"template":"","meta":{"_acf_changed":false},"product_brand":[],"product_cat":[780,911],"product_tag":[1223,1219],"class_list":{"0":"post-75951","1":"product","2":"type-product","3":"status-publish","4":"has-post-thumbnail","6":"product_cat-certifikat-bohinjsko","7":"product_cat-dozivetja-bohinjsko","8":"product_tag-druzinska-in-ustvarjalna-dozivetja","9":"product_tag-sportna-dozivetja","11":"first","12":"instock","13":"taxable","14":"shipping-taxable","15":"product-type-external"},"acf":[],"yoast_head":"<!-- This site is optimized with the Yoast SEO plugin v27.5 - https:\/\/yoast.com\/product\/yoast-seo-wordpress\/ -->\n<title>Horse riding in the Bohinj mountains - Bohinj - uradna stran destinacije - TNP, Julijske Alpe, Bohinjsko jezero<\/title>\n<meta name=\"robots\" content=\"index, follow, max-snippet:-1, max-image-preview:large, max-video-preview:-1\" \/>\n<link rel=\"canonical\" href=\"https:\/\/www.bohinj.si\/en\/product\/horse-riding-in-the-bohinj-mountains\/\" \/>\n<meta property=\"og:locale\" content=\"en_US\" \/>\n<meta property=\"og:type\" content=\"article\" \/>\n<meta property=\"og:title\" content=\"Horse riding in the Bohinj mountains - Bohinj - uradna stran destinacije - TNP, Julijske Alpe, Bohinjsko jezero\" \/>\n<meta property=\"og:description\" content=\"Half-day trip to the Uskovnica, Praprotnica and Zajamniki pastures. The upper valley is overlooked by picturesque mountains, where cows graze in the summer months and pastoralism is still present. First, we climb to the Uskovnica pasture, then we continue through the forests of Pokljuka to Praprotnica and to the famous Zajamniki pasture, which amaze us with their magnificent views. A tour to fill your lungs and heart with fresh mountain air. By arrangement, you can also stop at the shepherd&#039;s for refreshments and cheese delicacies.\" \/>\n<meta property=\"og:url\" content=\"https:\/\/www.bohinj.si\/en\/product\/horse-riding-in-the-bohinj-mountains\/\" \/>\n<meta property=\"og:site_name\" content=\"Bohinj - uradna stran destinacije - TNP, Julijske Alpe, Bohinjsko jezero\" \/>\n<meta property=\"article:modified_time\" content=\"2022-07-05T07:11:01+00:00\" \/>\n<meta property=\"og:image\" content=\"https:\/\/www.bohinj.si\/wp-content\/uploads\/2022\/05\/jahanje-mrcina.jpg\" \/>\n\t<meta property=\"og:image:width\" content=\"960\" \/>\n\t<meta property=\"og:image:height\" content=\"540\" \/>\n\t<meta property=\"og:image:type\" content=\"image\/jpeg\" \/>\n<meta name=\"twitter:card\" content=\"summary_large_image\" \/>\n<meta name=\"twitter:label1\" content=\"Est. reading time\" \/>\n\t<meta name=\"twitter:data1\" content=\"2 minutes\" \/>\n<script type=\"application\/ld+json\" class=\"yoast-schema-graph\">{\"@context\":\"https:\\\/\\\/schema.org\",\"@graph\":[{\"@type\":\"WebPage\",\"@id\":\"https:\\\/\\\/www.bohinj.si\\\/en\\\/product\\\/horse-riding-in-the-bohinj-mountains\\\/\",\"url\":\"https:\\\/\\\/www.bohinj.si\\\/en\\\/product\\\/horse-riding-in-the-bohinj-mountains\\\/\",\"name\":\"Horse riding in the Bohinj mountains - Bohinj - uradna stran destinacije - TNP, Julijske Alpe, Bohinjsko jezero\",\"isPartOf\":{\"@id\":\"https:\\\/\\\/www.bohinj.si\\\/en\\\/#website\"},\"primaryImageOfPage\":{\"@id\":\"https:\\\/\\\/www.bohinj.si\\\/en\\\/product\\\/horse-riding-in-the-bohinj-mountains\\\/#primaryimage\"},\"image\":{\"@id\":\"https:\\\/\\\/www.bohinj.si\\\/en\\\/product\\\/horse-riding-in-the-bohinj-mountains\\\/#primaryimage\"},\"thumbnailUrl\":\"https:\\\/\\\/www.bohinj.si\\\/wp-content\\\/uploads\\\/2022\\\/05\\\/jahanje-mrcina.jpg\",\"datePublished\":\"2022-05-15T21:13:54+00:00\",\"dateModified\":\"2022-07-05T07:11:01+00:00\",\"breadcrumb\":{\"@id\":\"https:\\\/\\\/www.bohinj.si\\\/en\\\/product\\\/horse-riding-in-the-bohinj-mountains\\\/#breadcrumb\"},\"inLanguage\":\"en-US\",\"potentialAction\":[{\"@type\":\"ReadAction\",\"target\":[\"https:\\\/\\\/www.bohinj.si\\\/en\\\/product\\\/horse-riding-in-the-bohinj-mountains\\\/\"]}]},{\"@type\":\"ImageObject\",\"inLanguage\":\"en-US\",\"@id\":\"https:\\\/\\\/www.bohinj.si\\\/en\\\/product\\\/horse-riding-in-the-bohinj-mountains\\\/#primaryimage\",\"url\":\"https:\\\/\\\/www.bohinj.si\\\/wp-content\\\/uploads\\\/2022\\\/05\\\/jahanje-mrcina.jpg\",\"contentUrl\":\"https:\\\/\\\/www.bohinj.si\\\/wp-content\\\/uploads\\\/2022\\\/05\\\/jahanje-mrcina.jpg\",\"width\":960,\"height\":540},{\"@type\":\"BreadcrumbList\",\"@id\":\"https:\\\/\\\/www.bohinj.si\\\/en\\\/product\\\/horse-riding-in-the-bohinj-mountains\\\/#breadcrumb\",\"itemListElement\":[{\"@type\":\"ListItem\",\"position\":1,\"name\":\"Domov\",\"item\":\"https:\\\/\\\/www.bohinj.si\\\/en\\\/bohinj-home\\\/\"},{\"@type\":\"ListItem\",\"position\":2,\"name\":\"Trgovina\",\"item\":\"https:\\\/\\\/www.bohinj.si\\\/trgovina\\\/\"},{\"@type\":\"ListItem\",\"position\":3,\"name\":\"Horse riding in the Bohinj mountains\"}]},{\"@type\":\"WebSite\",\"@id\":\"https:\\\/\\\/www.bohinj.si\\\/en\\\/#website\",\"url\":\"https:\\\/\\\/www.bohinj.si\\\/en\\\/\",\"name\":\"Bohinj - uradna stran destinacije - TNP, Julijske Alpe, Bohinjsko jezero\",\"description\":\"Bohinj je zelena oaza v osr\u010dju Triglavskega narodnega parka. Idealno izhodi\u0161\u010de za pohodni\u0161tvo, kolesarjenje, ribolov, smu\u010danje, tek na smu\u010deh ...\",\"publisher\":{\"@id\":\"https:\\\/\\\/www.bohinj.si\\\/en\\\/#organization\"},\"potentialAction\":[{\"@type\":\"SearchAction\",\"target\":{\"@type\":\"EntryPoint\",\"urlTemplate\":\"https:\\\/\\\/www.bohinj.si\\\/en\\\/?s={search_term_string}\"},\"query-input\":{\"@type\":\"PropertyValueSpecification\",\"valueRequired\":true,\"valueName\":\"search_term_string\"}}],\"inLanguage\":\"en-US\"},{\"@type\":\"Organization\",\"@id\":\"https:\\\/\\\/www.bohinj.si\\\/en\\\/#organization\",\"name\":\"Bohinj - uradna stran destinacije - TNP, Julijske Alpe, Bohinjsko jezero\",\"url\":\"https:\\\/\\\/www.bohinj.si\\\/en\\\/\",\"logo\":{\"@type\":\"ImageObject\",\"inLanguage\":\"en-US\",\"@id\":\"https:\\\/\\\/www.bohinj.si\\\/en\\\/#\\\/schema\\\/logo\\\/image\\\/\",\"url\":\"https:\\\/\\\/www.bohinj.si\\\/wp-content\\\/uploads\\\/2021\\\/04\\\/bohinj_head_logo_slo.png\",\"contentUrl\":\"https:\\\/\\\/www.bohinj.si\\\/wp-content\\\/uploads\\\/2021\\\/04\\\/bohinj_head_logo_slo.png\",\"width\":295,\"height\":56,\"caption\":\"Bohinj - uradna stran destinacije - TNP, Julijske Alpe, Bohinjsko jezero\"},\"image\":{\"@id\":\"https:\\\/\\\/www.bohinj.si\\\/en\\\/#\\\/schema\\\/logo\\\/image\\\/\"}}]}<\/script>\n<!-- \/ Yoast SEO plugin. -->","yoast_head_json":{"title":"Horse riding in the Bohinj mountains - Bohinj - uradna stran destinacije - TNP, Julijske Alpe, Bohinjsko jezero","robots":{"index":"index","follow":"follow","max-snippet":"max-snippet:-1","max-image-preview":"max-image-preview:large","max-video-preview":"max-video-preview:-1"},"canonical":"https:\/\/www.bohinj.si\/en\/product\/horse-riding-in-the-bohinj-mountains\/","og_locale":"en_US","og_type":"article","og_title":"Horse riding in the Bohinj mountains - Bohinj - uradna stran destinacije - TNP, Julijske Alpe, Bohinjsko jezero","og_description":"Half-day trip to the Uskovnica, Praprotnica and Zajamniki pastures. The upper valley is overlooked by picturesque mountains, where cows graze in the summer months and pastoralism is still present. First, we climb to the Uskovnica pasture, then we continue through the forests of Pokljuka to Praprotnica and to the famous Zajamniki pasture, which amaze us with their magnificent views. A tour to fill your lungs and heart with fresh mountain air. By arrangement, you can also stop at the shepherd's for refreshments and cheese delicacies.","og_url":"https:\/\/www.bohinj.si\/en\/product\/horse-riding-in-the-bohinj-mountains\/","og_site_name":"Bohinj - uradna stran destinacije - TNP, Julijske Alpe, Bohinjsko jezero","article_modified_time":"2022-07-05T07:11:01+00:00","og_image":[{"width":960,"height":540,"url":"https:\/\/www.bohinj.si\/wp-content\/uploads\/2022\/05\/jahanje-mrcina.jpg","type":"image\/jpeg"}],"twitter_card":"summary_large_image","twitter_misc":{"Est. reading time":"2 minutes"},"schema":{"@context":"https:\/\/schema.org","@graph":[{"@type":"WebPage","@id":"https:\/\/www.bohinj.si\/en\/product\/horse-riding-in-the-bohinj-mountains\/","url":"https:\/\/www.bohinj.si\/en\/product\/horse-riding-in-the-bohinj-mountains\/","name":"Horse riding in the Bohinj mountains - Bohinj - uradna stran destinacije - TNP, Julijske Alpe, Bohinjsko jezero","isPartOf":{"@id":"https:\/\/www.bohinj.si\/en\/#website"},"primaryImageOfPage":{"@id":"https:\/\/www.bohinj.si\/en\/product\/horse-riding-in-the-bohinj-mountains\/#primaryimage"},"image":{"@id":"https:\/\/www.bohinj.si\/en\/product\/horse-riding-in-the-bohinj-mountains\/#primaryimage"},"thumbnailUrl":"https:\/\/www.bohinj.si\/wp-content\/uploads\/2022\/05\/jahanje-mrcina.jpg","datePublished":"2022-05-15T21:13:54+00:00","dateModified":"2022-07-05T07:11:01+00:00","breadcrumb":{"@id":"https:\/\/www.bohinj.si\/en\/product\/horse-riding-in-the-bohinj-mountains\/#breadcrumb"},"inLanguage":"en-US","potentialAction":[{"@type":"ReadAction","target":["https:\/\/www.bohinj.si\/en\/product\/horse-riding-in-the-bohinj-mountains\/"]}]},{"@type":"ImageObject","inLanguage":"en-US","@id":"https:\/\/www.bohinj.si\/en\/product\/horse-riding-in-the-bohinj-mountains\/#primaryimage","url":"https:\/\/www.bohinj.si\/wp-content\/uploads\/2022\/05\/jahanje-mrcina.jpg","contentUrl":"https:\/\/www.bohinj.si\/wp-content\/uploads\/2022\/05\/jahanje-mrcina.jpg","width":960,"height":540},{"@type":"BreadcrumbList","@id":"https:\/\/www.bohinj.si\/en\/product\/horse-riding-in-the-bohinj-mountains\/#breadcrumb","itemListElement":[{"@type":"ListItem","position":1,"name":"Domov","item":"https:\/\/www.bohinj.si\/en\/bohinj-home\/"},{"@type":"ListItem","position":2,"name":"Trgovina","item":"https:\/\/www.bohinj.si\/trgovina\/"},{"@type":"ListItem","position":3,"name":"Horse riding in the Bohinj mountains"}]},{"@type":"WebSite","@id":"https:\/\/www.bohinj.si\/en\/#website","url":"https:\/\/www.bohinj.si\/en\/","name":"Bohinj - uradna stran destinacije - TNP, Julijske Alpe, Bohinjsko jezero","description":"Bohinj je zelena oaza v osr\u010dju Triglavskega narodnega parka. Idealno izhodi\u0161\u010de za pohodni\u0161tvo, kolesarjenje, ribolov, smu\u010danje, tek na smu\u010deh ...","publisher":{"@id":"https:\/\/www.bohinj.si\/en\/#organization"},"potentialAction":[{"@type":"SearchAction","target":{"@type":"EntryPoint","urlTemplate":"https:\/\/www.bohinj.si\/en\/?s={search_term_string}"},"query-input":{"@type":"PropertyValueSpecification","valueRequired":true,"valueName":"search_term_string"}}],"inLanguage":"en-US"},{"@type":"Organization","@id":"https:\/\/www.bohinj.si\/en\/#organization","name":"Bohinj - uradna stran destinacije - TNP, Julijske Alpe, Bohinjsko jezero","url":"https:\/\/www.bohinj.si\/en\/","logo":{"@type":"ImageObject","inLanguage":"en-US","@id":"https:\/\/www.bohinj.si\/en\/#\/schema\/logo\/image\/","url":"https:\/\/www.bohinj.si\/wp-content\/uploads\/2021\/04\/bohinj_head_logo_slo.png","contentUrl":"https:\/\/www.bohinj.si\/wp-content\/uploads\/2021\/04\/bohinj_head_logo_slo.png","width":295,"height":56,"caption":"Bohinj - uradna stran destinacije - TNP, Julijske Alpe, Bohinjsko jezero"},"image":{"@id":"https:\/\/www.bohinj.si\/en\/#\/schema\/logo\/image\/"}}]}},"_links":{"self":[{"href":"https:\/\/www.bohinj.si\/en\/wp-json\/wp\/v2\/product\/75951","targetHints":{"allow":["GET"]}}],"collection":[{"href":"https:\/\/www.bohinj.si\/en\/wp-json\/wp\/v2\/product"}],"about":[{"href":"https:\/\/www.bohinj.si\/en\/wp-json\/wp\/v2\/types\/product"}],"wp:featuredmedia":[{"embeddable":true,"href":"https:\/\/www.bohinj.si\/en\/wp-json\/wp\/v2\/media\/74301"}],"wp:attachment":[{"href":"https:\/\/www.bohinj.si\/en\/wp-json\/wp\/v2\/media?parent=75951"}],"wp:term":[{"taxonomy":"product_brand","embeddable":true,"href":"https:\/\/www.bohinj.si\/en\/wp-json\/wp\/v2\/product_brand?post=75951"},{"taxonomy":"product_cat","embeddable":true,"href":"https:\/\/www.bohinj.si\/en\/wp-json\/wp\/v2\/product_cat?post=75951"},{"taxonomy":"product_tag","embeddable":true,"href":"https:\/\/www.bohinj.si\/en\/wp-json\/wp\/v2\/product_tag?post=75951"}],"curies":[{"name":"wp","href":"https:\/\/api.w.org\/{rel}","templated":true}]}}