{"id":75959,"date":"2022-05-15T22:58:26","date_gmt":"2022-05-15T20:58:26","guid":{"rendered":"https:\/\/www.bohinj.si\/izdelek\/kayaking-on-slovenias-shortest-and-longest-river\/"},"modified":"2023-01-24T11:46:56","modified_gmt":"2023-01-24T10:46:56","slug":"kayaking-on-shortest-and-longest-river-in-slovenia","status":"publish","type":"product","link":"https:\/\/www.bohinj.si\/en\/product\/kayaking-on-shortest-and-longest-river-in-slovenia\/","title":{"rendered":"Kayaking on Slovenia&#8217;s shortest and longest river"},"content":{"rendered":"<h3>SHORT RIVER KAYAK TRAIL<\/h3>\n<ul>\n<li>Starting point: Lake Bohinj<\/li>\n<li>Duration: 1,5 hours<\/li>\n<li>Length: 7 km<\/li>\n<li>max number of persons: 10<\/li>\n<li>Suitable for families<\/li>\n<li>Included in the price: guiding, transport to the starting point, equipment<\/li>\n<li>Optional: tour of the cheese factory, cheese tasting or lunch in a selected tavern<\/li>\n<li>Booking: info@alpinsport.si<\/li>\n<\/ul>\n<h3>EXTEND RIVER KAYAK TRAIL<\/h3>\n<ul>\n<li>Starting point: Lake Bohinj<\/li>\n<li>Duration: 3,5 hours<\/li>\n<li>length: 17 km<\/li>\n<li>max number of persons: 10<\/li>\n<li>Suitable for families<\/li>\n<li>Included in the price: guiding, transport to the starting point, equipment<\/li>\n<li>Extra: tour of the Zupan Fish Farm and tasting or lunch in a selected restaurant<\/li>\n<li>Booking: info@alpinsport.si<\/li>\n<\/ul>\n<h3>PRICE<\/h3>\n<ul>\n<li>SHORT RIVER KAYAK TRAIL<br \/>\n37 \u20ac\/person (sit on top canoe)<br \/>\n42 \u20ac\/person (kayak)<br \/>\nIncluded: guiding, transport to the starting point, equipment<\/li>\n<li>EXTEND RIVER KAYAK TRAIL<br \/>\n47 \u20ac\/person (sit on top canoe)<br \/>\n55 \u20ac\/person (kayak)<br \/>\nIncluded: guiding, transport to the starting point, equipment<\/li>\n<\/ul>\n","protected":false},"excerpt":{"rendered":"<p>Paddle from the shortest Slovenian river to the longest.<\/p>\n<p>Lake Bohinj flows out from under the bridge as the Jezernica River. After 100 metres it joins the Mostnica stream. And this is where the Sava Bohinjka begins. Think about it, you could row all the way to the Black Sea!<br \/>\nThis time the guided experience with experienced guides will be slightly shorter.<br \/>\nYou will discover the most beautiful part of the river on the 7 km long Short River Kayak Trail, which leads you to the village of Brod, or the 17 km long Extend River Kayak Trail, where you will explore the river all the way to Soteska.<\/p>\n","protected":false},"featured_media":74283,"template":"","meta":{"_acf_changed":false,"_price":"","_stock":"","_tribe_ticket_header":"","_tribe_default_ticket_provider":"","_tribe_ticket_capacity":"0","_ticket_start_date":"","_ticket_end_date":"","_tribe_ticket_show_description":"","_tribe_ticket_show_not_going":false,"_tribe_ticket_use_global_stock":"","_tribe_ticket_global_stock_level":"","_global_stock_mode":"","_global_stock_cap":"","_tribe_rsvp_for_event":"","_tribe_ticket_going_count":"","_tribe_ticket_not_going_count":"","_tribe_tickets_list":"[]","_tribe_ticket_has_attendee_info_fields":false,"_tec_slr_enabled":"","_tec_slr_layout":""},"product_brand":[],"product_cat":[824,1097],"product_tag":[1229],"class_list":{"0":"post-75959","1":"product","2":"type-product","3":"status-publish","4":"has-post-thumbnail","6":"product_cat-bohinjsko-from-bohinj-certificate","7":"product_cat-experience-bohinjsko-from-bohinj","8":"product_tag-sportna-dozivetja-en","10":"first","11":"instock","12":"taxable","13":"shipping-taxable","14":"product-type-external"},"acf":[],"yoast_head":"<!-- This site is optimized with the Yoast SEO plugin v27.3 - https:\/\/yoast.com\/product\/yoast-seo-wordpress\/ -->\n<title>Kayaking on Slovenia&#039;s shortest and longest river - Bohinj - uradna stran destinacije - TNP, Julijske Alpe, Bohinjsko jezero<\/title>\n<meta name=\"robots\" content=\"index, follow, max-snippet:-1, max-image-preview:large, max-video-preview:-1\" \/>\n<link rel=\"canonical\" href=\"https:\/\/www.bohinj.si\/en\/product\/kayaking-on-shortest-and-longest-river-in-slovenia\/\" \/>\n<meta property=\"og:locale\" content=\"en_US\" \/>\n<meta property=\"og:type\" content=\"article\" \/>\n<meta property=\"og:title\" content=\"Kayaking on Slovenia&#039;s shortest and longest river - Bohinj - uradna stran destinacije - TNP, Julijske Alpe, Bohinjsko jezero\" \/>\n<meta property=\"og:description\" content=\"Paddle from the shortest Slovenian river to the longest. Lake Bohinj flows out from under the bridge as the Jezernica River. After 100 metres it joins the Mostnica stream. And this is where the Sava Bohinjka begins. Think about it, you could row all the way to the Black Sea! This time the guided experience with experienced guides will be slightly shorter. You will discover the most beautiful part of the river on the 7 km long Short River Kayak Trail, which leads you to the village of Brod, or the 17 km long Extend River Kayak Trail, where you will explore the river all the way to Soteska.\" \/>\n<meta property=\"og:url\" content=\"https:\/\/www.bohinj.si\/en\/product\/kayaking-on-shortest-and-longest-river-in-slovenia\/\" \/>\n<meta property=\"og:site_name\" content=\"Bohinj - uradna stran destinacije - TNP, Julijske Alpe, Bohinjsko jezero\" \/>\n<meta property=\"article:modified_time\" content=\"2023-01-24T10:46:56+00:00\" \/>\n<meta property=\"og:image\" content=\"https:\/\/www.bohinj.si\/wp-content\/uploads\/2022\/05\/kajak.jpg\" \/>\n\t<meta property=\"og:image:width\" content=\"1024\" \/>\n\t<meta property=\"og:image:height\" content=\"635\" \/>\n\t<meta property=\"og:image:type\" content=\"image\/jpeg\" \/>\n<meta name=\"twitter:card\" content=\"summary_large_image\" \/>\n<meta name=\"twitter:label1\" content=\"Est. reading time\" \/>\n\t<meta name=\"twitter:data1\" content=\"1 minute\" \/>\n<script type=\"application\/ld+json\" class=\"yoast-schema-graph\">{\"@context\":\"https:\\\/\\\/schema.org\",\"@graph\":[{\"@type\":\"WebPage\",\"@id\":\"https:\\\/\\\/www.bohinj.si\\\/en\\\/product\\\/kayaking-on-shortest-and-longest-river-in-slovenia\\\/\",\"url\":\"https:\\\/\\\/www.bohinj.si\\\/en\\\/product\\\/kayaking-on-shortest-and-longest-river-in-slovenia\\\/\",\"name\":\"Kayaking on Slovenia's shortest and longest river - Bohinj - uradna stran destinacije - TNP, Julijske Alpe, Bohinjsko jezero\",\"isPartOf\":{\"@id\":\"https:\\\/\\\/www.bohinj.si\\\/en\\\/#website\"},\"primaryImageOfPage\":{\"@id\":\"https:\\\/\\\/www.bohinj.si\\\/en\\\/product\\\/kayaking-on-shortest-and-longest-river-in-slovenia\\\/#primaryimage\"},\"image\":{\"@id\":\"https:\\\/\\\/www.bohinj.si\\\/en\\\/product\\\/kayaking-on-shortest-and-longest-river-in-slovenia\\\/#primaryimage\"},\"thumbnailUrl\":\"https:\\\/\\\/www.bohinj.si\\\/wp-content\\\/uploads\\\/2022\\\/05\\\/kajak.jpg\",\"datePublished\":\"2022-05-15T20:58:26+00:00\",\"dateModified\":\"2023-01-24T10:46:56+00:00\",\"breadcrumb\":{\"@id\":\"https:\\\/\\\/www.bohinj.si\\\/en\\\/product\\\/kayaking-on-shortest-and-longest-river-in-slovenia\\\/#breadcrumb\"},\"inLanguage\":\"en-US\",\"potentialAction\":[{\"@type\":\"ReadAction\",\"target\":[\"https:\\\/\\\/www.bohinj.si\\\/en\\\/product\\\/kayaking-on-shortest-and-longest-river-in-slovenia\\\/\"]}]},{\"@type\":\"ImageObject\",\"inLanguage\":\"en-US\",\"@id\":\"https:\\\/\\\/www.bohinj.si\\\/en\\\/product\\\/kayaking-on-shortest-and-longest-river-in-slovenia\\\/#primaryimage\",\"url\":\"https:\\\/\\\/www.bohinj.si\\\/wp-content\\\/uploads\\\/2022\\\/05\\\/kajak.jpg\",\"contentUrl\":\"https:\\\/\\\/www.bohinj.si\\\/wp-content\\\/uploads\\\/2022\\\/05\\\/kajak.jpg\",\"width\":1024,\"height\":635},{\"@type\":\"BreadcrumbList\",\"@id\":\"https:\\\/\\\/www.bohinj.si\\\/en\\\/product\\\/kayaking-on-shortest-and-longest-river-in-slovenia\\\/#breadcrumb\",\"itemListElement\":[{\"@type\":\"ListItem\",\"position\":1,\"name\":\"Domov\",\"item\":\"https:\\\/\\\/www.bohinj.si\\\/en\\\/bohinj-home\\\/\"},{\"@type\":\"ListItem\",\"position\":2,\"name\":\"Trgovina\",\"item\":\"https:\\\/\\\/www.bohinj.si\\\/trgovina\\\/\"},{\"@type\":\"ListItem\",\"position\":3,\"name\":\"Kayaking on Slovenia&#8217;s shortest and longest river\"}]},{\"@type\":\"WebSite\",\"@id\":\"https:\\\/\\\/www.bohinj.si\\\/en\\\/#website\",\"url\":\"https:\\\/\\\/www.bohinj.si\\\/en\\\/\",\"name\":\"Bohinj - uradna stran destinacije - TNP, Julijske Alpe, Bohinjsko jezero\",\"description\":\"Bohinj je zelena oaza v osr\u010dju Triglavskega narodnega parka. Idealno izhodi\u0161\u010de za pohodni\u0161tvo, kolesarjenje, ribolov, smu\u010danje, tek na smu\u010deh ...\",\"publisher\":{\"@id\":\"https:\\\/\\\/www.bohinj.si\\\/en\\\/#organization\"},\"potentialAction\":[{\"@type\":\"SearchAction\",\"target\":{\"@type\":\"EntryPoint\",\"urlTemplate\":\"https:\\\/\\\/www.bohinj.si\\\/en\\\/?s={search_term_string}\"},\"query-input\":{\"@type\":\"PropertyValueSpecification\",\"valueRequired\":true,\"valueName\":\"search_term_string\"}}],\"inLanguage\":\"en-US\"},{\"@type\":\"Organization\",\"@id\":\"https:\\\/\\\/www.bohinj.si\\\/en\\\/#organization\",\"name\":\"Bohinj - uradna stran destinacije - TNP, Julijske Alpe, Bohinjsko jezero\",\"url\":\"https:\\\/\\\/www.bohinj.si\\\/en\\\/\",\"logo\":{\"@type\":\"ImageObject\",\"inLanguage\":\"en-US\",\"@id\":\"https:\\\/\\\/www.bohinj.si\\\/en\\\/#\\\/schema\\\/logo\\\/image\\\/\",\"url\":\"https:\\\/\\\/www.bohinj.si\\\/wp-content\\\/uploads\\\/2021\\\/04\\\/bohinj_head_logo_slo.png\",\"contentUrl\":\"https:\\\/\\\/www.bohinj.si\\\/wp-content\\\/uploads\\\/2021\\\/04\\\/bohinj_head_logo_slo.png\",\"width\":295,\"height\":56,\"caption\":\"Bohinj - uradna stran destinacije - TNP, Julijske Alpe, Bohinjsko jezero\"},\"image\":{\"@id\":\"https:\\\/\\\/www.bohinj.si\\\/en\\\/#\\\/schema\\\/logo\\\/image\\\/\"}}]}<\/script>\n<!-- \/ Yoast SEO plugin. -->","yoast_head_json":{"title":"Kayaking on Slovenia's shortest and longest river - Bohinj - uradna stran destinacije - TNP, Julijske Alpe, Bohinjsko jezero","robots":{"index":"index","follow":"follow","max-snippet":"max-snippet:-1","max-image-preview":"max-image-preview:large","max-video-preview":"max-video-preview:-1"},"canonical":"https:\/\/www.bohinj.si\/en\/product\/kayaking-on-shortest-and-longest-river-in-slovenia\/","og_locale":"en_US","og_type":"article","og_title":"Kayaking on Slovenia's shortest and longest river - Bohinj - uradna stran destinacije - TNP, Julijske Alpe, Bohinjsko jezero","og_description":"Paddle from the shortest Slovenian river to the longest. Lake Bohinj flows out from under the bridge as the Jezernica River. After 100 metres it joins the Mostnica stream. And this is where the Sava Bohinjka begins. Think about it, you could row all the way to the Black Sea! This time the guided experience with experienced guides will be slightly shorter. You will discover the most beautiful part of the river on the 7 km long Short River Kayak Trail, which leads you to the village of Brod, or the 17 km long Extend River Kayak Trail, where you will explore the river all the way to Soteska.","og_url":"https:\/\/www.bohinj.si\/en\/product\/kayaking-on-shortest-and-longest-river-in-slovenia\/","og_site_name":"Bohinj - uradna stran destinacije - TNP, Julijske Alpe, Bohinjsko jezero","article_modified_time":"2023-01-24T10:46:56+00:00","og_image":[{"width":1024,"height":635,"url":"https:\/\/www.bohinj.si\/wp-content\/uploads\/2022\/05\/kajak.jpg","type":"image\/jpeg"}],"twitter_card":"summary_large_image","twitter_misc":{"Est. reading time":"1 minute"},"schema":{"@context":"https:\/\/schema.org","@graph":[{"@type":"WebPage","@id":"https:\/\/www.bohinj.si\/en\/product\/kayaking-on-shortest-and-longest-river-in-slovenia\/","url":"https:\/\/www.bohinj.si\/en\/product\/kayaking-on-shortest-and-longest-river-in-slovenia\/","name":"Kayaking on Slovenia's shortest and longest river - Bohinj - uradna stran destinacije - TNP, Julijske Alpe, Bohinjsko jezero","isPartOf":{"@id":"https:\/\/www.bohinj.si\/en\/#website"},"primaryImageOfPage":{"@id":"https:\/\/www.bohinj.si\/en\/product\/kayaking-on-shortest-and-longest-river-in-slovenia\/#primaryimage"},"image":{"@id":"https:\/\/www.bohinj.si\/en\/product\/kayaking-on-shortest-and-longest-river-in-slovenia\/#primaryimage"},"thumbnailUrl":"https:\/\/www.bohinj.si\/wp-content\/uploads\/2022\/05\/kajak.jpg","datePublished":"2022-05-15T20:58:26+00:00","dateModified":"2023-01-24T10:46:56+00:00","breadcrumb":{"@id":"https:\/\/www.bohinj.si\/en\/product\/kayaking-on-shortest-and-longest-river-in-slovenia\/#breadcrumb"},"inLanguage":"en-US","potentialAction":[{"@type":"ReadAction","target":["https:\/\/www.bohinj.si\/en\/product\/kayaking-on-shortest-and-longest-river-in-slovenia\/"]}]},{"@type":"ImageObject","inLanguage":"en-US","@id":"https:\/\/www.bohinj.si\/en\/product\/kayaking-on-shortest-and-longest-river-in-slovenia\/#primaryimage","url":"https:\/\/www.bohinj.si\/wp-content\/uploads\/2022\/05\/kajak.jpg","contentUrl":"https:\/\/www.bohinj.si\/wp-content\/uploads\/2022\/05\/kajak.jpg","width":1024,"height":635},{"@type":"BreadcrumbList","@id":"https:\/\/www.bohinj.si\/en\/product\/kayaking-on-shortest-and-longest-river-in-slovenia\/#breadcrumb","itemListElement":[{"@type":"ListItem","position":1,"name":"Domov","item":"https:\/\/www.bohinj.si\/en\/bohinj-home\/"},{"@type":"ListItem","position":2,"name":"Trgovina","item":"https:\/\/www.bohinj.si\/trgovina\/"},{"@type":"ListItem","position":3,"name":"Kayaking on Slovenia&#8217;s shortest and longest river"}]},{"@type":"WebSite","@id":"https:\/\/www.bohinj.si\/en\/#website","url":"https:\/\/www.bohinj.si\/en\/","name":"Bohinj - uradna stran destinacije - TNP, Julijske Alpe, Bohinjsko jezero","description":"Bohinj je zelena oaza v osr\u010dju Triglavskega narodnega parka. Idealno izhodi\u0161\u010de za pohodni\u0161tvo, kolesarjenje, ribolov, smu\u010danje, tek na smu\u010deh ...","publisher":{"@id":"https:\/\/www.bohinj.si\/en\/#organization"},"potentialAction":[{"@type":"SearchAction","target":{"@type":"EntryPoint","urlTemplate":"https:\/\/www.bohinj.si\/en\/?s={search_term_string}"},"query-input":{"@type":"PropertyValueSpecification","valueRequired":true,"valueName":"search_term_string"}}],"inLanguage":"en-US"},{"@type":"Organization","@id":"https:\/\/www.bohinj.si\/en\/#organization","name":"Bohinj - uradna stran destinacije - TNP, Julijske Alpe, Bohinjsko jezero","url":"https:\/\/www.bohinj.si\/en\/","logo":{"@type":"ImageObject","inLanguage":"en-US","@id":"https:\/\/www.bohinj.si\/en\/#\/schema\/logo\/image\/","url":"https:\/\/www.bohinj.si\/wp-content\/uploads\/2021\/04\/bohinj_head_logo_slo.png","contentUrl":"https:\/\/www.bohinj.si\/wp-content\/uploads\/2021\/04\/bohinj_head_logo_slo.png","width":295,"height":56,"caption":"Bohinj - uradna stran destinacije - TNP, Julijske Alpe, Bohinjsko jezero"},"image":{"@id":"https:\/\/www.bohinj.si\/en\/#\/schema\/logo\/image\/"}}]}},"_links":{"self":[{"href":"https:\/\/www.bohinj.si\/en\/wp-json\/wp\/v2\/product\/75959","targetHints":{"allow":["GET"]}}],"collection":[{"href":"https:\/\/www.bohinj.si\/en\/wp-json\/wp\/v2\/product"}],"about":[{"href":"https:\/\/www.bohinj.si\/en\/wp-json\/wp\/v2\/types\/product"}],"wp:featuredmedia":[{"embeddable":true,"href":"https:\/\/www.bohinj.si\/en\/wp-json\/wp\/v2\/media\/74283"}],"wp:attachment":[{"href":"https:\/\/www.bohinj.si\/en\/wp-json\/wp\/v2\/media?parent=75959"}],"wp:term":[{"taxonomy":"product_brand","embeddable":true,"href":"https:\/\/www.bohinj.si\/en\/wp-json\/wp\/v2\/product_brand?post=75959"},{"taxonomy":"product_cat","embeddable":true,"href":"https:\/\/www.bohinj.si\/en\/wp-json\/wp\/v2\/product_cat?post=75959"},{"taxonomy":"product_tag","embeddable":true,"href":"https:\/\/www.bohinj.si\/en\/wp-json\/wp\/v2\/product_tag?post=75959"}],"curies":[{"name":"wp","href":"https:\/\/api.w.org\/{rel}","templated":true}]}}