{"id":75962,"date":"2022-05-15T23:30:27","date_gmt":"2022-05-15T21:30:27","guid":{"rendered":"https:\/\/www.bohinj.si\/izdelek\/fly-fishing-on-the-mostnica-brook-and-sava-bohinjka-river\/"},"modified":"2022-07-05T09:09:22","modified_gmt":"2022-07-05T07:09:22","slug":"flyfishing-on-mostnica-and-sava-bohinjka","status":"publish","type":"product","link":"https:\/\/www.bohinj.si\/en\/product\/flyfishing-on-mostnica-and-sava-bohinjka\/","title":{"rendered":"Fly fishing on the Mostnica brook and Sava Bohinjka river"},"content":{"rendered":"<h3>PROGRAME<\/h3>\n<ul>\n<li>Fly fishing on the Mostnica and Sava Bohinjka rivers approx. 8 hours<\/li>\n<li>Meet and greet at the fishmonger&#8217;s shop &#8211; toast with a honey fairy toast<\/li>\n<li>Fishing licence for the Mostnica district (includes the possibility to fish on the Sava Bohinjka for the same day)<\/li>\n<li>Professionally trained companion<\/li>\n<li>Lunch or dinner in a Bohinj-branded restaurant (on request)<\/li>\n<\/ul>\n<h3>IMPORTANT DETAILS<\/h3>\n<ul>\n<li>Types of fishing: fly fishing<\/li>\n<li>Fishing is permitted with a fly rod, one artificial fly and a barbless hook<\/li>\n<li>Fishing season: 1. 6.-14. 11.<\/li>\n<li>The district is managed by the Bohinj Fishing Family<\/li>\n<\/ul>\n","protected":false},"excerpt":{"rendered":"<p>A complete experience with a professionally trained escort<\/p>\n<p>A small gem with crystal clear water, full of troughs and waterfalls, called Mostnica. It contains only naturally wild fish specimens; brown trout, grayling and rainbow trout. Fly fishing on Mostnica is only allowed for five anglers per day and only with a catch-and-release licence.<br \/>\nBelow the outlet of Lake Bohinj, the Jezernica and Mostnica rivers join to form the fast and clear Alpine river Sava Bohinjka. The crystal-clear Alpine &#8220;\u017divahnica&#8221; is a river of several districts that joins the Sava Dolinka at Lancovo. It is dominated by salmonids such as brown trout, rainbow trout, grayling, chub and suckers. The Sava Bohinjka is not lacking in beautiful natural features, such as fast and deep pools, rapids and calm parts, where even the most demanding angler can find a part of the Sava suitable for fishing.<\/p>\n","protected":false},"featured_media":74345,"template":"","meta":{"_acf_changed":false},"product_brand":[],"product_cat":[780,911],"product_tag":[1222],"class_list":{"0":"post-75962","1":"product","2":"type-product","3":"status-publish","4":"has-post-thumbnail","6":"product_cat-certifikat-bohinjsko","7":"product_cat-dozivetja-bohinjsko","8":"product_tag-ribolov","10":"first","11":"instock","12":"taxable","13":"shipping-taxable","14":"product-type-external"},"acf":[],"yoast_head":"<!-- This site is optimized with the Yoast SEO plugin v27.5 - https:\/\/yoast.com\/product\/yoast-seo-wordpress\/ -->\n<title>Fly fishing on the Mostnica brook and Sava Bohinjka river - Bohinj - uradna stran destinacije - TNP, Julijske Alpe, Bohinjsko jezero<\/title>\n<meta name=\"robots\" content=\"index, follow, max-snippet:-1, max-image-preview:large, max-video-preview:-1\" \/>\n<link rel=\"canonical\" href=\"https:\/\/www.bohinj.si\/en\/product\/flyfishing-on-mostnica-and-sava-bohinjka\/\" \/>\n<meta property=\"og:locale\" content=\"en_US\" \/>\n<meta property=\"og:type\" content=\"article\" \/>\n<meta property=\"og:title\" content=\"Fly fishing on the Mostnica brook and Sava Bohinjka river - Bohinj - uradna stran destinacije - TNP, Julijske Alpe, Bohinjsko jezero\" \/>\n<meta property=\"og:description\" content=\"A complete experience with a professionally trained escort A small gem with crystal clear water, full of troughs and waterfalls, called Mostnica. It contains only naturally wild fish specimens; brown trout, grayling and rainbow trout. Fly fishing on Mostnica is only allowed for five anglers per day and only with a catch-and-release licence. Below the outlet of Lake Bohinj, the Jezernica and Mostnica rivers join to form the fast and clear Alpine river Sava Bohinjka. The crystal-clear Alpine &quot;\u017divahnica&quot; is a river of several districts that joins the Sava Dolinka at Lancovo. It is dominated by salmonids such as brown trout, rainbow trout, grayling, chub and suckers. The Sava Bohinjka is not lacking in beautiful natural features, such as fast and deep pools, rapids and calm parts, where even the most demanding angler can find a part of the Sava suitable for fishing.\" \/>\n<meta property=\"og:url\" content=\"https:\/\/www.bohinj.si\/en\/product\/flyfishing-on-mostnica-and-sava-bohinjka\/\" \/>\n<meta property=\"og:site_name\" content=\"Bohinj - uradna stran destinacije - TNP, Julijske Alpe, Bohinjsko jezero\" \/>\n<meta property=\"article:modified_time\" content=\"2022-07-05T07:09:22+00:00\" \/>\n<meta property=\"og:image\" content=\"https:\/\/www.bohinj.si\/wp-content\/uploads\/2022\/05\/muharjenje.jpg\" \/>\n\t<meta property=\"og:image:width\" content=\"800\" \/>\n\t<meta property=\"og:image:height\" content=\"533\" \/>\n\t<meta property=\"og:image:type\" content=\"image\/jpeg\" \/>\n<meta name=\"twitter:card\" content=\"summary_large_image\" \/>\n<script type=\"application\/ld+json\" class=\"yoast-schema-graph\">{\"@context\":\"https:\\\/\\\/schema.org\",\"@graph\":[{\"@type\":\"WebPage\",\"@id\":\"https:\\\/\\\/www.bohinj.si\\\/en\\\/product\\\/flyfishing-on-mostnica-and-sava-bohinjka\\\/\",\"url\":\"https:\\\/\\\/www.bohinj.si\\\/en\\\/product\\\/flyfishing-on-mostnica-and-sava-bohinjka\\\/\",\"name\":\"Fly fishing on the Mostnica brook and Sava Bohinjka river - Bohinj - uradna stran destinacije - TNP, Julijske Alpe, Bohinjsko jezero\",\"isPartOf\":{\"@id\":\"https:\\\/\\\/www.bohinj.si\\\/en\\\/#website\"},\"primaryImageOfPage\":{\"@id\":\"https:\\\/\\\/www.bohinj.si\\\/en\\\/product\\\/flyfishing-on-mostnica-and-sava-bohinjka\\\/#primaryimage\"},\"image\":{\"@id\":\"https:\\\/\\\/www.bohinj.si\\\/en\\\/product\\\/flyfishing-on-mostnica-and-sava-bohinjka\\\/#primaryimage\"},\"thumbnailUrl\":\"https:\\\/\\\/www.bohinj.si\\\/wp-content\\\/uploads\\\/2022\\\/05\\\/muharjenje.jpg\",\"datePublished\":\"2022-05-15T21:30:27+00:00\",\"dateModified\":\"2022-07-05T07:09:22+00:00\",\"breadcrumb\":{\"@id\":\"https:\\\/\\\/www.bohinj.si\\\/en\\\/product\\\/flyfishing-on-mostnica-and-sava-bohinjka\\\/#breadcrumb\"},\"inLanguage\":\"en-US\",\"potentialAction\":[{\"@type\":\"ReadAction\",\"target\":[\"https:\\\/\\\/www.bohinj.si\\\/en\\\/product\\\/flyfishing-on-mostnica-and-sava-bohinjka\\\/\"]}]},{\"@type\":\"ImageObject\",\"inLanguage\":\"en-US\",\"@id\":\"https:\\\/\\\/www.bohinj.si\\\/en\\\/product\\\/flyfishing-on-mostnica-and-sava-bohinjka\\\/#primaryimage\",\"url\":\"https:\\\/\\\/www.bohinj.si\\\/wp-content\\\/uploads\\\/2022\\\/05\\\/muharjenje.jpg\",\"contentUrl\":\"https:\\\/\\\/www.bohinj.si\\\/wp-content\\\/uploads\\\/2022\\\/05\\\/muharjenje.jpg\",\"width\":800,\"height\":533},{\"@type\":\"BreadcrumbList\",\"@id\":\"https:\\\/\\\/www.bohinj.si\\\/en\\\/product\\\/flyfishing-on-mostnica-and-sava-bohinjka\\\/#breadcrumb\",\"itemListElement\":[{\"@type\":\"ListItem\",\"position\":1,\"name\":\"Domov\",\"item\":\"https:\\\/\\\/www.bohinj.si\\\/en\\\/bohinj-home\\\/\"},{\"@type\":\"ListItem\",\"position\":2,\"name\":\"Trgovina\",\"item\":\"https:\\\/\\\/www.bohinj.si\\\/trgovina\\\/\"},{\"@type\":\"ListItem\",\"position\":3,\"name\":\"Fly fishing on the Mostnica brook and Sava Bohinjka river\"}]},{\"@type\":\"WebSite\",\"@id\":\"https:\\\/\\\/www.bohinj.si\\\/en\\\/#website\",\"url\":\"https:\\\/\\\/www.bohinj.si\\\/en\\\/\",\"name\":\"Bohinj - uradna stran destinacije - TNP, Julijske Alpe, Bohinjsko jezero\",\"description\":\"Bohinj je zelena oaza v osr\u010dju Triglavskega narodnega parka. Idealno izhodi\u0161\u010de za pohodni\u0161tvo, kolesarjenje, ribolov, smu\u010danje, tek na smu\u010deh ...\",\"publisher\":{\"@id\":\"https:\\\/\\\/www.bohinj.si\\\/en\\\/#organization\"},\"potentialAction\":[{\"@type\":\"SearchAction\",\"target\":{\"@type\":\"EntryPoint\",\"urlTemplate\":\"https:\\\/\\\/www.bohinj.si\\\/en\\\/?s={search_term_string}\"},\"query-input\":{\"@type\":\"PropertyValueSpecification\",\"valueRequired\":true,\"valueName\":\"search_term_string\"}}],\"inLanguage\":\"en-US\"},{\"@type\":\"Organization\",\"@id\":\"https:\\\/\\\/www.bohinj.si\\\/en\\\/#organization\",\"name\":\"Bohinj - uradna stran destinacije - TNP, Julijske Alpe, Bohinjsko jezero\",\"url\":\"https:\\\/\\\/www.bohinj.si\\\/en\\\/\",\"logo\":{\"@type\":\"ImageObject\",\"inLanguage\":\"en-US\",\"@id\":\"https:\\\/\\\/www.bohinj.si\\\/en\\\/#\\\/schema\\\/logo\\\/image\\\/\",\"url\":\"https:\\\/\\\/www.bohinj.si\\\/wp-content\\\/uploads\\\/2021\\\/04\\\/bohinj_head_logo_slo.png\",\"contentUrl\":\"https:\\\/\\\/www.bohinj.si\\\/wp-content\\\/uploads\\\/2021\\\/04\\\/bohinj_head_logo_slo.png\",\"width\":295,\"height\":56,\"caption\":\"Bohinj - uradna stran destinacije - TNP, Julijske Alpe, Bohinjsko jezero\"},\"image\":{\"@id\":\"https:\\\/\\\/www.bohinj.si\\\/en\\\/#\\\/schema\\\/logo\\\/image\\\/\"}}]}<\/script>\n<!-- \/ Yoast SEO plugin. -->","yoast_head_json":{"title":"Fly fishing on the Mostnica brook and Sava Bohinjka river - Bohinj - uradna stran destinacije - TNP, Julijske Alpe, Bohinjsko jezero","robots":{"index":"index","follow":"follow","max-snippet":"max-snippet:-1","max-image-preview":"max-image-preview:large","max-video-preview":"max-video-preview:-1"},"canonical":"https:\/\/www.bohinj.si\/en\/product\/flyfishing-on-mostnica-and-sava-bohinjka\/","og_locale":"en_US","og_type":"article","og_title":"Fly fishing on the Mostnica brook and Sava Bohinjka river - Bohinj - uradna stran destinacije - TNP, Julijske Alpe, Bohinjsko jezero","og_description":"A complete experience with a professionally trained escort A small gem with crystal clear water, full of troughs and waterfalls, called Mostnica. It contains only naturally wild fish specimens; brown trout, grayling and rainbow trout. Fly fishing on Mostnica is only allowed for five anglers per day and only with a catch-and-release licence. Below the outlet of Lake Bohinj, the Jezernica and Mostnica rivers join to form the fast and clear Alpine river Sava Bohinjka. The crystal-clear Alpine \"\u017divahnica\" is a river of several districts that joins the Sava Dolinka at Lancovo. It is dominated by salmonids such as brown trout, rainbow trout, grayling, chub and suckers. The Sava Bohinjka is not lacking in beautiful natural features, such as fast and deep pools, rapids and calm parts, where even the most demanding angler can find a part of the Sava suitable for fishing.","og_url":"https:\/\/www.bohinj.si\/en\/product\/flyfishing-on-mostnica-and-sava-bohinjka\/","og_site_name":"Bohinj - uradna stran destinacije - TNP, Julijske Alpe, Bohinjsko jezero","article_modified_time":"2022-07-05T07:09:22+00:00","og_image":[{"width":800,"height":533,"url":"https:\/\/www.bohinj.si\/wp-content\/uploads\/2022\/05\/muharjenje.jpg","type":"image\/jpeg"}],"twitter_card":"summary_large_image","schema":{"@context":"https:\/\/schema.org","@graph":[{"@type":"WebPage","@id":"https:\/\/www.bohinj.si\/en\/product\/flyfishing-on-mostnica-and-sava-bohinjka\/","url":"https:\/\/www.bohinj.si\/en\/product\/flyfishing-on-mostnica-and-sava-bohinjka\/","name":"Fly fishing on the Mostnica brook and Sava Bohinjka river - Bohinj - uradna stran destinacije - TNP, Julijske Alpe, Bohinjsko jezero","isPartOf":{"@id":"https:\/\/www.bohinj.si\/en\/#website"},"primaryImageOfPage":{"@id":"https:\/\/www.bohinj.si\/en\/product\/flyfishing-on-mostnica-and-sava-bohinjka\/#primaryimage"},"image":{"@id":"https:\/\/www.bohinj.si\/en\/product\/flyfishing-on-mostnica-and-sava-bohinjka\/#primaryimage"},"thumbnailUrl":"https:\/\/www.bohinj.si\/wp-content\/uploads\/2022\/05\/muharjenje.jpg","datePublished":"2022-05-15T21:30:27+00:00","dateModified":"2022-07-05T07:09:22+00:00","breadcrumb":{"@id":"https:\/\/www.bohinj.si\/en\/product\/flyfishing-on-mostnica-and-sava-bohinjka\/#breadcrumb"},"inLanguage":"en-US","potentialAction":[{"@type":"ReadAction","target":["https:\/\/www.bohinj.si\/en\/product\/flyfishing-on-mostnica-and-sava-bohinjka\/"]}]},{"@type":"ImageObject","inLanguage":"en-US","@id":"https:\/\/www.bohinj.si\/en\/product\/flyfishing-on-mostnica-and-sava-bohinjka\/#primaryimage","url":"https:\/\/www.bohinj.si\/wp-content\/uploads\/2022\/05\/muharjenje.jpg","contentUrl":"https:\/\/www.bohinj.si\/wp-content\/uploads\/2022\/05\/muharjenje.jpg","width":800,"height":533},{"@type":"BreadcrumbList","@id":"https:\/\/www.bohinj.si\/en\/product\/flyfishing-on-mostnica-and-sava-bohinjka\/#breadcrumb","itemListElement":[{"@type":"ListItem","position":1,"name":"Domov","item":"https:\/\/www.bohinj.si\/en\/bohinj-home\/"},{"@type":"ListItem","position":2,"name":"Trgovina","item":"https:\/\/www.bohinj.si\/trgovina\/"},{"@type":"ListItem","position":3,"name":"Fly fishing on the Mostnica brook and Sava Bohinjka river"}]},{"@type":"WebSite","@id":"https:\/\/www.bohinj.si\/en\/#website","url":"https:\/\/www.bohinj.si\/en\/","name":"Bohinj - uradna stran destinacije - TNP, Julijske Alpe, Bohinjsko jezero","description":"Bohinj je zelena oaza v osr\u010dju Triglavskega narodnega parka. Idealno izhodi\u0161\u010de za pohodni\u0161tvo, kolesarjenje, ribolov, smu\u010danje, tek na smu\u010deh ...","publisher":{"@id":"https:\/\/www.bohinj.si\/en\/#organization"},"potentialAction":[{"@type":"SearchAction","target":{"@type":"EntryPoint","urlTemplate":"https:\/\/www.bohinj.si\/en\/?s={search_term_string}"},"query-input":{"@type":"PropertyValueSpecification","valueRequired":true,"valueName":"search_term_string"}}],"inLanguage":"en-US"},{"@type":"Organization","@id":"https:\/\/www.bohinj.si\/en\/#organization","name":"Bohinj - uradna stran destinacije - TNP, Julijske Alpe, Bohinjsko jezero","url":"https:\/\/www.bohinj.si\/en\/","logo":{"@type":"ImageObject","inLanguage":"en-US","@id":"https:\/\/www.bohinj.si\/en\/#\/schema\/logo\/image\/","url":"https:\/\/www.bohinj.si\/wp-content\/uploads\/2021\/04\/bohinj_head_logo_slo.png","contentUrl":"https:\/\/www.bohinj.si\/wp-content\/uploads\/2021\/04\/bohinj_head_logo_slo.png","width":295,"height":56,"caption":"Bohinj - uradna stran destinacije - TNP, Julijske Alpe, Bohinjsko jezero"},"image":{"@id":"https:\/\/www.bohinj.si\/en\/#\/schema\/logo\/image\/"}}]}},"_links":{"self":[{"href":"https:\/\/www.bohinj.si\/en\/wp-json\/wp\/v2\/product\/75962","targetHints":{"allow":["GET"]}}],"collection":[{"href":"https:\/\/www.bohinj.si\/en\/wp-json\/wp\/v2\/product"}],"about":[{"href":"https:\/\/www.bohinj.si\/en\/wp-json\/wp\/v2\/types\/product"}],"wp:featuredmedia":[{"embeddable":true,"href":"https:\/\/www.bohinj.si\/en\/wp-json\/wp\/v2\/media\/74345"}],"wp:attachment":[{"href":"https:\/\/www.bohinj.si\/en\/wp-json\/wp\/v2\/media?parent=75962"}],"wp:term":[{"taxonomy":"product_brand","embeddable":true,"href":"https:\/\/www.bohinj.si\/en\/wp-json\/wp\/v2\/product_brand?post=75962"},{"taxonomy":"product_cat","embeddable":true,"href":"https:\/\/www.bohinj.si\/en\/wp-json\/wp\/v2\/product_cat?post=75962"},{"taxonomy":"product_tag","embeddable":true,"href":"https:\/\/www.bohinj.si\/en\/wp-json\/wp\/v2\/product_tag?post=75962"}],"curies":[{"name":"wp","href":"https:\/\/api.w.org\/{rel}","templated":true}]}}